{"id":1256,"date":"2023-06-29T10:17:07","date_gmt":"2023-06-29T08:17:07","guid":{"rendered":"https:\/\/xn--pferdundpftchen-itb.de\/woocommerce\/?post_type=product&#038;p=1256"},"modified":"2023-06-29T10:17:07","modified_gmt":"2023-06-29T08:17:07","slug":"suessholzwurzel","status":"publish","type":"product","link":"https:\/\/xn--pferdundpftchen-itb.de\/woocommerce\/produkt\/suessholzwurzel\/","title":{"rendered":"S\u00fc\u00dfholzwurzel"},"content":{"rendered":"<p>Die S\u00fc\u00dfholzwurzel ist ein wirkungsvolles Antioxidanz, das zur Beruhigung von Schleimh\u00e4uten im Verdauungs- und Atemwegsbereich eingesetzt wird. Enth\u00e4lt mehr als 40 verschiedene Flavonoide.<br \/>\nS\u00fc\u00dfholzwurzel beruhigt die Magen- und Darmschleimh\u00e4ute, aber auch angegriffene Bronchien. Nachgewiesen wurde eine antibakterielle und antimycotische Wirkung. Klinisch belegt ist auch eine entz\u00fcndungshemmende und krampfl\u00f6sende Wirkung. Bei Magen- und Darmproblemen, insbes. bei Magengeschw\u00fcren, verst\u00e4rken Sie die Wirkung mit Anis- K\u00fcmmel-Fenchel. <\/p>\n<p>Zusammensetzung: 100 % S\u00fc\u00dfholzwurzel, geschnitten.<\/p>\n<p>F\u00fctterungsempfehlung: Mischen Sie, je nach Gr\u00f6\u00dfe des Pferdes, t\u00e4glich 1 bis 3 geh\u00e4ufte Essl\u00f6ffel S\u00fc\u00dfholzwurzel von PerNaturam unter das Futter.<br \/>\nBesser noch: Die Wurzelst\u00fccke mit Wasser und etwas Essig aufkochen und den Sud sowie die Wurzelst\u00fccke \u00fcber das Heu oder ins Futter geben. Anis-K\u00fcmmel-Fenchel mit einem Sud aus S\u00fc\u00dfholz mischen.<\/p>\n","protected":false},"excerpt":{"rendered":"<p>Die S\u00fc\u00dfholzwurzel ist ein wirkungsvolles Antioxidanz, das zur Beruhigung von Schleimh\u00e4uten im Verdauungs- und Atemwegsbereich eingesetzt wird. Enth\u00e4lt mehr als 40 verschiedene Flavonoide. S\u00fc\u00dfholzwurzel beruhigt die Magen- und Darmschleimh\u00e4ute, aber auch angegriffene Bronchien. Nachgewiesen wurde eine antibakterielle und antimycotische Wirkung. Klinisch belegt ist auch eine entz\u00fcndungshemmende und krampfl\u00f6sende Wirkung. Bei Magen- und Darmproblemen, insbes. bei [&hellip;]<\/p>\n","protected":false},"featured_media":860,"comment_status":"open","ping_status":"closed","template":"","meta":[],"product_brand":[],"product_cat":[15,35,33],"product_tag":[],"class_list":{"0":"post-1256","1":"product","2":"type-product","3":"status-publish","4":"has-post-thumbnail","6":"product_cat-pferd","7":"product_cat-atemwege-lunge","8":"product_cat-magen-verdauung-pferd","10":"first","11":"instock","12":"taxable","13":"shipping-taxable","14":"purchasable","15":"product-type-variable"},"jetpack_sharing_enabled":true,"_links":{"self":[{"href":"https:\/\/xn--pferdundpftchen-itb.de\/woocommerce\/wp-json\/wp\/v2\/product\/1256","targetHints":{"allow":["GET"]}}],"collection":[{"href":"https:\/\/xn--pferdundpftchen-itb.de\/woocommerce\/wp-json\/wp\/v2\/product"}],"about":[{"href":"https:\/\/xn--pferdundpftchen-itb.de\/woocommerce\/wp-json\/wp\/v2\/types\/product"}],"replies":[{"embeddable":true,"href":"https:\/\/xn--pferdundpftchen-itb.de\/woocommerce\/wp-json\/wp\/v2\/comments?post=1256"}],"wp:featuredmedia":[{"embeddable":true,"href":"https:\/\/xn--pferdundpftchen-itb.de\/woocommerce\/wp-json\/wp\/v2\/media\/860"}],"wp:attachment":[{"href":"https:\/\/xn--pferdundpftchen-itb.de\/woocommerce\/wp-json\/wp\/v2\/media?parent=1256"}],"wp:term":[{"taxonomy":"product_brand","embeddable":true,"href":"https:\/\/xn--pferdundpftchen-itb.de\/woocommerce\/wp-json\/wp\/v2\/product_brand?post=1256"},{"taxonomy":"product_cat","embeddable":true,"href":"https:\/\/xn--pferdundpftchen-itb.de\/woocommerce\/wp-json\/wp\/v2\/product_cat?post=1256"},{"taxonomy":"product_tag","embeddable":true,"href":"https:\/\/xn--pferdundpftchen-itb.de\/woocommerce\/wp-json\/wp\/v2\/product_tag?post=1256"}],"curies":[{"name":"wp","href":"https:\/\/api.w.org\/{rel}","templated":true}]}}