{"id":1258,"date":"2023-06-29T10:19:54","date_gmt":"2023-06-29T08:19:54","guid":{"rendered":"https:\/\/xn--pferdundpftchen-itb.de\/woocommerce\/?post_type=product&#038;p=1258"},"modified":"2023-06-29T10:19:54","modified_gmt":"2023-06-29T08:19:54","slug":"teufelskralle","status":"publish","type":"product","link":"https:\/\/xn--pferdundpftchen-itb.de\/woocommerce\/produkt\/teufelskralle\/","title":{"rendered":"Teufelskralle"},"content":{"rendered":"<p>Teufelskralle von PerNaturam stammt aus nachhaltiger Wildsammlung, die die Best\u00e4nde pflegt und erh\u00e4lt und dadurch Arbeitspl\u00e4tze sichert. Sie zeichnet sich zudem durch eine besondere Qualit\u00e4t aus.<br \/>\nAfrikanische Teufelskralle st\u00e4rkt die Gelenke, kann die Gelenkmatrix gl\u00e4tten, lindert den Arthroseschmerz und verbessert die Beweglichkeit. Teufelskralle verhilft wieder zu geschmeidigeren Bewegungen.<\/p>\n<p>Zusammensetzung: 100 % Teufelskralle, geschnitten.<\/p>\n<p>F\u00fctterungsempfehlung: Mischen Sie, je nach Gr\u00f6\u00dfe des Pferdes, t\u00e4glich 1 bis 3 geh\u00e4ufte Essl\u00f6ffel Teufelskralle von PerNaturam unter das Futter (10 bis 30 g).<\/p>\n","protected":false},"excerpt":{"rendered":"<p>Teufelskralle von PerNaturam stammt aus nachhaltiger Wildsammlung, die die Best\u00e4nde pflegt und erh\u00e4lt und dadurch Arbeitspl\u00e4tze sichert. Sie zeichnet sich zudem durch eine besondere Qualit\u00e4t aus. Afrikanische Teufelskralle st\u00e4rkt die Gelenke, kann die Gelenkmatrix gl\u00e4tten, lindert den Arthroseschmerz und verbessert die Beweglichkeit. Teufelskralle verhilft wieder zu geschmeidigeren Bewegungen. Zusammensetzung: 100 % Teufelskralle, geschnitten. F\u00fctterungsempfehlung: Mischen [&hellip;]<\/p>\n","protected":false},"featured_media":862,"comment_status":"open","ping_status":"closed","template":"","meta":[],"product_brand":[],"product_cat":[15,53],"product_tag":[],"class_list":{"0":"post-1258","1":"product","2":"type-product","3":"status-publish","4":"has-post-thumbnail","6":"product_cat-pferd","7":"product_cat-gelenke-bewegungsapparat-pferd","9":"first","10":"instock","11":"taxable","12":"shipping-taxable","13":"purchasable","14":"product-type-variable"},"jetpack_sharing_enabled":true,"_links":{"self":[{"href":"https:\/\/xn--pferdundpftchen-itb.de\/woocommerce\/wp-json\/wp\/v2\/product\/1258","targetHints":{"allow":["GET"]}}],"collection":[{"href":"https:\/\/xn--pferdundpftchen-itb.de\/woocommerce\/wp-json\/wp\/v2\/product"}],"about":[{"href":"https:\/\/xn--pferdundpftchen-itb.de\/woocommerce\/wp-json\/wp\/v2\/types\/product"}],"replies":[{"embeddable":true,"href":"https:\/\/xn--pferdundpftchen-itb.de\/woocommerce\/wp-json\/wp\/v2\/comments?post=1258"}],"wp:featuredmedia":[{"embeddable":true,"href":"https:\/\/xn--pferdundpftchen-itb.de\/woocommerce\/wp-json\/wp\/v2\/media\/862"}],"wp:attachment":[{"href":"https:\/\/xn--pferdundpftchen-itb.de\/woocommerce\/wp-json\/wp\/v2\/media?parent=1258"}],"wp:term":[{"taxonomy":"product_brand","embeddable":true,"href":"https:\/\/xn--pferdundpftchen-itb.de\/woocommerce\/wp-json\/wp\/v2\/product_brand?post=1258"},{"taxonomy":"product_cat","embeddable":true,"href":"https:\/\/xn--pferdundpftchen-itb.de\/woocommerce\/wp-json\/wp\/v2\/product_cat?post=1258"},{"taxonomy":"product_tag","embeddable":true,"href":"https:\/\/xn--pferdundpftchen-itb.de\/woocommerce\/wp-json\/wp\/v2\/product_tag?post=1258"}],"curies":[{"name":"wp","href":"https:\/\/api.w.org\/{rel}","templated":true}]}}