{"id":1260,"date":"2023-06-29T10:22:39","date_gmt":"2023-06-29T08:22:39","guid":{"rendered":"https:\/\/xn--pferdundpftchen-itb.de\/woocommerce\/?post_type=product&#038;p=1260"},"modified":"2023-06-29T10:22:39","modified_gmt":"2023-06-29T08:22:39","slug":"thymian","status":"publish","type":"product","link":"https:\/\/xn--pferdundpftchen-itb.de\/woocommerce\/produkt\/thymian\/","title":{"rendered":"Thymian"},"content":{"rendered":"<p>F\u00fcr freie Atemwege ist der Thymian altbew\u00e4hrt und nie vergessen. Weniger bekannt ist seine starke keimt\u00f6tende Wirkung. Er wird immer h\u00e4ufiger als Alternative zu Antibiotika eingesetzt.<br \/>\nDurch den hohen Anteil \u00e4therischer \u00d6le wirkt der Thymian im Bereich der Bronchien ebenso wie im Bereich der Verdauung. Besonders zu empfehlen bei Gaskoliken. Thymian vertreibt auch Parasiten aus dem Darm. Bei Atemwegsproblemen, vor allem bei tiefsitzendem Schleim EquiLichmet, Aerob-\u00d6l und Aerob-Spray einsetzen. \u00dcber einen l\u00e4ngeren Zeitraum Bronchosan-Kr\u00e4uter f\u00fcttern. <\/p>\n<p>Zusammensetzung: 100 % Thymian, gerebelt.<\/p>\n<p>F\u00fctterungsempfehlung: Mischen Sie, je nach Gr\u00f6\u00dfe des Pferdes, t\u00e4glich 1 bis 3 geh\u00e4ufte Essl\u00f6ffel Thymian von PerNaturam unter das Heu oder das Mash. Sie k\u00f6nnen ihn auch als Tee verabreichen.<\/p>\n","protected":false},"excerpt":{"rendered":"<p>F\u00fcr freie Atemwege ist der Thymian altbew\u00e4hrt und nie vergessen. Weniger bekannt ist seine starke keimt\u00f6tende Wirkung. Er wird immer h\u00e4ufiger als Alternative zu Antibiotika eingesetzt. Durch den hohen Anteil \u00e4therischer \u00d6le wirkt der Thymian im Bereich der Bronchien ebenso wie im Bereich der Verdauung. Besonders zu empfehlen bei Gaskoliken. Thymian vertreibt auch Parasiten aus [&hellip;]<\/p>\n","protected":false},"featured_media":863,"comment_status":"open","ping_status":"closed","template":"","meta":[],"product_brand":[],"product_cat":[15,39,35,33],"product_tag":[],"class_list":{"0":"post-1260","1":"product","2":"type-product","3":"status-publish","4":"has-post-thumbnail","6":"product_cat-pferd","7":"product_cat-parasiten-pferd","8":"product_cat-atemwege-lunge","9":"product_cat-magen-verdauung-pferd","11":"first","12":"instock","13":"taxable","14":"shipping-taxable","15":"purchasable","16":"product-type-variable"},"jetpack_sharing_enabled":true,"_links":{"self":[{"href":"https:\/\/xn--pferdundpftchen-itb.de\/woocommerce\/wp-json\/wp\/v2\/product\/1260","targetHints":{"allow":["GET"]}}],"collection":[{"href":"https:\/\/xn--pferdundpftchen-itb.de\/woocommerce\/wp-json\/wp\/v2\/product"}],"about":[{"href":"https:\/\/xn--pferdundpftchen-itb.de\/woocommerce\/wp-json\/wp\/v2\/types\/product"}],"replies":[{"embeddable":true,"href":"https:\/\/xn--pferdundpftchen-itb.de\/woocommerce\/wp-json\/wp\/v2\/comments?post=1260"}],"wp:featuredmedia":[{"embeddable":true,"href":"https:\/\/xn--pferdundpftchen-itb.de\/woocommerce\/wp-json\/wp\/v2\/media\/863"}],"wp:attachment":[{"href":"https:\/\/xn--pferdundpftchen-itb.de\/woocommerce\/wp-json\/wp\/v2\/media?parent=1260"}],"wp:term":[{"taxonomy":"product_brand","embeddable":true,"href":"https:\/\/xn--pferdundpftchen-itb.de\/woocommerce\/wp-json\/wp\/v2\/product_brand?post=1260"},{"taxonomy":"product_cat","embeddable":true,"href":"https:\/\/xn--pferdundpftchen-itb.de\/woocommerce\/wp-json\/wp\/v2\/product_cat?post=1260"},{"taxonomy":"product_tag","embeddable":true,"href":"https:\/\/xn--pferdundpftchen-itb.de\/woocommerce\/wp-json\/wp\/v2\/product_tag?post=1260"}],"curies":[{"name":"wp","href":"https:\/\/api.w.org\/{rel}","templated":true}]}}