{"id":1262,"date":"2024-03-05T13:34:12","date_gmt":"2024-03-05T12:34:12","guid":{"rendered":"https:\/\/xn--pferdundpftchen-itb.de\/woocommerce\/?post_type=product&#038;p=1262"},"modified":"2025-01-17T11:33:10","modified_gmt":"2025-01-17T10:33:10","slug":"toscana-mischung","status":"publish","type":"product","link":"https:\/\/xn--pferdundpftchen-itb.de\/woocommerce\/produkt\/toscana-mischung\/","title":{"rendered":"Toscana Mischung"},"content":{"rendered":"<p><strong>Toscana Kr\u00e4uter \u2013 Aromatische Unterst\u00fctzung f\u00fcr die Verdauung<\/strong><\/p>\n<p>Die w\u00fcrzig duftende Kr\u00e4utermischung <strong>Toscana Kr\u00e4uter<\/strong> bietet nat\u00fcrliche Unterst\u00fctzung f\u00fcr die Verdauung und Darmgesundheit Deines Pferdes. Die sorgf\u00e4ltig ausgew\u00e4hlten Kr\u00e4uter sind reich an \u00e4therischen \u00d6len und f\u00f6rdern die Sekretion der Verdauungss\u00e4fte, um die erw\u00fcnschte Darmflora zu st\u00e4rken.<\/p>\n<p><strong>Vorteile im \u00dcberblick:<\/strong><\/p>\n<ul>\n<li><strong>F\u00f6rdert die Verdauung:<\/strong> Unterst\u00fctzt die Bildung von Verdauungss\u00e4ften und eine gesunde Darmfunktion.<\/li>\n<li><strong>Reich an \u00e4therischen \u00d6len:<\/strong> Die aromatischen Kr\u00e4uter helfen dabei, Keime und Pilze im Darm in ihrer Entwicklung zu hemmen.<\/li>\n<li><strong>Nat\u00fcrliche Darmflora-Unterst\u00fctzung:<\/strong> F\u00f6rdert das Gleichgewicht der erw\u00fcnschten Darmbakterien f\u00fcr eine optimale Verdauung.<\/li>\n<li><strong>W\u00fcrziger Duft &amp; milder Geschmack:<\/strong> Wird von Pferden gerne aufgenommen und bereichert den Speiseplan auf nat\u00fcrliche Weise.<\/li>\n<\/ul>\n<p>Die <strong>Toscana Kr\u00e4uter<\/strong> von PerNaturam vereinen die nat\u00fcrliche Kraft mediterraner Pflanzen, um die Verdauung Deines Pferdes auf sanfte und effektive Weise zu unterst\u00fctzen.<\/p>\n<p>Setze auf die Kraft der Natur \u2013 mit den <strong>Toscana Kr\u00e4utern<\/strong> f\u00fcr eine gesunde Verdauung und ein zufriedenes Pferd!<\/p>\n<p>Zusammensetzung: Basilikum, Bohnenkraut, Thymian, Salbei, Rosmarin, Orangenschale, Olivenbl\u00e4tter.<\/p>\n<p>F\u00fctterungsempfehlung: T\u00e4glich 30 bis 50 g Toscana Mischung von PerNaturamzum Futter dazugeben, am besten \u00fcber einen Zeitraum von vier Wochen oder im w\u00f6chentlichen Wechsel mit anderen PerNaturam Kr\u00e4utermischungen.<\/p>\n","protected":false},"excerpt":{"rendered":"<p>Toscana Kr\u00e4uter \u2013 Aromatische Unterst\u00fctzung f\u00fcr die Verdauung Die w\u00fcrzig duftende Kr\u00e4utermischung Toscana Kr\u00e4uter bietet nat\u00fcrliche Unterst\u00fctzung f\u00fcr die Verdauung und Darmgesundheit Deines Pferdes. Die sorgf\u00e4ltig ausgew\u00e4hlten Kr\u00e4uter sind reich an \u00e4therischen \u00d6len und f\u00f6rdern die Sekretion der Verdauungss\u00e4fte, um die erw\u00fcnschte Darmflora zu st\u00e4rken. Vorteile im \u00dcberblick: F\u00f6rdert die Verdauung: Unterst\u00fctzt die Bildung von [&hellip;]<\/p>\n","protected":false},"featured_media":865,"comment_status":"open","ping_status":"closed","template":"","meta":[],"product_brand":[],"product_cat":[15,47,33],"product_tag":[],"class_list":{"0":"post-1262","1":"product","2":"type-product","3":"status-publish","4":"has-post-thumbnail","6":"product_cat-pferd","7":"product_cat-grundversorgung-pferd","8":"product_cat-magen-verdauung-pferd","10":"first","11":"instock","12":"taxable","13":"shipping-taxable","14":"purchasable","15":"product-type-variable"},"jetpack_sharing_enabled":true,"_links":{"self":[{"href":"https:\/\/xn--pferdundpftchen-itb.de\/woocommerce\/wp-json\/wp\/v2\/product\/1262","targetHints":{"allow":["GET"]}}],"collection":[{"href":"https:\/\/xn--pferdundpftchen-itb.de\/woocommerce\/wp-json\/wp\/v2\/product"}],"about":[{"href":"https:\/\/xn--pferdundpftchen-itb.de\/woocommerce\/wp-json\/wp\/v2\/types\/product"}],"replies":[{"embeddable":true,"href":"https:\/\/xn--pferdundpftchen-itb.de\/woocommerce\/wp-json\/wp\/v2\/comments?post=1262"}],"wp:featuredmedia":[{"embeddable":true,"href":"https:\/\/xn--pferdundpftchen-itb.de\/woocommerce\/wp-json\/wp\/v2\/media\/865"}],"wp:attachment":[{"href":"https:\/\/xn--pferdundpftchen-itb.de\/woocommerce\/wp-json\/wp\/v2\/media?parent=1262"}],"wp:term":[{"taxonomy":"product_brand","embeddable":true,"href":"https:\/\/xn--pferdundpftchen-itb.de\/woocommerce\/wp-json\/wp\/v2\/product_brand?post=1262"},{"taxonomy":"product_cat","embeddable":true,"href":"https:\/\/xn--pferdundpftchen-itb.de\/woocommerce\/wp-json\/wp\/v2\/product_cat?post=1262"},{"taxonomy":"product_tag","embeddable":true,"href":"https:\/\/xn--pferdundpftchen-itb.de\/woocommerce\/wp-json\/wp\/v2\/product_tag?post=1262"}],"curies":[{"name":"wp","href":"https:\/\/api.w.org\/{rel}","templated":true}]}}