{"id":1272,"date":"2023-06-29T10:50:59","date_gmt":"2023-06-29T08:50:59","guid":{"rendered":"https:\/\/xn--pferdundpftchen-itb.de\/woocommerce\/?post_type=product&#038;p=1272"},"modified":"2025-01-17T11:55:03","modified_gmt":"2025-01-17T10:55:03","slug":"wermexil","status":"publish","type":"product","link":"https:\/\/xn--pferdundpftchen-itb.de\/woocommerce\/produkt\/wermexil\/","title":{"rendered":"WermExil"},"content":{"rendered":"<p><strong>Werm-Exil Kr\u00e4utermischung \u2013 Nat\u00fcrliche Unterst\u00fctzung f\u00fcr eine gesunde Darmflora<\/strong><\/p>\n<p>Die <strong>Werm-Exil Kr\u00e4utermischung<\/strong> bietet Hunden eine faserreiche, bittere Kr\u00e4uterkombination, die das Darmmilieu nachhaltig st\u00e4rkt und unterst\u00fctzt. Die spezielle Rezeptur hilft dabei, W\u00fcrmer auszutreiben und sorgt f\u00fcr eine nat\u00fcrliche Schutzschicht gegen Parasiten. Gleichzeitig werden die Darmflora und die Darmschleimhaut gest\u00e4rkt, um langfristig ein widerstandsf\u00e4higes Verdauungssystem zu f\u00f6rdern.<\/p>\n<p><strong>Vorteile im \u00dcberblick:<\/strong><\/p>\n<ul>\n<li><strong>Faserreiche Kr\u00e4uter:<\/strong> Unterst\u00fctzen die Darmt\u00e4tigkeit und f\u00f6rdern eine gesunde Verdauung.<\/li>\n<li><strong>Nat\u00fcrlich wurmfeindliches Milieu:<\/strong> Ver\u00e4ndert das Darmmilieu, sodass W\u00fcrmer und Parasiten keine Chance haben.<\/li>\n<li><strong>St\u00e4rkt die Darmschleimhaut:<\/strong> Unterst\u00fctzt den Aufbau einer nat\u00fcrlichen Schutzbarriere im Darm.<\/li>\n<li><strong>Sanft und nat\u00fcrlich:<\/strong> Eine pflanzliche Alternative, um die Abwehrkraft des Darms zu st\u00e4rken.<\/li>\n<\/ul>\n<p>Mit der <strong>Werm-Exil Kr\u00e4utermischung<\/strong> gibst Du Deinem Hund die nat\u00fcrliche Unterst\u00fctzung, die er f\u00fcr eine gesunde Darmflora und ein starkes Immunsystem braucht.<\/p>\n<p>Sorge f\u00fcr ein stabiles und wurmfreies Darmmilieu \u2013 mit der <strong>Werm-Exil Kr\u00e4utermischung von PerNaturam<\/strong>!<\/p>\n<p>Zusammensetzung: 30 % Wilder Wermut, Hagebuttenkerne, Kokosraspeln, Strahlenlose Kamille, Origanum und Thymian.<\/p>\n<p>F\u00fctterungsempfehlung: WermExil zusammen mit einer kleinen Menge seines Lieblingsfutters anbieten. An drei Tagen hintereinander f\u00fcttern und nach 1 Woche wiederholen.<br \/>\n5 kg K\u00f6rpergewicht = 1 Messl\u00f6ffel<br \/>\n15 kg K\u00f6rpergewicht = 2-3 Messl\u00f6ffel<br \/>\n30 kg K\u00f6rpergewicht = 3-4 Messl\u00f6ffel<br \/>\n40 kg K\u00f6rpergewicht = 4-5 Messl\u00f6ffel<br \/>\nDer Messl\u00f6ffel fasst 5 g<\/p>\n","protected":false},"excerpt":{"rendered":"<p>Werm-Exil Kr\u00e4utermischung \u2013 Nat\u00fcrliche Unterst\u00fctzung f\u00fcr eine gesunde Darmflora Die Werm-Exil Kr\u00e4utermischung bietet Hunden eine faserreiche, bittere Kr\u00e4uterkombination, die das Darmmilieu nachhaltig st\u00e4rkt und unterst\u00fctzt. Die spezielle Rezeptur hilft dabei, W\u00fcrmer auszutreiben und sorgt f\u00fcr eine nat\u00fcrliche Schutzschicht gegen Parasiten. Gleichzeitig werden die Darmflora und die Darmschleimhaut gest\u00e4rkt, um langfristig ein widerstandsf\u00e4higes Verdauungssystem zu f\u00f6rdern. [&hellip;]<\/p>\n","protected":false},"featured_media":872,"comment_status":"open","ping_status":"closed","template":"","meta":[],"product_brand":[],"product_cat":[20,37,28],"product_tag":[],"class_list":{"0":"post-1272","1":"product","2":"type-product","3":"status-publish","4":"has-post-thumbnail","6":"product_cat-hund","7":"product_cat-parasiten","8":"product_cat-magen-verdauung","10":"first","11":"instock","12":"taxable","13":"shipping-taxable","14":"purchasable","15":"product-type-variable"},"jetpack_sharing_enabled":true,"_links":{"self":[{"href":"https:\/\/xn--pferdundpftchen-itb.de\/woocommerce\/wp-json\/wp\/v2\/product\/1272","targetHints":{"allow":["GET"]}}],"collection":[{"href":"https:\/\/xn--pferdundpftchen-itb.de\/woocommerce\/wp-json\/wp\/v2\/product"}],"about":[{"href":"https:\/\/xn--pferdundpftchen-itb.de\/woocommerce\/wp-json\/wp\/v2\/types\/product"}],"replies":[{"embeddable":true,"href":"https:\/\/xn--pferdundpftchen-itb.de\/woocommerce\/wp-json\/wp\/v2\/comments?post=1272"}],"wp:featuredmedia":[{"embeddable":true,"href":"https:\/\/xn--pferdundpftchen-itb.de\/woocommerce\/wp-json\/wp\/v2\/media\/872"}],"wp:attachment":[{"href":"https:\/\/xn--pferdundpftchen-itb.de\/woocommerce\/wp-json\/wp\/v2\/media?parent=1272"}],"wp:term":[{"taxonomy":"product_brand","embeddable":true,"href":"https:\/\/xn--pferdundpftchen-itb.de\/woocommerce\/wp-json\/wp\/v2\/product_brand?post=1272"},{"taxonomy":"product_cat","embeddable":true,"href":"https:\/\/xn--pferdundpftchen-itb.de\/woocommerce\/wp-json\/wp\/v2\/product_cat?post=1272"},{"taxonomy":"product_tag","embeddable":true,"href":"https:\/\/xn--pferdundpftchen-itb.de\/woocommerce\/wp-json\/wp\/v2\/product_tag?post=1272"}],"curies":[{"name":"wp","href":"https:\/\/api.w.org\/{rel}","templated":true}]}}