{"id":1280,"date":"2023-06-29T10:58:51","date_gmt":"2023-06-29T08:58:51","guid":{"rendered":"https:\/\/xn--pferdundpftchen-itb.de\/woocommerce\/?post_type=product&#038;p=1280"},"modified":"2025-01-17T11:56:53","modified_gmt":"2025-01-17T10:56:53","slug":"wildbeeren","status":"publish","type":"product","link":"https:\/\/xn--pferdundpftchen-itb.de\/woocommerce\/produkt\/wildbeeren\/","title":{"rendered":"Wildbeeren"},"content":{"rendered":"<p><strong>Wildbeeren \u2013 Nat\u00fcrliche Vielfalt f\u00fcr Dein Pferd<\/strong><\/p>\n<p>Wildbeeren sind eine wertvolle Erg\u00e4nzung im Speiseplan Deines Pferdes und bringen den Reichtum des Herbstes direkt ins Futter. Diese nat\u00fcrlichen K\u00f6stlichkeiten sind nicht nur lecker, sondern auch reich an wichtigen N\u00e4hrstoffen und Vitalstoffen wie Vitamin C, Beta-Carotin und Vitamin K. Besonders die Pektine aus den Fr\u00fcchten tragen dazu bei, die Darmschleimhaut zu sch\u00fctzen und zu st\u00e4rken.<\/p>\n<p><strong>Vorteile im \u00dcberblick:<\/strong><\/p>\n<ul>\n<li><strong>Nat\u00fcrliche N\u00e4hrstoffquelle:<\/strong> Versorgt den K\u00f6rper Deines Pferdes mit wertvollen Vitaminen und Vitalstoffen.<\/li>\n<li><strong>Schutz f\u00fcr die Darmschleimhaut:<\/strong> Die enthaltenen Pektine unterst\u00fctzen die Gesundheit der Darmflora.<\/li>\n<li><strong>Lecker und gesund:<\/strong> Eine k\u00f6stliche Erg\u00e4nzung, die zugleich die nat\u00fcrliche Abwehr st\u00e4rkt.<\/li>\n<\/ul>\n<p>Mit den <strong>Wildbeeren<\/strong> von PerNaturam gibst Du Deinem Pferd eine nat\u00fcrliche und gesunde Belohnung, die nicht nur schmeckt, sondern auch zur Gesundheit und Vitalit\u00e4t beitr\u00e4gt.<\/p>\n<p>Erlebe die Kraft der Natur \u2013 mit den <strong>Wildbeeren f\u00fcr Pferde<\/strong> von PerNaturam!<\/p>\n<p>Zusammensetzung: Hagebutten mit Kernen, Heidelbeeren, Holunder-Beeren, Berberitzen, Schwarze Johannisbeeren, Sanddorn-Fr\u00fcchte, Ebereschenbeeren, Wacholderbeeren und Wei\u00dfdorn-Fr\u00fcchte.<\/p>\n<p>F\u00fctterungsempfehlung: t\u00e4glich eine Handvoll unter das Futter mischen.<\/p>\n","protected":false},"excerpt":{"rendered":"<p>Wildbeeren \u2013 Nat\u00fcrliche Vielfalt f\u00fcr Dein Pferd Wildbeeren sind eine wertvolle Erg\u00e4nzung im Speiseplan Deines Pferdes und bringen den Reichtum des Herbstes direkt ins Futter. Diese nat\u00fcrlichen K\u00f6stlichkeiten sind nicht nur lecker, sondern auch reich an wichtigen N\u00e4hrstoffen und Vitalstoffen wie Vitamin C, Beta-Carotin und Vitamin K. Besonders die Pektine aus den Fr\u00fcchten tragen dazu [&hellip;]<\/p>\n","protected":false},"featured_media":874,"comment_status":"open","ping_status":"closed","template":"","meta":[],"product_brand":[],"product_cat":[15,70,36,33],"product_tag":[],"class_list":{"0":"post-1280","1":"product","2":"type-product","3":"status-publish","4":"has-post-thumbnail","6":"product_cat-pferd","7":"product_cat-mineralstoffe-pferd","8":"product_cat-immunsystem-pferd","9":"product_cat-magen-verdauung-pferd","11":"first","12":"instock","13":"taxable","14":"shipping-taxable","15":"purchasable","16":"product-type-variable"},"jetpack_sharing_enabled":true,"_links":{"self":[{"href":"https:\/\/xn--pferdundpftchen-itb.de\/woocommerce\/wp-json\/wp\/v2\/product\/1280","targetHints":{"allow":["GET"]}}],"collection":[{"href":"https:\/\/xn--pferdundpftchen-itb.de\/woocommerce\/wp-json\/wp\/v2\/product"}],"about":[{"href":"https:\/\/xn--pferdundpftchen-itb.de\/woocommerce\/wp-json\/wp\/v2\/types\/product"}],"replies":[{"embeddable":true,"href":"https:\/\/xn--pferdundpftchen-itb.de\/woocommerce\/wp-json\/wp\/v2\/comments?post=1280"}],"wp:featuredmedia":[{"embeddable":true,"href":"https:\/\/xn--pferdundpftchen-itb.de\/woocommerce\/wp-json\/wp\/v2\/media\/874"}],"wp:attachment":[{"href":"https:\/\/xn--pferdundpftchen-itb.de\/woocommerce\/wp-json\/wp\/v2\/media?parent=1280"}],"wp:term":[{"taxonomy":"product_brand","embeddable":true,"href":"https:\/\/xn--pferdundpftchen-itb.de\/woocommerce\/wp-json\/wp\/v2\/product_brand?post=1280"},{"taxonomy":"product_cat","embeddable":true,"href":"https:\/\/xn--pferdundpftchen-itb.de\/woocommerce\/wp-json\/wp\/v2\/product_cat?post=1280"},{"taxonomy":"product_tag","embeddable":true,"href":"https:\/\/xn--pferdundpftchen-itb.de\/woocommerce\/wp-json\/wp\/v2\/product_tag?post=1280"}],"curies":[{"name":"wp","href":"https:\/\/api.w.org\/{rel}","templated":true}]}}