{"id":1282,"date":"2023-06-29T11:02:10","date_gmt":"2023-06-29T09:02:10","guid":{"rendered":"https:\/\/xn--pferdundpftchen-itb.de\/woocommerce\/?post_type=product&#038;p=1282"},"modified":"2025-02-10T11:31:31","modified_gmt":"2025-02-10T10:31:31","slug":"apfelpellets","status":"publish","type":"product","link":"https:\/\/xn--pferdundpftchen-itb.de\/woocommerce\/produkt\/apfelpellets\/","title":{"rendered":"Apfelpellets"},"content":{"rendered":"<p>Apfelgranulat und Apfelpellets sind reich an Pektinen, die Bakterien, deren Toxine und Wasser binden, was zur Entlastung des gest\u00f6rten Darms f\u00fchrt. Aufgrund ihres hohen Rohfasergehaltes und der geringen Energie, sind Apfelpellets von PerNaturam auch gut geeignet, bei Pferden, die kein Kraftfutter bekommen sollen, den Futterneid zu unterbinden. Sie k\u00f6nnen auch als gesunde Abwechslung dem Kraftfutter beigemischt werden oder als Basis f\u00fcr ein selbst hergestelltes M\u00fcsli dienen. Sehr beliebt sind sie als Leckerlies.<br \/>\nDer nat\u00fcrliche, hier voll erhaltenen Pektingehalt der \u00c4pfel sowie das Quellverm\u00f6gen tr\u00e4gt zur Regulierung der Darmt\u00e4tigkeit und der Darmflora bei.<\/p>\n<p>Zusammensetzung: Zu 100% aus schonend entsafteten \u00c4pfeln<\/p>\n<p>F\u00fctterungsempfehlung: Geben Sie je nach Gr\u00f6\u00dfe des Pferde zwischen 50 und 100 g als Futtererg\u00e4nzung und 500 g t\u00e4glich im Rahmen einer Therapie,<br \/>\nPerNaturam Apfelpellets werden auch gerne als Leckerli gefressen.<\/p>\n","protected":false},"excerpt":{"rendered":"<p>Apfelgranulat und Apfelpellets sind reich an Pektinen, die Bakterien, deren Toxine und Wasser binden, was zur Entlastung des gest\u00f6rten Darms f\u00fchrt. Aufgrund ihres hohen Rohfasergehaltes und der geringen Energie, sind Apfelpellets von PerNaturam auch gut geeignet, bei Pferden, die kein Kraftfutter bekommen sollen, den Futterneid zu unterbinden. Sie k\u00f6nnen auch als gesunde Abwechslung dem Kraftfutter [&hellip;]<\/p>\n","protected":false},"featured_media":697,"comment_status":"open","ping_status":"closed","template":"","meta":[],"product_brand":[],"product_cat":[15,47,65,33],"product_tag":[],"class_list":{"0":"post-1282","1":"product","2":"type-product","3":"status-publish","4":"has-post-thumbnail","6":"product_cat-pferd","7":"product_cat-grundversorgung-pferd","8":"product_cat-leckerlies-snacks","9":"product_cat-magen-verdauung-pferd","11":"first","12":"instock","13":"taxable","14":"shipping-taxable","15":"purchasable","16":"product-type-variable"},"jetpack_sharing_enabled":true,"_links":{"self":[{"href":"https:\/\/xn--pferdundpftchen-itb.de\/woocommerce\/wp-json\/wp\/v2\/product\/1282","targetHints":{"allow":["GET"]}}],"collection":[{"href":"https:\/\/xn--pferdundpftchen-itb.de\/woocommerce\/wp-json\/wp\/v2\/product"}],"about":[{"href":"https:\/\/xn--pferdundpftchen-itb.de\/woocommerce\/wp-json\/wp\/v2\/types\/product"}],"replies":[{"embeddable":true,"href":"https:\/\/xn--pferdundpftchen-itb.de\/woocommerce\/wp-json\/wp\/v2\/comments?post=1282"}],"wp:featuredmedia":[{"embeddable":true,"href":"https:\/\/xn--pferdundpftchen-itb.de\/woocommerce\/wp-json\/wp\/v2\/media\/697"}],"wp:attachment":[{"href":"https:\/\/xn--pferdundpftchen-itb.de\/woocommerce\/wp-json\/wp\/v2\/media?parent=1282"}],"wp:term":[{"taxonomy":"product_brand","embeddable":true,"href":"https:\/\/xn--pferdundpftchen-itb.de\/woocommerce\/wp-json\/wp\/v2\/product_brand?post=1282"},{"taxonomy":"product_cat","embeddable":true,"href":"https:\/\/xn--pferdundpftchen-itb.de\/woocommerce\/wp-json\/wp\/v2\/product_cat?post=1282"},{"taxonomy":"product_tag","embeddable":true,"href":"https:\/\/xn--pferdundpftchen-itb.de\/woocommerce\/wp-json\/wp\/v2\/product_tag?post=1282"}],"curies":[{"name":"wp","href":"https:\/\/api.w.org\/{rel}","templated":true}]}}