{"id":1333,"date":"2023-06-29T13:30:11","date_gmt":"2023-06-29T11:30:11","guid":{"rendered":"https:\/\/xn--pferdundpftchen-itb.de\/woocommerce\/?post_type=product&#038;p=1333"},"modified":"2023-06-29T13:30:11","modified_gmt":"2023-06-29T11:30:11","slug":"futtertube-wiederbefuellbar","status":"publish","type":"product","link":"https:\/\/xn--pferdundpftchen-itb.de\/woocommerce\/produkt\/futtertube-wiederbefuellbar\/","title":{"rendered":"Futtertube, wiederbef\u00fcllbar"},"content":{"rendered":"<p>Aus lebensmittelechtem Silikon f\u00fcr effektives Hundetraining. Einfach mit Nassfutter, Leberwurst oder anderen Leckereien bef\u00fcllen und los geht\u2019s zum Training. Durch die handliche Gr\u00f6\u00dfe passt die Futtertube in jede Kackentasche und eignet sich besonders gut f\u00fcr R\u00fcckruftraining, Bei-Fu\u00df-Laufen oder auch zur Ablenkung in Stresssituationen. Die Futtertube ist weich und flexibel und erm\u00f6glicht so eine einfache Dosierung. <\/p>\n<p>Farbe: schwarz<br \/>\nF\u00fcllverm\u00f6gen: 60ml<\/p>\n","protected":false},"excerpt":{"rendered":"<p>Aus lebensmittelechtem Silikon f\u00fcr effektives Hundetraining. Einfach mit Nassfutter, Leberwurst oder anderen Leckereien bef\u00fcllen und los geht\u2019s zum Training. Durch die handliche Gr\u00f6\u00dfe passt die Futtertube in jede Kackentasche und eignet sich besonders gut f\u00fcr R\u00fcckruftraining, Bei-Fu\u00df-Laufen oder auch zur Ablenkung in Stresssituationen. Die Futtertube ist weich und flexibel und erm\u00f6glicht so eine einfache Dosierung. [&hellip;]<\/p>\n","protected":false},"featured_media":895,"comment_status":"open","ping_status":"closed","template":"","meta":[],"product_brand":[],"product_cat":[20,79],"product_tag":[],"class_list":{"0":"post-1333","1":"product","2":"type-product","3":"status-publish","4":"has-post-thumbnail","6":"product_cat-hund","7":"product_cat-zubehoer","9":"first","10":"instock","11":"taxable","12":"shipping-taxable","13":"purchasable","14":"product-type-simple"},"jetpack_sharing_enabled":true,"_links":{"self":[{"href":"https:\/\/xn--pferdundpftchen-itb.de\/woocommerce\/wp-json\/wp\/v2\/product\/1333","targetHints":{"allow":["GET"]}}],"collection":[{"href":"https:\/\/xn--pferdundpftchen-itb.de\/woocommerce\/wp-json\/wp\/v2\/product"}],"about":[{"href":"https:\/\/xn--pferdundpftchen-itb.de\/woocommerce\/wp-json\/wp\/v2\/types\/product"}],"replies":[{"embeddable":true,"href":"https:\/\/xn--pferdundpftchen-itb.de\/woocommerce\/wp-json\/wp\/v2\/comments?post=1333"}],"wp:featuredmedia":[{"embeddable":true,"href":"https:\/\/xn--pferdundpftchen-itb.de\/woocommerce\/wp-json\/wp\/v2\/media\/895"}],"wp:attachment":[{"href":"https:\/\/xn--pferdundpftchen-itb.de\/woocommerce\/wp-json\/wp\/v2\/media?parent=1333"}],"wp:term":[{"taxonomy":"product_brand","embeddable":true,"href":"https:\/\/xn--pferdundpftchen-itb.de\/woocommerce\/wp-json\/wp\/v2\/product_brand?post=1333"},{"taxonomy":"product_cat","embeddable":true,"href":"https:\/\/xn--pferdundpftchen-itb.de\/woocommerce\/wp-json\/wp\/v2\/product_cat?post=1333"},{"taxonomy":"product_tag","embeddable":true,"href":"https:\/\/xn--pferdundpftchen-itb.de\/woocommerce\/wp-json\/wp\/v2\/product_tag?post=1333"}],"curies":[{"name":"wp","href":"https:\/\/api.w.org\/{rel}","templated":true}]}}