{"id":1334,"date":"2023-06-29T13:34:51","date_gmt":"2023-06-29T11:34:51","guid":{"rendered":"https:\/\/xn--pferdundpftchen-itb.de\/woocommerce\/?post_type=product&#038;p=1334"},"modified":"2023-06-29T13:34:51","modified_gmt":"2023-06-29T11:34:51","slug":"martin-ruetter-riegel-rind","status":"publish","type":"product","link":"https:\/\/xn--pferdundpftchen-itb.de\/woocommerce\/produkt\/martin-ruetter-riegel-rind\/","title":{"rendered":"Martin R\u00fctter Riegel Rind"},"content":{"rendered":"<p>Riegel aus frischem Fleisch mit weicher Konstistenz. L\u00e4sst sich leicht durchbrechen und so auch portionieren. Ohne Zus\u00e4tze wie Mais, Weizen, Soja, Farbstoffe, Konservierungsstoffe, Fleischmehle oder andere F\u00fcllstoffe. Made in Germany.<\/p>\n<p>Im praktischen, wiederverschlie\u00dfbaren Beutel. <\/p>\n<p>Zusammensetzung: 95% Rindfleisch, 5% nat\u00fcrliches pflanzliches Glycerin<\/p>\n","protected":false},"excerpt":{"rendered":"<p>Riegel aus frischem Fleisch mit weicher Konstistenz. L\u00e4sst sich leicht durchbrechen und so auch portionieren. Ohne Zus\u00e4tze wie Mais, Weizen, Soja, Farbstoffe, Konservierungsstoffe, Fleischmehle oder andere F\u00fcllstoffe. Made in Germany. Im praktischen, wiederverschlie\u00dfbaren Beutel. Zusammensetzung: 95% Rindfleisch, 5% nat\u00fcrliches pflanzliches Glycerin<\/p>\n","protected":false},"featured_media":900,"comment_status":"open","ping_status":"closed","template":"","meta":[],"product_brand":[],"product_cat":[20,68],"product_tag":[],"class_list":{"0":"post-1334","1":"product","2":"type-product","3":"status-publish","4":"has-post-thumbnail","6":"product_cat-hund","7":"product_cat-leckerlies-snacks-hund","9":"first","10":"instock","11":"taxable","12":"shipping-taxable","13":"purchasable","14":"product-type-variable"},"jetpack_sharing_enabled":true,"_links":{"self":[{"href":"https:\/\/xn--pferdundpftchen-itb.de\/woocommerce\/wp-json\/wp\/v2\/product\/1334","targetHints":{"allow":["GET"]}}],"collection":[{"href":"https:\/\/xn--pferdundpftchen-itb.de\/woocommerce\/wp-json\/wp\/v2\/product"}],"about":[{"href":"https:\/\/xn--pferdundpftchen-itb.de\/woocommerce\/wp-json\/wp\/v2\/types\/product"}],"replies":[{"embeddable":true,"href":"https:\/\/xn--pferdundpftchen-itb.de\/woocommerce\/wp-json\/wp\/v2\/comments?post=1334"}],"wp:featuredmedia":[{"embeddable":true,"href":"https:\/\/xn--pferdundpftchen-itb.de\/woocommerce\/wp-json\/wp\/v2\/media\/900"}],"wp:attachment":[{"href":"https:\/\/xn--pferdundpftchen-itb.de\/woocommerce\/wp-json\/wp\/v2\/media?parent=1334"}],"wp:term":[{"taxonomy":"product_brand","embeddable":true,"href":"https:\/\/xn--pferdundpftchen-itb.de\/woocommerce\/wp-json\/wp\/v2\/product_brand?post=1334"},{"taxonomy":"product_cat","embeddable":true,"href":"https:\/\/xn--pferdundpftchen-itb.de\/woocommerce\/wp-json\/wp\/v2\/product_cat?post=1334"},{"taxonomy":"product_tag","embeddable":true,"href":"https:\/\/xn--pferdundpftchen-itb.de\/woocommerce\/wp-json\/wp\/v2\/product_tag?post=1334"}],"curies":[{"name":"wp","href":"https:\/\/api.w.org\/{rel}","templated":true}]}}