{"id":1349,"date":"2023-06-29T14:44:42","date_gmt":"2023-06-29T12:44:42","guid":{"rendered":"https:\/\/xn--pferdundpftchen-itb.de\/woocommerce\/?post_type=product&#038;p=1349"},"modified":"2023-06-29T14:44:42","modified_gmt":"2023-06-29T12:44:42","slug":"wild-pur","status":"publish","type":"product","link":"https:\/\/xn--pferdundpftchen-itb.de\/woocommerce\/produkt\/wild-pur\/","title":{"rendered":"Wild pur"},"content":{"rendered":"<p>Frisch verarbeitetes Fleisch ohne Zusatzstoffe als Grundlage f\u00fcr ein vollwertiges Men\u00fc in einer praktischen Dose.<br \/>\nObst, Gem\u00fcse und \u00d6le m\u00fcssen noch hinzugef\u00fcgt werden. <\/p>\n<p>Zusammensetzung: 50 % Wildfleisch, 49 % Wildinnereien, 1 % Premix Ern\u00e4hrungsphysiologische Zusatzstoffe per kg: Vitamin A als Retinylacetat (2.200,00 i.E.), Vitamin D3 (180,00 i.E.), Vitamin E\/all racalpha-Tocopherylacatat (12,00 mg), Kupfer als Cu-(II)-Sulfat Pentahydrat (1,60 mg), Mangan as Mangan-(II)-oxyd (0,90 mg), Zink aus Zn-Sulfat, Monohydrat (15,00 mg), Selen aus Na-Selenit (0,07 mg)<\/p>\n<p>F\u00fctterungsempfehlung:<br \/>\nBei diesem Produkt handelt es sich um ein Erg\u00e4nzungsfuttermittel. Um eine ausgewogene Mahlzeit zu gew\u00e4hrleisten, empfehlen wir bei Hunden ein Verh\u00e4ltnis von ca. 80 % Fleisch und Innereien &#038; 20 % pflanzlicher Komponente.<br \/>\n1 &#8211; 5 kg 100g &#8211; 300g<br \/>\n5 &#8211; 10 kg 300g &#8211; 400g<br \/>\n10 &#8211; 20 kg 400g &#8211; 700g<br \/>\n20 &#8211; 30 kg 700g &#8211; 1000g<br \/>\n30 &#8211; 40 kg 1000g &#8211; 1500g&#8220;<\/p>\n","protected":false},"excerpt":{"rendered":"<p>Frisch verarbeitetes Fleisch ohne Zusatzstoffe als Grundlage f\u00fcr ein vollwertiges Men\u00fc in einer praktischen Dose. Obst, Gem\u00fcse und \u00d6le m\u00fcssen noch hinzugef\u00fcgt werden. Zusammensetzung: 50 % Wildfleisch, 49 % Wildinnereien, 1 % Premix Ern\u00e4hrungsphysiologische Zusatzstoffe per kg: Vitamin A als Retinylacetat (2.200,00 i.E.), Vitamin D3 (180,00 i.E.), Vitamin E\/all racalpha-Tocopherylacatat (12,00 mg), Kupfer als Cu-(II)-Sulfat [&hellip;]<\/p>\n","protected":false},"featured_media":947,"comment_status":"open","ping_status":"closed","template":"","meta":[],"product_brand":[],"product_cat":[20,27],"product_tag":[],"class_list":{"0":"post-1349","1":"product","2":"type-product","3":"status-publish","4":"has-post-thumbnail","6":"product_cat-hund","7":"product_cat-grundversorgung","9":"first","10":"instock","11":"taxable","12":"shipping-taxable","13":"purchasable","14":"product-type-variable"},"jetpack_sharing_enabled":true,"_links":{"self":[{"href":"https:\/\/xn--pferdundpftchen-itb.de\/woocommerce\/wp-json\/wp\/v2\/product\/1349","targetHints":{"allow":["GET"]}}],"collection":[{"href":"https:\/\/xn--pferdundpftchen-itb.de\/woocommerce\/wp-json\/wp\/v2\/product"}],"about":[{"href":"https:\/\/xn--pferdundpftchen-itb.de\/woocommerce\/wp-json\/wp\/v2\/types\/product"}],"replies":[{"embeddable":true,"href":"https:\/\/xn--pferdundpftchen-itb.de\/woocommerce\/wp-json\/wp\/v2\/comments?post=1349"}],"wp:featuredmedia":[{"embeddable":true,"href":"https:\/\/xn--pferdundpftchen-itb.de\/woocommerce\/wp-json\/wp\/v2\/media\/947"}],"wp:attachment":[{"href":"https:\/\/xn--pferdundpftchen-itb.de\/woocommerce\/wp-json\/wp\/v2\/media?parent=1349"}],"wp:term":[{"taxonomy":"product_brand","embeddable":true,"href":"https:\/\/xn--pferdundpftchen-itb.de\/woocommerce\/wp-json\/wp\/v2\/product_brand?post=1349"},{"taxonomy":"product_cat","embeddable":true,"href":"https:\/\/xn--pferdundpftchen-itb.de\/woocommerce\/wp-json\/wp\/v2\/product_cat?post=1349"},{"taxonomy":"product_tag","embeddable":true,"href":"https:\/\/xn--pferdundpftchen-itb.de\/woocommerce\/wp-json\/wp\/v2\/product_tag?post=1349"}],"curies":[{"name":"wp","href":"https:\/\/api.w.org\/{rel}","templated":true}]}}