{"id":1451,"date":"2023-07-07T21:32:30","date_gmt":"2023-07-07T19:32:30","guid":{"rendered":"https:\/\/xn--pferdundpftchen-itb.de\/woocommerce\/?post_type=product&#038;p=1451"},"modified":"2023-07-07T21:32:31","modified_gmt":"2023-07-07T19:32:31","slug":"bio-paraex-parasiten-shampoo","status":"publish","type":"product","link":"https:\/\/xn--pferdundpftchen-itb.de\/woocommerce\/produkt\/bio-paraex-parasiten-shampoo\/","title":{"rendered":"Bio ParaEx Parasiten Shampoo"},"content":{"rendered":"<p>Vernichtet innerhalb k\u00fcrzester Zeit Fl\u00f6he, Milben, Zecken, Haarlinge, Wanzen, L\u00e4use und andere L\u00e4stlinge, sowie deren Larven und Eigelege. Hochwirksam und vertr\u00e4glich auf Basis rein pflanzlicher Wirkstoffe.<\/p>\n","protected":false},"excerpt":{"rendered":"<p>Vernichtet innerhalb k\u00fcrzester Zeit Fl\u00f6he, Milben, Zecken, Haarlinge, Wanzen, L\u00e4use und andere L\u00e4stlinge, sowie deren Larven und Eigelege. Hochwirksam und vertr\u00e4glich auf Basis rein pflanzlicher Wirkstoffe.<\/p>\n","protected":false},"featured_media":952,"comment_status":"open","ping_status":"closed","template":"","meta":[],"product_brand":[],"product_cat":[20,37,38],"product_tag":[],"class_list":{"0":"post-1451","1":"product","2":"type-product","3":"status-publish","4":"has-post-thumbnail","6":"product_cat-hund","7":"product_cat-parasiten","8":"product_cat-pflege-aeuserliche-anwendung","10":"first","11":"instock","12":"taxable","13":"shipping-taxable","14":"purchasable","15":"product-type-simple"},"jetpack_sharing_enabled":true,"_links":{"self":[{"href":"https:\/\/xn--pferdundpftchen-itb.de\/woocommerce\/wp-json\/wp\/v2\/product\/1451","targetHints":{"allow":["GET"]}}],"collection":[{"href":"https:\/\/xn--pferdundpftchen-itb.de\/woocommerce\/wp-json\/wp\/v2\/product"}],"about":[{"href":"https:\/\/xn--pferdundpftchen-itb.de\/woocommerce\/wp-json\/wp\/v2\/types\/product"}],"replies":[{"embeddable":true,"href":"https:\/\/xn--pferdundpftchen-itb.de\/woocommerce\/wp-json\/wp\/v2\/comments?post=1451"}],"wp:featuredmedia":[{"embeddable":true,"href":"https:\/\/xn--pferdundpftchen-itb.de\/woocommerce\/wp-json\/wp\/v2\/media\/952"}],"wp:attachment":[{"href":"https:\/\/xn--pferdundpftchen-itb.de\/woocommerce\/wp-json\/wp\/v2\/media?parent=1451"}],"wp:term":[{"taxonomy":"product_brand","embeddable":true,"href":"https:\/\/xn--pferdundpftchen-itb.de\/woocommerce\/wp-json\/wp\/v2\/product_brand?post=1451"},{"taxonomy":"product_cat","embeddable":true,"href":"https:\/\/xn--pferdundpftchen-itb.de\/woocommerce\/wp-json\/wp\/v2\/product_cat?post=1451"},{"taxonomy":"product_tag","embeddable":true,"href":"https:\/\/xn--pferdundpftchen-itb.de\/woocommerce\/wp-json\/wp\/v2\/product_tag?post=1451"}],"curies":[{"name":"wp","href":"https:\/\/api.w.org\/{rel}","templated":true}]}}