{"id":1456,"date":"2023-07-07T21:36:28","date_gmt":"2023-07-07T19:36:28","guid":{"rendered":"https:\/\/xn--pferdundpftchen-itb.de\/woocommerce\/?post_type=product&#038;p=1456"},"modified":"2023-07-07T21:36:28","modified_gmt":"2023-07-07T19:36:28","slug":"geruchsentferner-petcare","status":"publish","type":"product","link":"https:\/\/xn--pferdundpftchen-itb.de\/woocommerce\/produkt\/geruchsentferner-petcare\/","title":{"rendered":"Geruchsentferner PETcare"},"content":{"rendered":"<p>Desinfiziert und entfernt Ger\u00fcche ohne den empfindlichen Geruchssinn Ihres Tieres zu irritieren durch einfaches Aufspr\u00fchen, z.B. auf Decken, Hundebetten, Liegepl\u00e4tzen usw. Die Ger\u00fcche verschwinden innterhalb von Sekunden. Die Geruchsmolek\u00fcle werden zerst\u00f6rt und nicht nur \u00fcberlagert, wie bei vielen anderen Sprays. Au\u00dferdem werden Bakterien und Pilze zuverl\u00e4ssig abget\u00f6tet. <\/p>\n<p>Inhalt: 500ml<\/p>\n","protected":false},"excerpt":{"rendered":"<p>Desinfiziert und entfernt Ger\u00fcche ohne den empfindlichen Geruchssinn Ihres Tieres zu irritieren durch einfaches Aufspr\u00fchen, z.B. auf Decken, Hundebetten, Liegepl\u00e4tzen usw. Die Ger\u00fcche verschwinden innterhalb von Sekunden. Die Geruchsmolek\u00fcle werden zerst\u00f6rt und nicht nur \u00fcberlagert, wie bei vielen anderen Sprays. Au\u00dferdem werden Bakterien und Pilze zuverl\u00e4ssig abget\u00f6tet. Inhalt: 500ml<\/p>\n","protected":false},"featured_media":974,"comment_status":"open","ping_status":"closed","template":"","meta":[],"product_brand":[],"product_cat":[15,81,20,79,21,80],"product_tag":[],"class_list":{"0":"post-1456","1":"product","2":"type-product","3":"status-publish","4":"has-post-thumbnail","6":"product_cat-pferd","7":"product_cat-zubehoer-pferd","8":"product_cat-hund","9":"product_cat-zubehoer","10":"product_cat-katze","11":"product_cat-zubehoer-katze","13":"first","14":"instock","15":"taxable","16":"shipping-taxable","17":"purchasable","18":"product-type-simple"},"jetpack_sharing_enabled":true,"_links":{"self":[{"href":"https:\/\/xn--pferdundpftchen-itb.de\/woocommerce\/wp-json\/wp\/v2\/product\/1456","targetHints":{"allow":["GET"]}}],"collection":[{"href":"https:\/\/xn--pferdundpftchen-itb.de\/woocommerce\/wp-json\/wp\/v2\/product"}],"about":[{"href":"https:\/\/xn--pferdundpftchen-itb.de\/woocommerce\/wp-json\/wp\/v2\/types\/product"}],"replies":[{"embeddable":true,"href":"https:\/\/xn--pferdundpftchen-itb.de\/woocommerce\/wp-json\/wp\/v2\/comments?post=1456"}],"wp:featuredmedia":[{"embeddable":true,"href":"https:\/\/xn--pferdundpftchen-itb.de\/woocommerce\/wp-json\/wp\/v2\/media\/974"}],"wp:attachment":[{"href":"https:\/\/xn--pferdundpftchen-itb.de\/woocommerce\/wp-json\/wp\/v2\/media?parent=1456"}],"wp:term":[{"taxonomy":"product_brand","embeddable":true,"href":"https:\/\/xn--pferdundpftchen-itb.de\/woocommerce\/wp-json\/wp\/v2\/product_brand?post=1456"},{"taxonomy":"product_cat","embeddable":true,"href":"https:\/\/xn--pferdundpftchen-itb.de\/woocommerce\/wp-json\/wp\/v2\/product_cat?post=1456"},{"taxonomy":"product_tag","embeddable":true,"href":"https:\/\/xn--pferdundpftchen-itb.de\/woocommerce\/wp-json\/wp\/v2\/product_tag?post=1456"}],"curies":[{"name":"wp","href":"https:\/\/api.w.org\/{rel}","templated":true}]}}