{"id":1467,"date":"2023-07-07T21:48:30","date_gmt":"2023-07-07T19:48:30","guid":{"rendered":"https:\/\/xn--pferdundpftchen-itb.de\/woocommerce\/?post_type=product&#038;p=1467"},"modified":"2023-07-07T21:48:31","modified_gmt":"2023-07-07T19:48:31","slug":"rind-kuerbis","status":"publish","type":"product","link":"https:\/\/xn--pferdundpftchen-itb.de\/woocommerce\/produkt\/rind-kuerbis\/","title":{"rendered":"Rind &#038; K\u00fcrbis"},"content":{"rendered":"<p>90% Fleischanteil \u2013 artgerecht, natur- und beutenah. Ohne Getreide, Zucker, Laktose, Tiermehle, synthetische Bindemittel, Konservierungs- oder Geschmacksstoffe. <\/p>\n<p>Alleinfuttermittel in Premiumqualit\u00e4t. <\/p>\n<p>Zusammensetzung: 55% Rindfleisch, -lunge, -herzen, 23% Fleischbr\u00fche, 17% H\u00fchnerleber, 4% K\u00fcrbis, 1% Mineralstoffe<\/p>\n<p>F\u00fctterungsempfehlung: 200-400 g t\u00e4glich f\u00fcr eine ausgewachsene Katze mit ca. 3-5 kg Gewicht. Frisches Trinkwasser sollte immer zur freien Verf\u00fcgung stehen. Nach dem \u00d6ffnen max. 24 Stunden im K\u00fchlschrank aufbewahren. Bitte zimmerwarm f\u00fcttern.<\/p>\n","protected":false},"excerpt":{"rendered":"<p>90% Fleischanteil \u2013 artgerecht, natur- und beutenah. Ohne Getreide, Zucker, Laktose, Tiermehle, synthetische Bindemittel, Konservierungs- oder Geschmacksstoffe. Alleinfuttermittel in Premiumqualit\u00e4t. Zusammensetzung: 55% Rindfleisch, -lunge, -herzen, 23% Fleischbr\u00fche, 17% H\u00fchnerleber, 4% K\u00fcrbis, 1% Mineralstoffe F\u00fctterungsempfehlung: 200-400 g t\u00e4glich f\u00fcr eine ausgewachsene Katze mit ca. 3-5 kg Gewicht. Frisches Trinkwasser sollte immer zur freien Verf\u00fcgung stehen. Nach [&hellip;]<\/p>\n","protected":false},"featured_media":1471,"comment_status":"open","ping_status":"closed","template":"","meta":[],"product_brand":[],"product_cat":[21,69],"product_tag":[],"class_list":{"0":"post-1467","1":"product","2":"type-product","3":"status-publish","4":"has-post-thumbnail","6":"product_cat-katze","7":"product_cat-grundversorgung-katze","9":"first","10":"instock","11":"taxable","12":"shipping-taxable","13":"purchasable","14":"product-type-variable"},"jetpack_sharing_enabled":true,"_links":{"self":[{"href":"https:\/\/xn--pferdundpftchen-itb.de\/woocommerce\/wp-json\/wp\/v2\/product\/1467","targetHints":{"allow":["GET"]}}],"collection":[{"href":"https:\/\/xn--pferdundpftchen-itb.de\/woocommerce\/wp-json\/wp\/v2\/product"}],"about":[{"href":"https:\/\/xn--pferdundpftchen-itb.de\/woocommerce\/wp-json\/wp\/v2\/types\/product"}],"replies":[{"embeddable":true,"href":"https:\/\/xn--pferdundpftchen-itb.de\/woocommerce\/wp-json\/wp\/v2\/comments?post=1467"}],"wp:featuredmedia":[{"embeddable":true,"href":"https:\/\/xn--pferdundpftchen-itb.de\/woocommerce\/wp-json\/wp\/v2\/media\/1471"}],"wp:attachment":[{"href":"https:\/\/xn--pferdundpftchen-itb.de\/woocommerce\/wp-json\/wp\/v2\/media?parent=1467"}],"wp:term":[{"taxonomy":"product_brand","embeddable":true,"href":"https:\/\/xn--pferdundpftchen-itb.de\/woocommerce\/wp-json\/wp\/v2\/product_brand?post=1467"},{"taxonomy":"product_cat","embeddable":true,"href":"https:\/\/xn--pferdundpftchen-itb.de\/woocommerce\/wp-json\/wp\/v2\/product_cat?post=1467"},{"taxonomy":"product_tag","embeddable":true,"href":"https:\/\/xn--pferdundpftchen-itb.de\/woocommerce\/wp-json\/wp\/v2\/product_tag?post=1467"}],"curies":[{"name":"wp","href":"https:\/\/api.w.org\/{rel}","templated":true}]}}