{"id":1483,"date":"2023-07-07T21:51:03","date_gmt":"2023-07-07T19:51:03","guid":{"rendered":"https:\/\/xn--pferdundpftchen-itb.de\/woocommerce\/?post_type=product&#038;p=1483"},"modified":"2023-07-07T21:51:03","modified_gmt":"2023-07-07T19:51:03","slug":"truthahn-moehren","status":"publish","type":"product","link":"https:\/\/xn--pferdundpftchen-itb.de\/woocommerce\/produkt\/truthahn-moehren\/","title":{"rendered":"Truthahn &#038; M\u00f6hren"},"content":{"rendered":"<p>90% Fleischanteil \u2013 artgerecht, natur- und beutenah. Ohne Getreide, Zucker, Laktose, Tiermehle, synthetische Bindemittel, Konservierungs- oder Geschmacksstoffe. <\/p>\n<p>Alleinfuttermittel in Premiumqualit\u00e4t. <\/p>\n<p>Zusammensetzung: 64,5% Truthahnfleisch, -herz, -leber, -magen, 29,5% Fleischbr\u00fche, 5% M\u00f6hren, 0,5% Mineralstoffe, 0,5% Eierschalen<\/p>\n<p>F\u00fctterungsempfehlung: 200-400 g t\u00e4glich f\u00fcr eine ausgewachsene Katze mit ca. 3-5 kg Gewicht. Frisches Trinkwasser sollte immer zur freien Verf\u00fcgung stehen. Nach dem \u00d6ffnen max. 24 Stunden im K\u00fchlschrank aufbewahren. Bitte zimmerwarm f\u00fcttern.<\/p>\n","protected":false},"excerpt":{"rendered":"<p>90% Fleischanteil \u2013 artgerecht, natur- und beutenah. Ohne Getreide, Zucker, Laktose, Tiermehle, synthetische Bindemittel, Konservierungs- oder Geschmacksstoffe. Alleinfuttermittel in Premiumqualit\u00e4t. Zusammensetzung: 64,5% Truthahnfleisch, -herz, -leber, -magen, 29,5% Fleischbr\u00fche, 5% M\u00f6hren, 0,5% Mineralstoffe, 0,5% Eierschalen F\u00fctterungsempfehlung: 200-400 g t\u00e4glich f\u00fcr eine ausgewachsene Katze mit ca. 3-5 kg Gewicht. Frisches Trinkwasser sollte immer zur freien Verf\u00fcgung stehen. [&hellip;]<\/p>\n","protected":false},"featured_media":1481,"comment_status":"open","ping_status":"closed","template":"","meta":[],"product_brand":[],"product_cat":[21,69],"product_tag":[],"class_list":{"0":"post-1483","1":"product","2":"type-product","3":"status-publish","4":"has-post-thumbnail","6":"product_cat-katze","7":"product_cat-grundversorgung-katze","9":"first","10":"instock","11":"taxable","12":"shipping-taxable","13":"purchasable","14":"product-type-variable"},"jetpack_sharing_enabled":true,"_links":{"self":[{"href":"https:\/\/xn--pferdundpftchen-itb.de\/woocommerce\/wp-json\/wp\/v2\/product\/1483","targetHints":{"allow":["GET"]}}],"collection":[{"href":"https:\/\/xn--pferdundpftchen-itb.de\/woocommerce\/wp-json\/wp\/v2\/product"}],"about":[{"href":"https:\/\/xn--pferdundpftchen-itb.de\/woocommerce\/wp-json\/wp\/v2\/types\/product"}],"replies":[{"embeddable":true,"href":"https:\/\/xn--pferdundpftchen-itb.de\/woocommerce\/wp-json\/wp\/v2\/comments?post=1483"}],"wp:featuredmedia":[{"embeddable":true,"href":"https:\/\/xn--pferdundpftchen-itb.de\/woocommerce\/wp-json\/wp\/v2\/media\/1481"}],"wp:attachment":[{"href":"https:\/\/xn--pferdundpftchen-itb.de\/woocommerce\/wp-json\/wp\/v2\/media?parent=1483"}],"wp:term":[{"taxonomy":"product_brand","embeddable":true,"href":"https:\/\/xn--pferdundpftchen-itb.de\/woocommerce\/wp-json\/wp\/v2\/product_brand?post=1483"},{"taxonomy":"product_cat","embeddable":true,"href":"https:\/\/xn--pferdundpftchen-itb.de\/woocommerce\/wp-json\/wp\/v2\/product_cat?post=1483"},{"taxonomy":"product_tag","embeddable":true,"href":"https:\/\/xn--pferdundpftchen-itb.de\/woocommerce\/wp-json\/wp\/v2\/product_tag?post=1483"}],"curies":[{"name":"wp","href":"https:\/\/api.w.org\/{rel}","templated":true}]}}