{"id":1487,"date":"2023-07-07T21:54:41","date_gmt":"2023-07-07T19:54:41","guid":{"rendered":"https:\/\/xn--pferdundpftchen-itb.de\/woocommerce\/?post_type=product&#038;p=1487"},"modified":"2023-07-07T21:54:42","modified_gmt":"2023-07-07T19:54:42","slug":"huhn-wildlachs","status":"publish","type":"product","link":"https:\/\/xn--pferdundpftchen-itb.de\/woocommerce\/produkt\/huhn-wildlachs\/","title":{"rendered":"Huhn &#038; Wildlachs"},"content":{"rendered":"<p>90% Fleischanteil \u2013 artgerecht, natur- und beutenah. Ohne Getreide, Zucker, Laktose, Tiermehle, synthetische Bindemittel, Konservierungs- oder Geschmacksstoffe. <\/p>\n<p>Alleinfuttermittel in Premiumqualit\u00e4t. <\/p>\n<p>Zusammensetzung: 45% Huhn, 28% Fleisch- und Lachsbr\u00fche, 26% Lachs, 0,5% Mineralstoffe, 0,5% Eierschalenpulver<\/p>\n<p>F\u00fctterungsempfehlung: 200-400 g t\u00e4glich f\u00fcr eine ausgewachsene Katze mit ca. 3-5 kg Gewicht. Frisches Trinkwasser sollte immer zur freien Verf\u00fcgung stehen. Nach dem \u00d6ffnen max. 24 Stunden im K\u00fchlschrank aufbewahren. Bitte zimmerwarm f\u00fcttern.<\/p>\n","protected":false},"excerpt":{"rendered":"<p>90% Fleischanteil \u2013 artgerecht, natur- und beutenah. Ohne Getreide, Zucker, Laktose, Tiermehle, synthetische Bindemittel, Konservierungs- oder Geschmacksstoffe. Alleinfuttermittel in Premiumqualit\u00e4t. Zusammensetzung: 45% Huhn, 28% Fleisch- und Lachsbr\u00fche, 26% Lachs, 0,5% Mineralstoffe, 0,5% Eierschalenpulver F\u00fctterungsempfehlung: 200-400 g t\u00e4glich f\u00fcr eine ausgewachsene Katze mit ca. 3-5 kg Gewicht. Frisches Trinkwasser sollte immer zur freien Verf\u00fcgung stehen. Nach [&hellip;]<\/p>\n","protected":false},"featured_media":1469,"comment_status":"open","ping_status":"closed","template":"","meta":[],"product_brand":[],"product_cat":[21,69],"product_tag":[],"class_list":{"0":"post-1487","1":"product","2":"type-product","3":"status-publish","4":"has-post-thumbnail","6":"product_cat-katze","7":"product_cat-grundversorgung-katze","9":"first","10":"instock","11":"taxable","12":"shipping-taxable","13":"purchasable","14":"product-type-variable"},"jetpack_sharing_enabled":true,"_links":{"self":[{"href":"https:\/\/xn--pferdundpftchen-itb.de\/woocommerce\/wp-json\/wp\/v2\/product\/1487","targetHints":{"allow":["GET"]}}],"collection":[{"href":"https:\/\/xn--pferdundpftchen-itb.de\/woocommerce\/wp-json\/wp\/v2\/product"}],"about":[{"href":"https:\/\/xn--pferdundpftchen-itb.de\/woocommerce\/wp-json\/wp\/v2\/types\/product"}],"replies":[{"embeddable":true,"href":"https:\/\/xn--pferdundpftchen-itb.de\/woocommerce\/wp-json\/wp\/v2\/comments?post=1487"}],"wp:featuredmedia":[{"embeddable":true,"href":"https:\/\/xn--pferdundpftchen-itb.de\/woocommerce\/wp-json\/wp\/v2\/media\/1469"}],"wp:attachment":[{"href":"https:\/\/xn--pferdundpftchen-itb.de\/woocommerce\/wp-json\/wp\/v2\/media?parent=1487"}],"wp:term":[{"taxonomy":"product_brand","embeddable":true,"href":"https:\/\/xn--pferdundpftchen-itb.de\/woocommerce\/wp-json\/wp\/v2\/product_brand?post=1487"},{"taxonomy":"product_cat","embeddable":true,"href":"https:\/\/xn--pferdundpftchen-itb.de\/woocommerce\/wp-json\/wp\/v2\/product_cat?post=1487"},{"taxonomy":"product_tag","embeddable":true,"href":"https:\/\/xn--pferdundpftchen-itb.de\/woocommerce\/wp-json\/wp\/v2\/product_tag?post=1487"}],"curies":[{"name":"wp","href":"https:\/\/api.w.org\/{rel}","templated":true}]}}