{"id":1491,"date":"2023-07-07T21:58:36","date_gmt":"2023-07-07T19:58:36","guid":{"rendered":"https:\/\/xn--pferdundpftchen-itb.de\/woocommerce\/?post_type=product&#038;p=1491"},"modified":"2023-07-07T21:58:37","modified_gmt":"2023-07-07T19:58:37","slug":"snackbox-riesengarnelen","status":"publish","type":"product","link":"https:\/\/xn--pferdundpftchen-itb.de\/woocommerce\/produkt\/snackbox-riesengarnelen\/","title":{"rendered":"Snackbox Riesengarnelen"},"content":{"rendered":"<p>Naturbelassene, schonend gefriergetrocknete Monoprotein-Snacks ohne synthetische Konservierungsstoffe, Gluten, Laktose, Tiermehle und Zuckerzusatz in Premiumqualit\u00e4t. <\/p>\n<p>Zusammensetzung: 100% Garnelen<\/p>\n<p>F\u00fctterungsempfehlung:<br \/>\nAls Snack: zur Belohnung, f\u00fcr den kleinen Hunger oder einfach zum Verw\u00f6hnen.<br \/>\nAls Feuchtnahrung: 5-10 Minuten in Wasser einlegen und du erh\u00e4ltst ein rehydriertes, feines St\u00fcck Fleisch in nat\u00fcrlicher Qualit\u00e4t f\u00fcr eine artgerechte Ern\u00e4hrung.<\/p>\n","protected":false},"excerpt":{"rendered":"<p>Naturbelassene, schonend gefriergetrocknete Monoprotein-Snacks ohne synthetische Konservierungsstoffe, Gluten, Laktose, Tiermehle und Zuckerzusatz in Premiumqualit\u00e4t. Zusammensetzung: 100% Garnelen F\u00fctterungsempfehlung: Als Snack: zur Belohnung, f\u00fcr den kleinen Hunger oder einfach zum Verw\u00f6hnen. Als Feuchtnahrung: 5-10 Minuten in Wasser einlegen und du erh\u00e4ltst ein rehydriertes, feines St\u00fcck Fleisch in nat\u00fcrlicher Qualit\u00e4t f\u00fcr eine artgerechte Ern\u00e4hrung.<\/p>\n","protected":false},"featured_media":1479,"comment_status":"open","ping_status":"closed","template":"","meta":[],"product_brand":[],"product_cat":[21,75],"product_tag":[],"class_list":{"0":"post-1491","1":"product","2":"type-product","3":"status-publish","4":"has-post-thumbnail","6":"product_cat-katze","7":"product_cat-leckerlies-snacks-katze","9":"first","10":"instock","11":"taxable","12":"shipping-taxable","13":"purchasable","14":"product-type-simple"},"jetpack_sharing_enabled":true,"_links":{"self":[{"href":"https:\/\/xn--pferdundpftchen-itb.de\/woocommerce\/wp-json\/wp\/v2\/product\/1491","targetHints":{"allow":["GET"]}}],"collection":[{"href":"https:\/\/xn--pferdundpftchen-itb.de\/woocommerce\/wp-json\/wp\/v2\/product"}],"about":[{"href":"https:\/\/xn--pferdundpftchen-itb.de\/woocommerce\/wp-json\/wp\/v2\/types\/product"}],"replies":[{"embeddable":true,"href":"https:\/\/xn--pferdundpftchen-itb.de\/woocommerce\/wp-json\/wp\/v2\/comments?post=1491"}],"wp:featuredmedia":[{"embeddable":true,"href":"https:\/\/xn--pferdundpftchen-itb.de\/woocommerce\/wp-json\/wp\/v2\/media\/1479"}],"wp:attachment":[{"href":"https:\/\/xn--pferdundpftchen-itb.de\/woocommerce\/wp-json\/wp\/v2\/media?parent=1491"}],"wp:term":[{"taxonomy":"product_brand","embeddable":true,"href":"https:\/\/xn--pferdundpftchen-itb.de\/woocommerce\/wp-json\/wp\/v2\/product_brand?post=1491"},{"taxonomy":"product_cat","embeddable":true,"href":"https:\/\/xn--pferdundpftchen-itb.de\/woocommerce\/wp-json\/wp\/v2\/product_cat?post=1491"},{"taxonomy":"product_tag","embeddable":true,"href":"https:\/\/xn--pferdundpftchen-itb.de\/woocommerce\/wp-json\/wp\/v2\/product_tag?post=1491"}],"curies":[{"name":"wp","href":"https:\/\/api.w.org\/{rel}","templated":true}]}}