{"id":1502,"date":"2023-07-07T22:07:42","date_gmt":"2023-07-07T20:07:42","guid":{"rendered":"https:\/\/xn--pferdundpftchen-itb.de\/woocommerce\/?post_type=product&#038;p=1502"},"modified":"2023-07-07T22:07:44","modified_gmt":"2023-07-07T20:07:44","slug":"snackbag-huehnchen","status":"publish","type":"product","link":"https:\/\/xn--pferdundpftchen-itb.de\/woocommerce\/produkt\/snackbag-huehnchen\/","title":{"rendered":"Snackbag H\u00fchnchen"},"content":{"rendered":"<p>Leckerli mit 50-60% Fleischanteil, ohne synthetische Konservierungsstoffe, Getreide, Laktose, Tiermehle oder Zuckerzusatz. <\/p>\n<p>Zusammensetzung: 55% Huhn, 1% Lachs\u00f6l, Cranberries, Erbsenmehl, Kartoffelst\u00e4rke, Amaranth, Bohnenmehl, Ei (getrocknet), Gem\u00fcse (getrocknet: Pastinake, Karotte, Rote Beete), Kr\u00e4uter (getrocknet: Kamille, Tausendg\u00fcldenkraut, Schafgarbenkraut, Brennnesselbl\u00e4tter, Brombeerbl\u00e4tter), Mineralstoffe<\/p>\n<p>F\u00fctterungsempfehlung: Zus\u00e4tzlich als Belohnung zwischen den t\u00e4glichen Mahlzeiten f\u00fcttern. Bitte immer ausreichend frisches Wasser bereitstellen.<\/p>\n","protected":false},"excerpt":{"rendered":"<p>Leckerli mit 50-60% Fleischanteil, ohne synthetische Konservierungsstoffe, Getreide, Laktose, Tiermehle oder Zuckerzusatz. Zusammensetzung: 55% Huhn, 1% Lachs\u00f6l, Cranberries, Erbsenmehl, Kartoffelst\u00e4rke, Amaranth, Bohnenmehl, Ei (getrocknet), Gem\u00fcse (getrocknet: Pastinake, Karotte, Rote Beete), Kr\u00e4uter (getrocknet: Kamille, Tausendg\u00fcldenkraut, Schafgarbenkraut, Brennnesselbl\u00e4tter, Brombeerbl\u00e4tter), Mineralstoffe F\u00fctterungsempfehlung: Zus\u00e4tzlich als Belohnung zwischen den t\u00e4glichen Mahlzeiten f\u00fcttern. Bitte immer ausreichend frisches Wasser bereitstellen.<\/p>\n","protected":false},"featured_media":1472,"comment_status":"open","ping_status":"closed","template":"","meta":[],"product_brand":[],"product_cat":[21,75],"product_tag":[],"class_list":{"0":"post-1502","1":"product","2":"type-product","3":"status-publish","4":"has-post-thumbnail","6":"product_cat-katze","7":"product_cat-leckerlies-snacks-katze","9":"first","10":"instock","11":"taxable","12":"shipping-taxable","13":"purchasable","14":"product-type-simple"},"jetpack_sharing_enabled":true,"_links":{"self":[{"href":"https:\/\/xn--pferdundpftchen-itb.de\/woocommerce\/wp-json\/wp\/v2\/product\/1502","targetHints":{"allow":["GET"]}}],"collection":[{"href":"https:\/\/xn--pferdundpftchen-itb.de\/woocommerce\/wp-json\/wp\/v2\/product"}],"about":[{"href":"https:\/\/xn--pferdundpftchen-itb.de\/woocommerce\/wp-json\/wp\/v2\/types\/product"}],"replies":[{"embeddable":true,"href":"https:\/\/xn--pferdundpftchen-itb.de\/woocommerce\/wp-json\/wp\/v2\/comments?post=1502"}],"wp:featuredmedia":[{"embeddable":true,"href":"https:\/\/xn--pferdundpftchen-itb.de\/woocommerce\/wp-json\/wp\/v2\/media\/1472"}],"wp:attachment":[{"href":"https:\/\/xn--pferdundpftchen-itb.de\/woocommerce\/wp-json\/wp\/v2\/media?parent=1502"}],"wp:term":[{"taxonomy":"product_brand","embeddable":true,"href":"https:\/\/xn--pferdundpftchen-itb.de\/woocommerce\/wp-json\/wp\/v2\/product_brand?post=1502"},{"taxonomy":"product_cat","embeddable":true,"href":"https:\/\/xn--pferdundpftchen-itb.de\/woocommerce\/wp-json\/wp\/v2\/product_cat?post=1502"},{"taxonomy":"product_tag","embeddable":true,"href":"https:\/\/xn--pferdundpftchen-itb.de\/woocommerce\/wp-json\/wp\/v2\/product_tag?post=1502"}],"curies":[{"name":"wp","href":"https:\/\/api.w.org\/{rel}","templated":true}]}}