{"id":1505,"date":"2023-07-07T22:12:05","date_gmt":"2023-07-07T20:12:05","guid":{"rendered":"https:\/\/xn--pferdundpftchen-itb.de\/woocommerce\/?post_type=product&#038;p=1505"},"modified":"2025-01-25T17:42:20","modified_gmt":"2025-01-25T16:42:20","slug":"smoothiedog-rind","status":"publish","type":"product","link":"https:\/\/xn--pferdundpftchen-itb.de\/woocommerce\/produkt\/smoothiedog-rind\/","title":{"rendered":"SmoothieDog Rind"},"content":{"rendered":"<p><strong>SmoothieDog Rind \u2013 Der aromatische Smoothie f\u00fcr echte Fleischliebhaber<\/strong><\/p>\n<p>Ganz viel Rind-Power in fl\u00fcssiger Form: Der SmoothieDog Rind \u00fcberzeugt mit bestem Muskelfleisch in 100% Lebensmittelqualit\u00e4t und einem intensiven Fleischgeschmack, den dein Hund lieben wird. Rind geh\u00f6rt zu den beliebtesten Fleischsorten und macht diesen Smoothie zum perfekten Genuss f\u00fcr alle Fellnasen.<\/p>\n<p>\u2714 <strong>100% Lebensmittelqualit\u00e4t<\/strong> \u2013 hochwertiges Muskelfleisch f\u00fcr maximale Frische<br \/>\n\u2714 <strong>Intensiver Geschmack<\/strong> \u2013 animiert selbst trinkfaule Hunde zum Trinken<br \/>\n\u2714 <strong>F\u00fcr jeden Hund geeignet<\/strong> \u2013 ideal f\u00fcr Senioren, trinkfaule Hunde oder bei Appetitlosigkeit<br \/>\n\u2714 <strong>Nat\u00fcrlich &amp; gesund<\/strong> \u2013 zuckerfrei, glutenfrei, ohne Konservierungs- oder Aromastoffe<\/p>\n<p>Der SmoothieDog Rind ist nicht nur ein leckerer Snack, sondern auch eine praktische M\u00f6glichkeit, deinen Hund mit Fl\u00fcssigkeit zu versorgen \u2013 egal ob unterwegs, als Belohnung oder zur Erg\u00e4nzung des Futters.<\/p>\n<p><strong>SmoothieDog Rind \u2013 Fl\u00fcssiger Genuss f\u00fcr gl\u00fcckliche Hunde.<\/strong><\/p>\n<p>Zusammensetzung: Zusammensetzung: Fleischbr\u00fche (55,6%), Rindfleisch (26,1%), Rote Beete (5,2%), Wurzelpetersilie (5,2%), Karotten (5,2%), Beeren (1,6%), Quinoa (0,6%), Hagebutten (0,2%), Zitronenmelisse (0,1%), Oregano (0,1%), Thymian (0,1%).<br \/>\nAnalytische Bestandteile: Rohprotein (2,6%), Rohfett (2,9%), Rohasche (0,3%), Rohfaser (0,2%), Feuchtigkeit (91,7%)<\/p>\n<p>F\u00fctterungsempfehlung: SmoothieDog ist der fl\u00fcssige, fleischige Snack als Erg\u00e4nzung zur t\u00e4glichen F\u00fctterung.<\/p>\n<p>Erg\u00e4nzungsfuttermittel f\u00fcr Hunde als Teil einer abwechslungsreichen und ausgewogenen Ern\u00e4hrung beliebig f\u00fcttern. Flasche portionierbar da wiederverschlie\u00dfbar. Nach dem \u00d6ffnen k\u00fchl lagern und innerhalb von 3 Tagen verf\u00fcttern.<\/p>\n<p>Experten-Tipp: Perfekt gefroren als Hundeeis oder als anregende Beigaben im Trinkwasser vermischen. Kalorienarm und leicht verdaulich f\u00fcr jeden Hund.<\/p>\n","protected":false},"excerpt":{"rendered":"<p>SmoothieDog Rind \u2013 Der aromatische Smoothie f\u00fcr echte Fleischliebhaber Ganz viel Rind-Power in fl\u00fcssiger Form: Der SmoothieDog Rind \u00fcberzeugt mit bestem Muskelfleisch in 100% Lebensmittelqualit\u00e4t und einem intensiven Fleischgeschmack, den dein Hund lieben wird. Rind geh\u00f6rt zu den beliebtesten Fleischsorten und macht diesen Smoothie zum perfekten Genuss f\u00fcr alle Fellnasen. \u2714 100% Lebensmittelqualit\u00e4t \u2013 hochwertiges [&hellip;]<\/p>\n","protected":false},"featured_media":1512,"comment_status":"open","ping_status":"closed","template":"","meta":[],"product_brand":[],"product_cat":[20,68],"product_tag":[],"class_list":{"0":"post-1505","1":"product","2":"type-product","3":"status-publish","4":"has-post-thumbnail","6":"product_cat-hund","7":"product_cat-leckerlies-snacks-hund","9":"first","10":"instock","11":"taxable","12":"shipping-taxable","13":"purchasable","14":"product-type-simple"},"jetpack_sharing_enabled":true,"_links":{"self":[{"href":"https:\/\/xn--pferdundpftchen-itb.de\/woocommerce\/wp-json\/wp\/v2\/product\/1505","targetHints":{"allow":["GET"]}}],"collection":[{"href":"https:\/\/xn--pferdundpftchen-itb.de\/woocommerce\/wp-json\/wp\/v2\/product"}],"about":[{"href":"https:\/\/xn--pferdundpftchen-itb.de\/woocommerce\/wp-json\/wp\/v2\/types\/product"}],"replies":[{"embeddable":true,"href":"https:\/\/xn--pferdundpftchen-itb.de\/woocommerce\/wp-json\/wp\/v2\/comments?post=1505"}],"wp:featuredmedia":[{"embeddable":true,"href":"https:\/\/xn--pferdundpftchen-itb.de\/woocommerce\/wp-json\/wp\/v2\/media\/1512"}],"wp:attachment":[{"href":"https:\/\/xn--pferdundpftchen-itb.de\/woocommerce\/wp-json\/wp\/v2\/media?parent=1505"}],"wp:term":[{"taxonomy":"product_brand","embeddable":true,"href":"https:\/\/xn--pferdundpftchen-itb.de\/woocommerce\/wp-json\/wp\/v2\/product_brand?post=1505"},{"taxonomy":"product_cat","embeddable":true,"href":"https:\/\/xn--pferdundpftchen-itb.de\/woocommerce\/wp-json\/wp\/v2\/product_cat?post=1505"},{"taxonomy":"product_tag","embeddable":true,"href":"https:\/\/xn--pferdundpftchen-itb.de\/woocommerce\/wp-json\/wp\/v2\/product_tag?post=1505"}],"curies":[{"name":"wp","href":"https:\/\/api.w.org\/{rel}","templated":true}]}}