{"id":1518,"date":"2023-07-07T22:13:25","date_gmt":"2023-07-07T20:13:25","guid":{"rendered":"https:\/\/xn--pferdundpftchen-itb.de\/woocommerce\/?post_type=product&#038;p=1518"},"modified":"2025-01-25T17:43:50","modified_gmt":"2025-01-25T16:43:50","slug":"smoothiedog-huhn","status":"publish","type":"product","link":"https:\/\/xn--pferdundpftchen-itb.de\/woocommerce\/produkt\/smoothiedog-huhn\/","title":{"rendered":"SmoothieDog Huhn"},"content":{"rendered":"<p><strong>SmoothieDog Huhn \u2013 Der Huhn-widerstehliche Genuss f\u00fcr Hunde<\/strong><\/p>\n<p>Saftiges Muskelfleisch vom Huhn in 100% Lebensmittelqualit\u00e4t trifft auf leckeres Gem\u00fcse, frisches Obst, wertvolle Superfoods und ausgew\u00e4hlte Kr\u00e4uter. Unser SmoothieDog Huhn ist die ideale Erg\u00e4nzung f\u00fcr jeden Hund \u2013 vom Welpen bis zum Senior. Leicht verdaulich und vielseitig einsetzbar eignet sich dieser Smoothie perfekt f\u00fcr alle Lebenslagen:<\/p>\n<p>\u2714 <strong>Leichter Genuss<\/strong> \u2013 ideal als kalorienarmer Snack, Futter-Topping oder bei sensiblen M\u00e4gen<br \/>\n\u2714 <strong>Hochwertige Zutaten<\/strong> \u2013 Huhn in Lebensmittelqualit\u00e4t f\u00fcr maximale Frische und Qualit\u00e4t<br \/>\n\u2714 <strong>Vielseitig &amp; nat\u00fcrlich<\/strong> \u2013 unterst\u00fctzt bei Magen-Darm-Problemen und ist leicht verdaulich<br \/>\n\u2714 <strong>Frei von Zus\u00e4tzen<\/strong> \u2013 zuckerfrei, glutenfrei, ohne Konservierungsstoffe oder Aromastoffe<\/p>\n<p>Ob zur Fl\u00fcssigkeitsversorgung, als Belohnung oder als bek\u00f6mmliches Extra: SmoothieDog Huhn ist ein wahrer Allrounder, den Hunde einfach lieben.<\/p>\n<p><strong>SmoothieDog Huhn \u2013 Nat\u00fcrlich, lecker und f\u00fcr jede Lebenslage geeignet.<\/strong><\/p>\n<p>Zusammensetzung: Fleischbr\u00fche (55,6%), H\u00fchnchen (26,1%), K\u00fcrbis (5,2%), Pastinake (5,2%), Karotten (5,2%), Birnen (1,6%), Leinsamen (0,6%), Kurkuma (0,2%), L\u00f6wenzahn (0,1%), Thymian (0,1%), Oregano (0,1%).<br \/>\nAnalytische Bestandteile: Rohprotein (2,9%), Rohfett (1,9%), Rohasche (0,4%), Rohfaser (&lt;0,2%), Feuchtigkeit (92,2%)<\/p>\n<p>F\u00fctterungsempfehlung: SmoothieDog ist der fl\u00fcssige, fleischige Snack als Erg\u00e4nzung zur t\u00e4glichen F\u00fctterung.<\/p>\n<p>Erg\u00e4nzungsfuttermittel f\u00fcr Hunde als Teil einer abwechslungsreichen und ausgewogenen Ern\u00e4hrung beliebig f\u00fcttern. Flasche portionierbar da wiederverschlie\u00dfbar. Nach dem \u00d6ffnen k\u00fchl lagern und innerhalb von 3 Tagen verf\u00fcttern.<\/p>\n<p>Experten-Tipp: Perfekt gefroren als Hundeeis oder als anregende Beigaben im Trinkwasser vermischen. Kalorienarm und leicht verdaulich f\u00fcr jeden Hund.<\/p>\n","protected":false},"excerpt":{"rendered":"<p>SmoothieDog Huhn \u2013 Der Huhn-widerstehliche Genuss f\u00fcr Hunde Saftiges Muskelfleisch vom Huhn in 100% Lebensmittelqualit\u00e4t trifft auf leckeres Gem\u00fcse, frisches Obst, wertvolle Superfoods und ausgew\u00e4hlte Kr\u00e4uter. Unser SmoothieDog Huhn ist die ideale Erg\u00e4nzung f\u00fcr jeden Hund \u2013 vom Welpen bis zum Senior. Leicht verdaulich und vielseitig einsetzbar eignet sich dieser Smoothie perfekt f\u00fcr alle Lebenslagen: [&hellip;]<\/p>\n","protected":false},"featured_media":1508,"comment_status":"open","ping_status":"closed","template":"","meta":[],"product_brand":[],"product_cat":[20,68],"product_tag":[],"class_list":{"0":"post-1518","1":"product","2":"type-product","3":"status-publish","4":"has-post-thumbnail","6":"product_cat-hund","7":"product_cat-leckerlies-snacks-hund","9":"first","10":"instock","11":"taxable","12":"shipping-taxable","13":"purchasable","14":"product-type-simple"},"jetpack_sharing_enabled":true,"_links":{"self":[{"href":"https:\/\/xn--pferdundpftchen-itb.de\/woocommerce\/wp-json\/wp\/v2\/product\/1518","targetHints":{"allow":["GET"]}}],"collection":[{"href":"https:\/\/xn--pferdundpftchen-itb.de\/woocommerce\/wp-json\/wp\/v2\/product"}],"about":[{"href":"https:\/\/xn--pferdundpftchen-itb.de\/woocommerce\/wp-json\/wp\/v2\/types\/product"}],"replies":[{"embeddable":true,"href":"https:\/\/xn--pferdundpftchen-itb.de\/woocommerce\/wp-json\/wp\/v2\/comments?post=1518"}],"wp:featuredmedia":[{"embeddable":true,"href":"https:\/\/xn--pferdundpftchen-itb.de\/woocommerce\/wp-json\/wp\/v2\/media\/1508"}],"wp:attachment":[{"href":"https:\/\/xn--pferdundpftchen-itb.de\/woocommerce\/wp-json\/wp\/v2\/media?parent=1518"}],"wp:term":[{"taxonomy":"product_brand","embeddable":true,"href":"https:\/\/xn--pferdundpftchen-itb.de\/woocommerce\/wp-json\/wp\/v2\/product_brand?post=1518"},{"taxonomy":"product_cat","embeddable":true,"href":"https:\/\/xn--pferdundpftchen-itb.de\/woocommerce\/wp-json\/wp\/v2\/product_cat?post=1518"},{"taxonomy":"product_tag","embeddable":true,"href":"https:\/\/xn--pferdundpftchen-itb.de\/woocommerce\/wp-json\/wp\/v2\/product_tag?post=1518"}],"curies":[{"name":"wp","href":"https:\/\/api.w.org\/{rel}","templated":true}]}}