{"id":1520,"date":"2023-07-07T22:15:20","date_gmt":"2023-07-07T20:15:20","guid":{"rendered":"https:\/\/xn--pferdundpftchen-itb.de\/woocommerce\/?post_type=product&#038;p=1520"},"modified":"2025-01-25T17:44:48","modified_gmt":"2025-01-25T16:44:48","slug":"smoothiedog-lamm","status":"publish","type":"product","link":"https:\/\/xn--pferdundpftchen-itb.de\/woocommerce\/produkt\/smoothiedog-lamm\/","title":{"rendered":"SmoothieDog Lamm"},"content":{"rendered":"<p><strong>SmoothieDog Lamm \u2013 Der bek\u00f6mmliche Genuss f\u00fcr sensible Hunde<\/strong><\/p>\n<p>Dieser Hundesmoothie mit leckerem, kalorienarmen und \u00e4u\u00dferst vertr\u00e4glichem Lammfleisch ist die ideale Wahl f\u00fcr Magen-Darm-empfindliche Hunde, Allergiker oder \u00fcbergewichtige Faulpelze. Auch Welpen und Senioren lieben den sanften Geschmack von Lamm.<\/p>\n<p>\u2714 <strong>Hochwertiges Muskelfleisch<\/strong> \u2013 ausschlie\u00dflich von L\u00e4mmern aus Freilandhaltung<br \/>\n\u2714 <strong>F\u00fcr sensible M\u00e4gen<\/strong> \u2013 leicht verdaulich und perfekt f\u00fcr empfindliche Hunde<br \/>\n\u2714 <strong>Nat\u00fcrliche Zutaten<\/strong> \u2013 Gem\u00fcse, Obst, Superfoods und Kr\u00e4uter speziell f\u00fcr Hunde<br \/>\n\u2714 <strong>Frei von Zus\u00e4tzen<\/strong> \u2013 zuckerfrei, glutenfrei, ohne Konservierungsstoffe oder Aromastoffe<\/p>\n<p>Das Lammfleisch beziehen wir von einem Familienbetrieb mit nachhaltiger Freilandhaltung, und wie immer haben alle verwendeten Rohstoffe 100% Lebensmittelqualit\u00e4t.<\/p>\n<p><strong>SmoothieDog Lamm \u2013 Leicht, gesund und perfekt f\u00fcr Hunde mit besonderen Anspr\u00fcchen.<\/strong><\/p>\n<p>Zusammensetzung: Fleischbr\u00fche (55,6%), Lamm (26,1%), Zucchini (5,2%), Karotten (5,2%), Kartoffel (5,2%), Apfel (1,6%), Chia-Samen (0,6%), Spirulina (0,2%), L\u00f6wenzahn (0,1%), Basilikum (0,1%), Petersilie (0,1%).<br \/>\nAnalytische Bestandteile: Rohprotein (2,9%), Rohfett (3,1%), Rohasche (0,4%), Rohfaser (0,4%), Feuchtigkeit (90,1%)<\/p>\n<p>F\u00fctterungsempfehlung: SmoothieDog ist der fl\u00fcssige, fleischige Snack als Erg\u00e4nzung zur t\u00e4glichen F\u00fctterung.<\/p>\n<p>Erg\u00e4nzungsfuttermittel f\u00fcr Hunde als Teil einer abwechslungsreichen und ausgewogenen Ern\u00e4hrung beliebig f\u00fcttern. Flasche portionierbar da wiederverschlie\u00dfbar. Nach dem \u00d6ffnen k\u00fchl lagern und innerhalb von 3 Tagen verf\u00fcttern.<\/p>\n<p>Experten-Tipp: Perfekt gefroren als Hundeeis oder als anregende Beigaben im Trinkwasser vermischen. Kalorienarm und leicht verdaulich f\u00fcr jeden Hund.<\/p>\n","protected":false},"excerpt":{"rendered":"<p>SmoothieDog Lamm \u2013 Der bek\u00f6mmliche Genuss f\u00fcr sensible Hunde Dieser Hundesmoothie mit leckerem, kalorienarmen und \u00e4u\u00dferst vertr\u00e4glichem Lammfleisch ist die ideale Wahl f\u00fcr Magen-Darm-empfindliche Hunde, Allergiker oder \u00fcbergewichtige Faulpelze. Auch Welpen und Senioren lieben den sanften Geschmack von Lamm. \u2714 Hochwertiges Muskelfleisch \u2013 ausschlie\u00dflich von L\u00e4mmern aus Freilandhaltung \u2714 F\u00fcr sensible M\u00e4gen \u2013 leicht verdaulich [&hellip;]<\/p>\n","protected":false},"featured_media":1510,"comment_status":"open","ping_status":"closed","template":"","meta":[],"product_brand":[],"product_cat":[20,68],"product_tag":[],"class_list":{"0":"post-1520","1":"product","2":"type-product","3":"status-publish","4":"has-post-thumbnail","6":"product_cat-hund","7":"product_cat-leckerlies-snacks-hund","9":"first","10":"instock","11":"taxable","12":"shipping-taxable","13":"purchasable","14":"product-type-simple"},"jetpack_sharing_enabled":true,"_links":{"self":[{"href":"https:\/\/xn--pferdundpftchen-itb.de\/woocommerce\/wp-json\/wp\/v2\/product\/1520","targetHints":{"allow":["GET"]}}],"collection":[{"href":"https:\/\/xn--pferdundpftchen-itb.de\/woocommerce\/wp-json\/wp\/v2\/product"}],"about":[{"href":"https:\/\/xn--pferdundpftchen-itb.de\/woocommerce\/wp-json\/wp\/v2\/types\/product"}],"replies":[{"embeddable":true,"href":"https:\/\/xn--pferdundpftchen-itb.de\/woocommerce\/wp-json\/wp\/v2\/comments?post=1520"}],"wp:featuredmedia":[{"embeddable":true,"href":"https:\/\/xn--pferdundpftchen-itb.de\/woocommerce\/wp-json\/wp\/v2\/media\/1510"}],"wp:attachment":[{"href":"https:\/\/xn--pferdundpftchen-itb.de\/woocommerce\/wp-json\/wp\/v2\/media?parent=1520"}],"wp:term":[{"taxonomy":"product_brand","embeddable":true,"href":"https:\/\/xn--pferdundpftchen-itb.de\/woocommerce\/wp-json\/wp\/v2\/product_brand?post=1520"},{"taxonomy":"product_cat","embeddable":true,"href":"https:\/\/xn--pferdundpftchen-itb.de\/woocommerce\/wp-json\/wp\/v2\/product_cat?post=1520"},{"taxonomy":"product_tag","embeddable":true,"href":"https:\/\/xn--pferdundpftchen-itb.de\/woocommerce\/wp-json\/wp\/v2\/product_tag?post=1520"}],"curies":[{"name":"wp","href":"https:\/\/api.w.org\/{rel}","templated":true}]}}