{"id":1522,"date":"2023-07-07T22:16:46","date_gmt":"2023-07-07T20:16:46","guid":{"rendered":"https:\/\/xn--pferdundpftchen-itb.de\/woocommerce\/?post_type=product&#038;p=1522"},"modified":"2025-01-25T17:46:18","modified_gmt":"2025-01-25T16:46:18","slug":"smoothiedog-immunio","status":"publish","type":"product","link":"https:\/\/xn--pferdundpftchen-itb.de\/woocommerce\/produkt\/smoothiedog-immunio\/","title":{"rendered":"SmoothieDog: Immunio"},"content":{"rendered":"<p><strong>SmoothieDog IMMUNIO \u2013 Der nat\u00fcrliche Immun-Boost f\u00fcr deinen Hund<\/strong><\/p>\n<p>Unser SmoothieDog IMMUNIO wurde speziell entwickelt, um das Immunsystem deines Hundes auf nat\u00fcrliche Weise zu st\u00e4rken. Egal ob nach k\u00f6rperlicher Anstrengung, Operationen, Krankheiten oder einfach zur Unterst\u00fctzung der Abwehrkr\u00e4fte \u2013 dieser Hundesmoothie ist die perfekte Wahl f\u00fcr jede Lebensphase.<\/p>\n<p>\u2714 <strong>Mit besten Zutaten<\/strong> \u2013 Rindfleisch in Lebensmittelqualit\u00e4t, Rote Beete, Kartoffel, Himbeeren, Kokosraspeln, Kurkuma und Hagebutte sorgen f\u00fcr einen echten N\u00e4hrstoff-Boost<br \/>\n\u2714 <strong>F\u00fcr mehr Power<\/strong> \u2013 unterst\u00fctzt das Immunsystem mit wertvollen Vitaminen und Mineralien<br \/>\n\u2714 <strong>Leicht &amp; lecker<\/strong> \u2013 perfekt als Snack, Futter-Topping oder zur Fl\u00fcssigkeitsaufnahme<br \/>\n\u2714 <strong>100% nat\u00fcrlich<\/strong> \u2013 zuckerfrei, glutenfrei, ohne Konservierungsstoffe oder Aromastoffe<\/p>\n<p>Rindfleisch liefert die ideale Grundlage f\u00fcr einen Immun-Boost, w\u00e4hrend Rote Beete, Himbeeren und Kurkuma als echte Superfoods das Immunsystem deines Hundes unterst\u00fctzen.<\/p>\n<p><strong>SmoothieDog IMMUNIO \u2013 Nat\u00fcrlich, gesund und einfach unwiderstehlich f\u00fcr deinen Hund.<\/strong><\/p>\n<p>Zusammensetzung: Fleischbr\u00fche (61,9%), Rind (23,1%), Rote Beete (5,7%), Kartoffel (6,7%), Apfel (1%), Himbeeren (1%), Johanniskraut (0,2%), Kokosraspeln (0,2%), Kurkuma (0,1%), Hagebutten (0,1%).<br \/>\nAnalytische Bestandteile: Rohprotein (4,2%), Rohfett (3,4%), Rohasche (0,3%), Rohfaser (&lt;0,2%), Feuchtigkeit (90,0%)<\/p>\n<p>F\u00fctterungsempfehlung: SmoothieDog ist der fl\u00fcssige, fleischige Snack als Erg\u00e4nzung zur t\u00e4glichen F\u00fctterung.<\/p>\n<p>Erg\u00e4nzungsfuttermittel f\u00fcr Hunde als Teil einer abwechslungsreichen und ausgewogenen Ern\u00e4hrung beliebig f\u00fcttern. Flasche portionierbar da wiederverschlie\u00dfbar. Nach dem \u00d6ffnen k\u00fchl lagern und innerhalb von 3 Tagen verf\u00fcttern.<\/p>\n<p>Experten-Tipp: Perfekt gefroren als Hundeeis oder als anregende Beigaben im Trinkwasser vermischen. Kalorienarm und leicht verdaulich f\u00fcr jeden Hund.<\/p>\n","protected":false},"excerpt":{"rendered":"<p>SmoothieDog IMMUNIO \u2013 Der nat\u00fcrliche Immun-Boost f\u00fcr deinen Hund Unser SmoothieDog IMMUNIO wurde speziell entwickelt, um das Immunsystem deines Hundes auf nat\u00fcrliche Weise zu st\u00e4rken. Egal ob nach k\u00f6rperlicher Anstrengung, Operationen, Krankheiten oder einfach zur Unterst\u00fctzung der Abwehrkr\u00e4fte \u2013 dieser Hundesmoothie ist die perfekte Wahl f\u00fcr jede Lebensphase. \u2714 Mit besten Zutaten \u2013 Rindfleisch in [&hellip;]<\/p>\n","protected":false},"featured_media":1509,"comment_status":"open","ping_status":"closed","template":"","meta":[],"product_brand":[],"product_cat":[20,68,29],"product_tag":[],"class_list":{"0":"post-1522","1":"product","2":"type-product","3":"status-publish","4":"has-post-thumbnail","6":"product_cat-hund","7":"product_cat-leckerlies-snacks-hund","8":"product_cat-immunsystem","10":"first","11":"instock","12":"taxable","13":"shipping-taxable","14":"purchasable","15":"product-type-simple"},"jetpack_sharing_enabled":true,"_links":{"self":[{"href":"https:\/\/xn--pferdundpftchen-itb.de\/woocommerce\/wp-json\/wp\/v2\/product\/1522","targetHints":{"allow":["GET"]}}],"collection":[{"href":"https:\/\/xn--pferdundpftchen-itb.de\/woocommerce\/wp-json\/wp\/v2\/product"}],"about":[{"href":"https:\/\/xn--pferdundpftchen-itb.de\/woocommerce\/wp-json\/wp\/v2\/types\/product"}],"replies":[{"embeddable":true,"href":"https:\/\/xn--pferdundpftchen-itb.de\/woocommerce\/wp-json\/wp\/v2\/comments?post=1522"}],"wp:featuredmedia":[{"embeddable":true,"href":"https:\/\/xn--pferdundpftchen-itb.de\/woocommerce\/wp-json\/wp\/v2\/media\/1509"}],"wp:attachment":[{"href":"https:\/\/xn--pferdundpftchen-itb.de\/woocommerce\/wp-json\/wp\/v2\/media?parent=1522"}],"wp:term":[{"taxonomy":"product_brand","embeddable":true,"href":"https:\/\/xn--pferdundpftchen-itb.de\/woocommerce\/wp-json\/wp\/v2\/product_brand?post=1522"},{"taxonomy":"product_cat","embeddable":true,"href":"https:\/\/xn--pferdundpftchen-itb.de\/woocommerce\/wp-json\/wp\/v2\/product_cat?post=1522"},{"taxonomy":"product_tag","embeddable":true,"href":"https:\/\/xn--pferdundpftchen-itb.de\/woocommerce\/wp-json\/wp\/v2\/product_tag?post=1522"}],"curies":[{"name":"wp","href":"https:\/\/api.w.org\/{rel}","templated":true}]}}