{"id":1525,"date":"2023-07-07T22:19:39","date_gmt":"2023-07-07T20:19:39","guid":{"rendered":"https:\/\/xn--pferdundpftchen-itb.de\/woocommerce\/?post_type=product&#038;p=1525"},"modified":"2025-01-25T17:48:24","modified_gmt":"2025-01-25T16:48:24","slug":"smoothiedog-trinkpause","status":"publish","type":"product","link":"https:\/\/xn--pferdundpftchen-itb.de\/woocommerce\/produkt\/smoothiedog-trinkpause\/","title":{"rendered":"SmoothieDog Trinkpause"},"content":{"rendered":"<p><strong>Schlabberlapapp \u2013 die perfekte Trinkpause f\u00fcr deinen Hund!<\/strong><\/p>\n<p>Trinkt dein Hund zu wenig? Kein Problem! Unser SmoothieDog &#8222;Trinkpause&#8220; mit leckerem Entenfleisch (ausschlie\u00dflich Muskelfleisch) sorgt f\u00fcr die optimale Fl\u00fcssigkeitsversorgung deines Hundes \u2013 egal ob Welpe, Senior oder irgendwo dazwischen.<\/p>\n<p>\u2714 <strong>Fl\u00fcssigkeitsversorgung leicht gemacht<\/strong> \u2013 Ideal f\u00fcr den Sommer, bei trockener Heizungsluft, auf Reisen, im Auto oder bei Abenteuern in den Bergen und am Meer<br \/>\n\u2714 <strong>Lecker &amp; gesund<\/strong> \u2013 unwiderstehlich im Geschmack, liefert nicht nur Fl\u00fcssigkeit, sondern auch wertvolle N\u00e4hrstoffe<br \/>\n\u2714 <strong>100% nat\u00fcrliche Zutaten<\/strong> \u2013 ohne Zucker, Gluten, Konservierungsstoffe oder Aromastoffe<\/p>\n<p>Ob als erfrischender Drink, kleiner Snack oder Motivationsschub \u2013 mit der SmoothieDog &#8222;Trinkpause&#8220; bleibt dein Hund fit und bestens versorgt.<\/p>\n<p><strong>SmoothieDog &#8222;Trinkpause&#8220; \u2013 Die Fl\u00fcssigkeitsquelle f\u00fcr jeden Tag und jede Situation!<\/strong><\/p>\n<p>Zusammensetzung: Fleischbr\u00fche (55,5%), Ente (23,0%), K\u00fcrbis (6,3%), Karotten (6,3%), Zucchini (6,3%), Birne (1,3%), Himbeeren (0,6%), Leinsamen (0,6%), Thymian (0,2%).<br \/>\nAnalytische Bestandteile: Rohprotein (2,7%), Rohfett (3,1%), Rohasche (0,4%), Rohfaser (0,4%), Feuchtigkeit: (92,1%)<\/p>\n<p>F\u00fctterungsempfehlung: SmoothieDog ist der fl\u00fcssige, fleischige Snack als Erg\u00e4nzung zur t\u00e4glichen F\u00fctterung.<\/p>\n<p>Erg\u00e4nzungsfuttermittel f\u00fcr Hunde als Teil einer abwechslungsreichen und ausgewogenen Ern\u00e4hrung beliebig f\u00fcttern. Flasche portionierbar da wiederverschlie\u00dfbar. Nach dem \u00d6ffnen k\u00fchl lagern und innerhalb von 3 Tagen verf\u00fcttern.<\/p>\n<p>Experten-Tipp: Perfekt gefroren als Hundeeis oder als anregende Beigaben im Trinkwasser vermischen. Kalorienarm und leicht verdaulich f\u00fcr jeden Hund.<\/p>\n","protected":false},"excerpt":{"rendered":"<p>Schlabberlapapp \u2013 die perfekte Trinkpause f\u00fcr deinen Hund! Trinkt dein Hund zu wenig? Kein Problem! Unser SmoothieDog &#8222;Trinkpause&#8220; mit leckerem Entenfleisch (ausschlie\u00dflich Muskelfleisch) sorgt f\u00fcr die optimale Fl\u00fcssigkeitsversorgung deines Hundes \u2013 egal ob Welpe, Senior oder irgendwo dazwischen. \u2714 Fl\u00fcssigkeitsversorgung leicht gemacht \u2013 Ideal f\u00fcr den Sommer, bei trockener Heizungsluft, auf Reisen, im Auto oder [&hellip;]<\/p>\n","protected":false},"featured_media":1517,"comment_status":"open","ping_status":"closed","template":"","meta":[],"product_brand":[],"product_cat":[20,68],"product_tag":[],"class_list":{"0":"post-1525","1":"product","2":"type-product","3":"status-publish","4":"has-post-thumbnail","6":"product_cat-hund","7":"product_cat-leckerlies-snacks-hund","9":"first","10":"instock","11":"taxable","12":"shipping-taxable","13":"purchasable","14":"product-type-simple"},"jetpack_sharing_enabled":true,"_links":{"self":[{"href":"https:\/\/xn--pferdundpftchen-itb.de\/woocommerce\/wp-json\/wp\/v2\/product\/1525","targetHints":{"allow":["GET"]}}],"collection":[{"href":"https:\/\/xn--pferdundpftchen-itb.de\/woocommerce\/wp-json\/wp\/v2\/product"}],"about":[{"href":"https:\/\/xn--pferdundpftchen-itb.de\/woocommerce\/wp-json\/wp\/v2\/types\/product"}],"replies":[{"embeddable":true,"href":"https:\/\/xn--pferdundpftchen-itb.de\/woocommerce\/wp-json\/wp\/v2\/comments?post=1525"}],"wp:featuredmedia":[{"embeddable":true,"href":"https:\/\/xn--pferdundpftchen-itb.de\/woocommerce\/wp-json\/wp\/v2\/media\/1517"}],"wp:attachment":[{"href":"https:\/\/xn--pferdundpftchen-itb.de\/woocommerce\/wp-json\/wp\/v2\/media?parent=1525"}],"wp:term":[{"taxonomy":"product_brand","embeddable":true,"href":"https:\/\/xn--pferdundpftchen-itb.de\/woocommerce\/wp-json\/wp\/v2\/product_brand?post=1525"},{"taxonomy":"product_cat","embeddable":true,"href":"https:\/\/xn--pferdundpftchen-itb.de\/woocommerce\/wp-json\/wp\/v2\/product_cat?post=1525"},{"taxonomy":"product_tag","embeddable":true,"href":"https:\/\/xn--pferdundpftchen-itb.de\/woocommerce\/wp-json\/wp\/v2\/product_tag?post=1525"}],"curies":[{"name":"wp","href":"https:\/\/api.w.org\/{rel}","templated":true}]}}