{"id":1526,"date":"2023-07-07T22:22:19","date_gmt":"2023-07-07T20:22:19","guid":{"rendered":"https:\/\/xn--pferdundpftchen-itb.de\/woocommerce\/?post_type=product&#038;p=1526"},"modified":"2025-01-25T17:50:21","modified_gmt":"2025-01-25T16:50:21","slug":"smoothiedog-sensitivo","status":"publish","type":"product","link":"https:\/\/xn--pferdundpftchen-itb.de\/woocommerce\/produkt\/smoothiedog-sensitivo\/","title":{"rendered":"SmoothieDog Sensitivo"},"content":{"rendered":"<p><strong>Sanft, lecker, sensitiv \u2013 der perfekte Smoothie f\u00fcr empfindliche Hunde!<\/strong><\/p>\n<p>Euer Hund hat einen sensiblen Magen oder neigt zu Unvertr\u00e4glichkeiten? Unser SmoothieDog &#8222;Sensitivo&#8220; wurde speziell f\u00fcr ern\u00e4hrungssensible Vierbeiner entwickelt. Diese Sorte ist ein <strong>SmoothieDog Highlight unter den Hundesmoothies<\/strong>, denn damit machen wir viele Hundebesitzer von sensiblen und empfindlichen Hunden sehr gl\u00fccklich \u2013 aber auch die, die die Vorteile von Pferdefleisch erkannt haben.<\/p>\n<p>In der Flasche <strong>SmoothieDog SENSITIVO Pferd<\/strong> findet sich bestes Pferdefleisch, Pastinake, Zucchini, Trinkwasser \u2013 und sonst NICHTS! Auch die Fleischbr\u00fche ist ausschlie\u00dflich aus Pferdefleisch und Trinkwasser. SENSITIVO ist somit der perfekte Snack f\u00fcr Hunde mit Allergien oder Unvertr\u00e4glichkeiten. F\u00fcr \u00fcbergewichtige, inaktive oder \u00e4ltere Vierbeiner empfehlen wir Pferd als fettarmes Fleisch \u2013 aber auch alle anderen Fellnasen d\u00fcrfen sich an dieser Sorte erfreuen.<\/p>\n<p>\u2714 <strong>Magenfreundlich &amp; hypoallergen<\/strong> \u2013 speziell abgestimmt auf Hunde mit empfindlicher Verdauung oder Futtermittelunvertr\u00e4glichkeiten<br \/>\n\u2714 <strong>Sanfte Zutaten, gro\u00dfer Genuss<\/strong> \u2013 feines Pferdefleisch kombiniert mit bek\u00f6mmlichem Gem\u00fcse<br \/>\n\u2714 <strong>100% nat\u00fcrliche Inhaltsstoffe<\/strong> \u2013 ohne Zucker, Gluten, Konservierungsstoffe oder Aromastoffe<\/p>\n<p>Ob als leicht verdaulicher Snack, Futtererg\u00e4nzung oder Verw\u00f6hnmoment zwischendurch \u2013 der SmoothieDog &#8222;Sensitivo&#8220; tut eurem Hund gut und schmeckt dabei unwiderstehlich.<\/p>\n<p><strong>Lebensmittelqualit\u00e4t, zuckerfrei, glutenfrei, ohne Konservierungsstoffe, ohne Aromastoffe, bestes Muskelfleisch.<\/strong><\/p>\n<p><strong>SmoothieDog &#8222;Sensitivo&#8220; \u2013 F\u00fcr ein rundum gutes Bauchgef\u00fchl!<\/strong><\/p>\n<p>Zusammensetzung: Fleischbr\u00fche aus Pferdefleisch und Wasser (58%), Pferdefleisch (21%), Pastinake (14%), Zucchini (7%).<br \/>\nAnalytische Bestandteile: Rohprotein (5,2%), Rohfett (0,6%), Rohasche (0,3%), Rohfaser (&lt;0,2%), Feuchtigkeit (92,9%)<\/p>\n<p>F\u00fctterungsempfehlung: SmoothieDog ist der fl\u00fcssige, fleischige Snack als Erg\u00e4nzung zur t\u00e4glichen F\u00fctterung.<\/p>\n<p>Erg\u00e4nzungsfuttermittel f\u00fcr Hunde als Teil einer abwechslungsreichen und ausgewogenen Ern\u00e4hrung beliebig f\u00fcttern. Flasche portionierbar da wiederverschlie\u00dfbar. Nach dem \u00d6ffnen k\u00fchl lagern und innerhalb von 3 Tagen verf\u00fcttern.<\/p>\n<p>Experten-Tipp: Perfekt gefroren als Hundeeis oder als anregende Beigaben im Trinkwasser vermischen. Kalorienarm und leicht verdaulich f\u00fcr jeden Hund.<\/p>\n","protected":false},"excerpt":{"rendered":"<p>Sanft, lecker, sensitiv \u2013 der perfekte Smoothie f\u00fcr empfindliche Hunde! Euer Hund hat einen sensiblen Magen oder neigt zu Unvertr\u00e4glichkeiten? Unser SmoothieDog &#8222;Sensitivo&#8220; wurde speziell f\u00fcr ern\u00e4hrungssensible Vierbeiner entwickelt. Diese Sorte ist ein SmoothieDog Highlight unter den Hundesmoothies, denn damit machen wir viele Hundebesitzer von sensiblen und empfindlichen Hunden sehr gl\u00fccklich \u2013 aber auch die, [&hellip;]<\/p>\n","protected":false},"featured_media":1513,"comment_status":"open","ping_status":"closed","template":"","meta":[],"product_brand":[],"product_cat":[20,68],"product_tag":[],"class_list":{"0":"post-1526","1":"product","2":"type-product","3":"status-publish","4":"has-post-thumbnail","6":"product_cat-hund","7":"product_cat-leckerlies-snacks-hund","9":"first","10":"instock","11":"taxable","12":"shipping-taxable","13":"purchasable","14":"product-type-simple"},"jetpack_sharing_enabled":true,"_links":{"self":[{"href":"https:\/\/xn--pferdundpftchen-itb.de\/woocommerce\/wp-json\/wp\/v2\/product\/1526","targetHints":{"allow":["GET"]}}],"collection":[{"href":"https:\/\/xn--pferdundpftchen-itb.de\/woocommerce\/wp-json\/wp\/v2\/product"}],"about":[{"href":"https:\/\/xn--pferdundpftchen-itb.de\/woocommerce\/wp-json\/wp\/v2\/types\/product"}],"replies":[{"embeddable":true,"href":"https:\/\/xn--pferdundpftchen-itb.de\/woocommerce\/wp-json\/wp\/v2\/comments?post=1526"}],"wp:featuredmedia":[{"embeddable":true,"href":"https:\/\/xn--pferdundpftchen-itb.de\/woocommerce\/wp-json\/wp\/v2\/media\/1513"}],"wp:attachment":[{"href":"https:\/\/xn--pferdundpftchen-itb.de\/woocommerce\/wp-json\/wp\/v2\/media?parent=1526"}],"wp:term":[{"taxonomy":"product_brand","embeddable":true,"href":"https:\/\/xn--pferdundpftchen-itb.de\/woocommerce\/wp-json\/wp\/v2\/product_brand?post=1526"},{"taxonomy":"product_cat","embeddable":true,"href":"https:\/\/xn--pferdundpftchen-itb.de\/woocommerce\/wp-json\/wp\/v2\/product_cat?post=1526"},{"taxonomy":"product_tag","embeddable":true,"href":"https:\/\/xn--pferdundpftchen-itb.de\/woocommerce\/wp-json\/wp\/v2\/product_tag?post=1526"}],"curies":[{"name":"wp","href":"https:\/\/api.w.org\/{rel}","templated":true}]}}