{"id":1536,"date":"2023-07-07T22:40:33","date_gmt":"2023-07-07T20:40:33","guid":{"rendered":"https:\/\/xn--pferdundpftchen-itb.de\/woocommerce\/?post_type=product&#038;p=1536"},"modified":"2024-11-17T19:50:35","modified_gmt":"2024-11-17T18:50:35","slug":"bitopequi-easy-breath","status":"publish","type":"product","link":"https:\/\/xn--pferdundpftchen-itb.de\/woocommerce\/produkt\/bitopequi-easy-breath\/","title":{"rendered":"BitopEQUI lung easy breath"},"content":{"rendered":"<p>\ud83c\udf2c\ufe0f\u00a0<strong>Entdecke die Kraft der nat\u00fcrlichen Befeuchtung und Pflege f\u00fcr die Schleimh\u00e4ute deines Pferdes!<\/strong>\u00a0\ud83c\udf2c\ufe0f<\/p>\n<p>BitopEQUI lung easy breath wurde speziell zur Befeuchtung, Reinigung und Pflege der Schleimh\u00e4ute entwickelt.<\/p>\n<p>\u2728\u00a0<strong>Warum Du unsere L\u00f6sung lieben wirst:<\/strong><\/p>\n<ul>\n<li><strong>Optimale Reinigung:<\/strong>\u00a0Staub, Schmutz und andere Reizstoffe werden durch die Anwendung effektiv gel\u00f6st, sodass Deine Schleimh\u00e4ute frisch und gesund bleiben.<\/li>\n<li><strong>Einfache Anwendung:<\/strong>\u00a0Verd\u00fcnne eine Ampulle\u00a0<strong>easy breathe<\/strong>\u00a0mit 25 &#8211; 45 ml NaCl (0,9%) je nach Einsatzbereich. Die Applikation erfolgt am besten als Aerosol durch direkte Verneblung der verd\u00fcnnten L\u00f6sung \u2013 perfekt geeignet f\u00fcr Ultraschallvernebler!<\/li>\n<li><strong>Nat\u00fcrliche Inhaltsstoffe:<\/strong>\u00a0Unsere L\u00f6sung ist vollkommen nat\u00fcrlich und vegan. Sie enth\u00e4lt hochwertige Inhaltsstoffe, die frei von k\u00fcnstlichen Konservierungsmitteln oder Farbstoffen sind.<\/li>\n<li><strong>Steril abgef\u00fcllt:<\/strong>\u00a0Jede Ampulle wird steril abgef\u00fcllt, um h\u00f6chste Qualit\u00e4t und Sicherheit zu gew\u00e4hrleisten.<\/li>\n<\/ul>\n<p>\ud83c\udf31\u00a0<strong>F\u00fcr ein gesundes Wohlbefinden!<\/strong><br \/>\nEgal ob zur t\u00e4glichen Pflege oder bei besonderen Bed\u00fcrfnissen \u2013 unsere sterile Aerosoll\u00f6sung ist die ideale Wahl f\u00fcr alle, die Wert auf nat\u00fcrliche Produkte legen.<\/p>\n<p>\ud83d\udca7\u00a0<strong>G\u00f6nn deinem Pferd die beste Pflege!<\/strong><br \/>\nSorge daf\u00fcr, dass die Schleimh\u00e4ute deines Pferdes optimal versorgt sind \u2013 ganz einfach und effektiv!<\/p>\n<p>Zusammensetzung: Aqua (Water), 13% Ectoin.<\/p>\n","protected":false},"excerpt":{"rendered":"<p>\ud83c\udf2c\ufe0f\u00a0Entdecke die Kraft der nat\u00fcrlichen Befeuchtung und Pflege f\u00fcr die Schleimh\u00e4ute deines Pferdes!\u00a0\ud83c\udf2c\ufe0f BitopEQUI lung easy breath wurde speziell zur Befeuchtung, Reinigung und Pflege der Schleimh\u00e4ute entwickelt. \u2728\u00a0Warum Du unsere L\u00f6sung lieben wirst: Optimale Reinigung:\u00a0Staub, Schmutz und andere Reizstoffe werden durch die Anwendung effektiv gel\u00f6st, sodass Deine Schleimh\u00e4ute frisch und gesund bleiben. Einfache Anwendung:\u00a0Verd\u00fcnne eine [&hellip;]<\/p>\n","protected":false},"featured_media":1537,"comment_status":"open","ping_status":"closed","template":"","meta":[],"product_brand":[],"product_cat":[15,40,81,35],"product_tag":[],"class_list":{"0":"post-1536","1":"product","2":"type-product","3":"status-publish","4":"has-post-thumbnail","6":"product_cat-pferd","7":"product_cat-pflege-aeusserliche-anwendung-pferd","8":"product_cat-zubehoer-pferd","9":"product_cat-atemwege-lunge","11":"first","12":"instock","13":"taxable","14":"shipping-taxable","15":"purchasable","16":"product-type-simple"},"jetpack_sharing_enabled":true,"_links":{"self":[{"href":"https:\/\/xn--pferdundpftchen-itb.de\/woocommerce\/wp-json\/wp\/v2\/product\/1536","targetHints":{"allow":["GET"]}}],"collection":[{"href":"https:\/\/xn--pferdundpftchen-itb.de\/woocommerce\/wp-json\/wp\/v2\/product"}],"about":[{"href":"https:\/\/xn--pferdundpftchen-itb.de\/woocommerce\/wp-json\/wp\/v2\/types\/product"}],"replies":[{"embeddable":true,"href":"https:\/\/xn--pferdundpftchen-itb.de\/woocommerce\/wp-json\/wp\/v2\/comments?post=1536"}],"wp:featuredmedia":[{"embeddable":true,"href":"https:\/\/xn--pferdundpftchen-itb.de\/woocommerce\/wp-json\/wp\/v2\/media\/1537"}],"wp:attachment":[{"href":"https:\/\/xn--pferdundpftchen-itb.de\/woocommerce\/wp-json\/wp\/v2\/media?parent=1536"}],"wp:term":[{"taxonomy":"product_brand","embeddable":true,"href":"https:\/\/xn--pferdundpftchen-itb.de\/woocommerce\/wp-json\/wp\/v2\/product_brand?post=1536"},{"taxonomy":"product_cat","embeddable":true,"href":"https:\/\/xn--pferdundpftchen-itb.de\/woocommerce\/wp-json\/wp\/v2\/product_cat?post=1536"},{"taxonomy":"product_tag","embeddable":true,"href":"https:\/\/xn--pferdundpftchen-itb.de\/woocommerce\/wp-json\/wp\/v2\/product_tag?post=1536"}],"curies":[{"name":"wp","href":"https:\/\/api.w.org\/{rel}","templated":true}]}}