{"id":1549,"date":"2023-07-07T22:45:38","date_gmt":"2023-07-07T20:45:38","guid":{"rendered":"https:\/\/xn--pferdundpftchen-itb.de\/woocommerce\/?post_type=product&#038;p=1549"},"modified":"2024-11-17T20:00:40","modified_gmt":"2024-11-17T19:00:40","slug":"bitopequi-skin-help","status":"publish","type":"product","link":"https:\/\/xn--pferdundpftchen-itb.de\/woocommerce\/produkt\/bitopequi-skin-help\/","title":{"rendered":"BitopEQUI skin help"},"content":{"rendered":"<p><strong>Entdecke die ultimative Pflege f\u00fcr die Haut Deines Pferdes!<\/strong><\/p>\n<p>BitopEQUI skin help wurde speziell f\u00fcr stark beanspruchte Pferdehaut entwickelt. Diese vielseitige Creme ist die perfekte L\u00f6sung f\u00fcr trockene, gereizte oder anderweitig irritierte Haut und sollte in keinem Putzkasten fehlen!<\/p>\n<p>\u2728\u00a0<strong>Warum Du unsere Creme lieben wirst:<\/strong><\/p>\n<ul>\n<li><strong>Intensive Pflege:<\/strong>\u00a0Die Creme versorgt die empfindliche Pferdehaut mit ausgew\u00e4hlten Pflegestoffen und hilft, sie vor den Herausforderungen des Alltags zu sch\u00fctzen \u2013 sei es durch Sonneneinstrahlung oder kleine Kratzer.<\/li>\n<li><strong>All-in-One-L\u00f6sung:<\/strong>\u00a0Egal ob nach dem Training, bei Ausritten oder einfach zur t\u00e4glichen Pflege \u2013 diese Creme ist ein absolutes MUST-HAVE f\u00fcr jeden Pferdebesitzer. Sie bietet umfassende Unterst\u00fctzung f\u00fcr die Haut Deines Pferdes.<\/li>\n<li><strong>Nat\u00fcrliche Inhaltsstoffe:<\/strong>\u00a0Unsere Creme ist vollkommen nat\u00fcrlich und vegan. Sie enth\u00e4lt hochwertige Inhaltsstoffe, die frei von k\u00fcnstlichen Konservierungsmitteln oder Farbstoffen sind.<\/li>\n<li><strong>Einfache Anwendung:<\/strong>\u00a0Die Creme ist ausschlie\u00dflich zur \u00e4u\u00dferen Anwendung gedacht und wird steril abgef\u00fcllt, um h\u00f6chste Qualit\u00e4t und Sicherheit zu gew\u00e4hrleisten.<\/li>\n<\/ul>\n<p><strong>F\u00fcr das Wohlbefinden Deines Pferdes!<\/strong><br \/>\nG\u00f6nn Deinem Pferd die beste Pflege mit unserer hochwertigen Creme. Sie sorgt daf\u00fcr, dass die Haut Deines Pferdes optimal versorgt wird \u2013 ganz einfach und effektiv!<\/p>\n<p><strong>Jetzt bestellen und den Unterschied sp\u00fcren!<\/strong><br \/>\nEntdecke die Vorteile unserer all-in-one Creme. Sch\u00fctze und pflege die Haut Deines Pferdes mit der besten nat\u00fcrlichen L\u00f6sung! \u2728<\/p>\n<p>Zusammensetzung: Aqua (Water), Caprylic\/Capric Triglyceride, Glycerin, Ectoin, Pentylene Glycol, Olea Europaea Fruit Oil, Hydrogenated Lecithin, Butyrospermum Parkii Butter, Oryza Sativa (Rice) Bran Cera, Glycine, Cardiospermum Halicacabum Flower\/Leaf\/Vine Extract, Alanine, Hydroxyethylcellulose, Butylene Glycol, Carbomer, Sodium Carbomer, Xanthan Gum, Squalane, Ceramide-3, Hydroxyphenyl Propamidobenzoic Acid.<\/p>\n","protected":false},"excerpt":{"rendered":"<p>Entdecke die ultimative Pflege f\u00fcr die Haut Deines Pferdes! BitopEQUI skin help wurde speziell f\u00fcr stark beanspruchte Pferdehaut entwickelt. Diese vielseitige Creme ist die perfekte L\u00f6sung f\u00fcr trockene, gereizte oder anderweitig irritierte Haut und sollte in keinem Putzkasten fehlen! \u2728\u00a0Warum Du unsere Creme lieben wirst: Intensive Pflege:\u00a0Die Creme versorgt die empfindliche Pferdehaut mit ausgew\u00e4hlten Pflegestoffen [&hellip;]<\/p>\n","protected":false},"featured_media":1541,"comment_status":"open","ping_status":"closed","template":"","meta":[],"product_brand":[],"product_cat":[15,40,46],"product_tag":[],"class_list":{"0":"post-1549","1":"product","2":"type-product","3":"status-publish","4":"has-post-thumbnail","6":"product_cat-pferd","7":"product_cat-pflege-aeusserliche-anwendung-pferd","8":"product_cat-haut-fell-pferd","10":"first","11":"instock","12":"taxable","13":"shipping-taxable","14":"purchasable","15":"product-type-simple"},"jetpack_sharing_enabled":true,"_links":{"self":[{"href":"https:\/\/xn--pferdundpftchen-itb.de\/woocommerce\/wp-json\/wp\/v2\/product\/1549","targetHints":{"allow":["GET"]}}],"collection":[{"href":"https:\/\/xn--pferdundpftchen-itb.de\/woocommerce\/wp-json\/wp\/v2\/product"}],"about":[{"href":"https:\/\/xn--pferdundpftchen-itb.de\/woocommerce\/wp-json\/wp\/v2\/types\/product"}],"replies":[{"embeddable":true,"href":"https:\/\/xn--pferdundpftchen-itb.de\/woocommerce\/wp-json\/wp\/v2\/comments?post=1549"}],"wp:featuredmedia":[{"embeddable":true,"href":"https:\/\/xn--pferdundpftchen-itb.de\/woocommerce\/wp-json\/wp\/v2\/media\/1541"}],"wp:attachment":[{"href":"https:\/\/xn--pferdundpftchen-itb.de\/woocommerce\/wp-json\/wp\/v2\/media?parent=1549"}],"wp:term":[{"taxonomy":"product_brand","embeddable":true,"href":"https:\/\/xn--pferdundpftchen-itb.de\/woocommerce\/wp-json\/wp\/v2\/product_brand?post=1549"},{"taxonomy":"product_cat","embeddable":true,"href":"https:\/\/xn--pferdundpftchen-itb.de\/woocommerce\/wp-json\/wp\/v2\/product_cat?post=1549"},{"taxonomy":"product_tag","embeddable":true,"href":"https:\/\/xn--pferdundpftchen-itb.de\/woocommerce\/wp-json\/wp\/v2\/product_tag?post=1549"}],"curies":[{"name":"wp","href":"https:\/\/api.w.org\/{rel}","templated":true}]}}