{"id":1582,"date":"2023-07-08T13:53:59","date_gmt":"2023-07-08T11:53:59","guid":{"rendered":"https:\/\/xn--pferdundpftchen-itb.de\/woocommerce\/?post_type=product&#038;p=1582"},"modified":"2023-08-04T19:39:40","modified_gmt":"2023-08-04T17:39:40","slug":"ewalia-basis-mineralfutter","status":"publish","type":"product","link":"https:\/\/xn--pferdundpftchen-itb.de\/woocommerce\/produkt\/ewalia-basis-mineralfutter\/","title":{"rendered":"Ewalia Basis Mineralfutter"},"content":{"rendered":"<p>Hochwertiges, vollvitaminisiertes Mineralerg\u00e4nzungsfutter f\u00fcr Pferde aller Rassen und ganzj\u00e4hrig f\u00fctterbar. Die Versorgung an allen wichtigen Mineralstoffen und Vitaminen des heutigen Haus- und Sportpferdes ist durch die Haltung und Beanspruchung in den meisten F\u00e4llen nicht ausreichend gew\u00e4hrleistet. Das moderne Pferd ben\u00f6tigt erg\u00e4nzend zu einer ausreichenden Raufutterration an die Region und den Bedarf angepasstes Mineralerg\u00e4nzungsfutter. Das Ewalia Basis Mineral ist f\u00fcr Pferde ab drei Jahren im Erhaltungsbedarf entwickelt worden und kann bei langfristiger F\u00fctterung gezielt N\u00e4hrstoffm\u00e4ngel vorbeugen. Zuckerarm und f\u00fcr Pferde mit Stoffwechselproblemen geeignet. <\/p>\n<p>Frei von F\u00e4rbungsmittel,  Konservierungsstoffe,  Tierversuchen,  Zuckerzus\u00e4tzen,  chemischen Konservierungsmitteln <\/p>\n<p>Inhalt: 10kg<\/p>\n<p>Zusammensetzung: Apfeltrester,  Calcium ( als Calcium-Natrium-Phosphat),  Leinsamenpulver,  Luzernegr\u00fcnmehl (Luzerne),  Magnesium,  Maiskeim\u00f6l,  Melasse (R\u00fcbenschnitzel),  Natrium (als Natriumchlorid),  Weizenfuttermehl (Weizen &#038; Weizenflocken),  Weizenkleie ,  kohlesaurer Algenkalk (Calciumcarbonat) <\/p>\n<p>F\u00fctterungsempfehlung: T\u00e4glich 100g f\u00fcr ein Pferd mit 500kg entspricht 1 \u00bd Messbecher. Ganzj\u00e4hrig anwendbar. Tagesh\u00f6chstdosierung von 200g nicht \u00fcberschreiten.<br \/>\nEntweder dem Krippenfutter beimengen oder allein f\u00fcttern. Anfeuchten ist nicht notwendig.<\/p>\n","protected":false},"excerpt":{"rendered":"<p>Hochwertiges, vollvitaminisiertes Mineralerg\u00e4nzungsfutter f\u00fcr Pferde aller Rassen und ganzj\u00e4hrig f\u00fctterbar. Die Versorgung an allen wichtigen Mineralstoffen und Vitaminen des heutigen Haus- und Sportpferdes ist durch die Haltung und Beanspruchung in den meisten F\u00e4llen nicht ausreichend gew\u00e4hrleistet. Das moderne Pferd ben\u00f6tigt erg\u00e4nzend zu einer ausreichenden Raufutterration an die Region und den Bedarf angepasstes Mineralerg\u00e4nzungsfutter. Das Ewalia [&hellip;]<\/p>\n","protected":false},"featured_media":1551,"comment_status":"open","ping_status":"closed","template":"","meta":[],"product_brand":[],"product_cat":[15,47,70],"product_tag":[],"class_list":{"0":"post-1582","1":"product","2":"type-product","3":"status-publish","4":"has-post-thumbnail","6":"product_cat-pferd","7":"product_cat-grundversorgung-pferd","8":"product_cat-mineralstoffe-pferd","10":"first","11":"instock","12":"taxable","13":"shipping-taxable","14":"purchasable","15":"product-type-simple"},"jetpack_sharing_enabled":true,"_links":{"self":[{"href":"https:\/\/xn--pferdundpftchen-itb.de\/woocommerce\/wp-json\/wp\/v2\/product\/1582","targetHints":{"allow":["GET"]}}],"collection":[{"href":"https:\/\/xn--pferdundpftchen-itb.de\/woocommerce\/wp-json\/wp\/v2\/product"}],"about":[{"href":"https:\/\/xn--pferdundpftchen-itb.de\/woocommerce\/wp-json\/wp\/v2\/types\/product"}],"replies":[{"embeddable":true,"href":"https:\/\/xn--pferdundpftchen-itb.de\/woocommerce\/wp-json\/wp\/v2\/comments?post=1582"}],"wp:featuredmedia":[{"embeddable":true,"href":"https:\/\/xn--pferdundpftchen-itb.de\/woocommerce\/wp-json\/wp\/v2\/media\/1551"}],"wp:attachment":[{"href":"https:\/\/xn--pferdundpftchen-itb.de\/woocommerce\/wp-json\/wp\/v2\/media?parent=1582"}],"wp:term":[{"taxonomy":"product_brand","embeddable":true,"href":"https:\/\/xn--pferdundpftchen-itb.de\/woocommerce\/wp-json\/wp\/v2\/product_brand?post=1582"},{"taxonomy":"product_cat","embeddable":true,"href":"https:\/\/xn--pferdundpftchen-itb.de\/woocommerce\/wp-json\/wp\/v2\/product_cat?post=1582"},{"taxonomy":"product_tag","embeddable":true,"href":"https:\/\/xn--pferdundpftchen-itb.de\/woocommerce\/wp-json\/wp\/v2\/product_tag?post=1582"}],"curies":[{"name":"wp","href":"https:\/\/api.w.org\/{rel}","templated":true}]}}