{"id":1584,"date":"2023-07-08T13:55:55","date_gmt":"2023-07-08T11:55:55","guid":{"rendered":"https:\/\/xn--pferdundpftchen-itb.de\/woocommerce\/?post_type=product&#038;p=1584"},"modified":"2023-08-04T19:40:48","modified_gmt":"2023-08-04T17:40:48","slug":"beinwelloel","status":"publish","type":"product","link":"https:\/\/xn--pferdundpftchen-itb.de\/woocommerce\/produkt\/beinwelloel\/","title":{"rendered":"Beinwell\u00f6l"},"content":{"rendered":"<p>Zur Unterst\u00fctzung von Sehnen und Gelenken. Wohltuend an beanspruchten Gelenken &#038; Sehnen. Ideal nach anstrengendem Training.<\/p>\n<p>Zur \u00e4u\u00dferlichen Anwendung. Nicht auf Wunden oder irritierte Haut auftragen. Nicht einmassieren oder bandagieren. Sparsam auftragen und regelm\u00e4\u00dfig abwaschen.<\/p>\n<p>Vor Frost und starker Sonneneinstrahlung gesch\u00fctzt lagern. Vor Gebrauch sch\u00fctteln! Frei von chemischen Konservierungsmitteln, Farbstoffen und Tierversuchen.<\/p>\n<p>Inhalt: 250ml <\/p>\n<p>Zusammensetzung: Beinwellwurzel,  Raps\u00f6l dunkel<\/p>\n","protected":false},"excerpt":{"rendered":"<p>Zur Unterst\u00fctzung von Sehnen und Gelenken. Wohltuend an beanspruchten Gelenken &#038; Sehnen. Ideal nach anstrengendem Training. Zur \u00e4u\u00dferlichen Anwendung. Nicht auf Wunden oder irritierte Haut auftragen. Nicht einmassieren oder bandagieren. Sparsam auftragen und regelm\u00e4\u00dfig abwaschen. Vor Frost und starker Sonneneinstrahlung gesch\u00fctzt lagern. Vor Gebrauch sch\u00fctteln! Frei von chemischen Konservierungsmitteln, Farbstoffen und Tierversuchen. Inhalt: 250ml Zusammensetzung: [&hellip;]<\/p>\n","protected":false},"featured_media":1552,"comment_status":"open","ping_status":"closed","template":"","meta":[],"product_brand":[],"product_cat":[15,40,53],"product_tag":[],"class_list":{"0":"post-1584","1":"product","2":"type-product","3":"status-publish","4":"has-post-thumbnail","6":"product_cat-pferd","7":"product_cat-pflege-aeusserliche-anwendung-pferd","8":"product_cat-gelenke-bewegungsapparat-pferd","10":"first","11":"instock","12":"taxable","13":"shipping-taxable","14":"purchasable","15":"product-type-simple"},"jetpack_sharing_enabled":true,"_links":{"self":[{"href":"https:\/\/xn--pferdundpftchen-itb.de\/woocommerce\/wp-json\/wp\/v2\/product\/1584","targetHints":{"allow":["GET"]}}],"collection":[{"href":"https:\/\/xn--pferdundpftchen-itb.de\/woocommerce\/wp-json\/wp\/v2\/product"}],"about":[{"href":"https:\/\/xn--pferdundpftchen-itb.de\/woocommerce\/wp-json\/wp\/v2\/types\/product"}],"replies":[{"embeddable":true,"href":"https:\/\/xn--pferdundpftchen-itb.de\/woocommerce\/wp-json\/wp\/v2\/comments?post=1584"}],"wp:featuredmedia":[{"embeddable":true,"href":"https:\/\/xn--pferdundpftchen-itb.de\/woocommerce\/wp-json\/wp\/v2\/media\/1552"}],"wp:attachment":[{"href":"https:\/\/xn--pferdundpftchen-itb.de\/woocommerce\/wp-json\/wp\/v2\/media?parent=1584"}],"wp:term":[{"taxonomy":"product_brand","embeddable":true,"href":"https:\/\/xn--pferdundpftchen-itb.de\/woocommerce\/wp-json\/wp\/v2\/product_brand?post=1584"},{"taxonomy":"product_cat","embeddable":true,"href":"https:\/\/xn--pferdundpftchen-itb.de\/woocommerce\/wp-json\/wp\/v2\/product_cat?post=1584"},{"taxonomy":"product_tag","embeddable":true,"href":"https:\/\/xn--pferdundpftchen-itb.de\/woocommerce\/wp-json\/wp\/v2\/product_tag?post=1584"}],"curies":[{"name":"wp","href":"https:\/\/api.w.org\/{rel}","templated":true}]}}