{"id":1589,"date":"2023-07-08T14:00:32","date_gmt":"2023-07-08T12:00:32","guid":{"rendered":"https:\/\/xn--pferdundpftchen-itb.de\/woocommerce\/?post_type=product&#038;p=1589"},"modified":"2025-01-25T18:03:11","modified_gmt":"2025-01-25T17:03:11","slug":"kraeuterhufoel","status":"publish","type":"product","link":"https:\/\/xn--pferdundpftchen-itb.de\/woocommerce\/produkt\/kraeuterhufoel\/","title":{"rendered":"Kr\u00e4uterhuf\u00f6l"},"content":{"rendered":"<p><strong>Nat\u00fcrliche Hufpflege \u2013 F\u00fcr kr\u00e4ftige, gesunde und gl\u00e4nzende Hufe!<\/strong><\/p>\n<p>Das <strong>Ewalia Kr\u00e4uterhuf\u00f6l<\/strong> ist die ideale Wahl, um die Hufe deines Pferdes nachhaltig zu pflegen und zu sch\u00fctzen. Mit einer sorgf\u00e4ltig ausgew\u00e4hlten Mischung aus <strong>hochwertigen nat\u00fcrlichen \u00d6len<\/strong> und Kr\u00e4uterausz\u00fcgen sorgt es f\u00fcr optimale Feuchtigkeit und Elastizit\u00e4t.<\/p>\n<p>\u2714 <strong>Kr\u00e4ftigende Pflege<\/strong> \u2013 Unterst\u00fctzt die nat\u00fcrliche Regeneration der Hufe und beugt Br\u00fcchigkeit vor<br \/>\n\u2714 <strong>Elastizit\u00e4t und Schutz<\/strong> \u2013 F\u00f6rdert geschmeidige, robuste Hufw\u00e4nde und sch\u00fctzt vor Austrocknung<br \/>\n\u2714 <strong>Nat\u00fcrlicher Glanz<\/strong> \u2013 Sorgt f\u00fcr gepflegte, gl\u00e4nzende Hufe ohne k\u00fcnstliche Zus\u00e4tze<br \/>\n\u2714 <strong>Sanfte Formel<\/strong> \u2013 Frei von chemischen Konservierungsmitteln und Farbstoffen<\/p>\n<p>Frei von chemischen Konservierungsstoffen, Farbstoffen und Tierversuchen.<\/p>\n<p>Mit dem <strong>Ewalia Kr\u00e4uterhuf\u00f6l<\/strong> erh\u00e4lt dein Pferd die beste nat\u00fcrliche Pflege f\u00fcr gesunde, strahlende Hufe. Perfekt abgestimmt auf die Bed\u00fcrfnisse empfindlicher Hufe \u2013 sanft, nachhaltig und wirksam!<\/p>\n<p>Inhalt: 400ml<\/p>\n<p>Zusammensetzung: Eukalyptus, Lorbeer\u00f6l, Nelken\u00f6l, Raps\u00f6l dunkel<\/p>\n<p><strong>Anwendung:<\/strong><br \/>\nDas Kr\u00e4uterhuf\u00f6l wird d\u00fcnn mit einem Pinsel auf die gereinigten Hufe aufgetragen. Regelm\u00e4\u00dfige Anwendung sorgt f\u00fcr eine anhaltend optimale Pflege und kr\u00e4ftige, elastische Hufe.<\/p>\n","protected":false},"excerpt":{"rendered":"<p>Nat\u00fcrliche Hufpflege \u2013 F\u00fcr kr\u00e4ftige, gesunde und gl\u00e4nzende Hufe! Das Ewalia Kr\u00e4uterhuf\u00f6l ist die ideale Wahl, um die Hufe deines Pferdes nachhaltig zu pflegen und zu sch\u00fctzen. Mit einer sorgf\u00e4ltig ausgew\u00e4hlten Mischung aus hochwertigen nat\u00fcrlichen \u00d6len und Kr\u00e4uterausz\u00fcgen sorgt es f\u00fcr optimale Feuchtigkeit und Elastizit\u00e4t. \u2714 Kr\u00e4ftigende Pflege \u2013 Unterst\u00fctzt die nat\u00fcrliche Regeneration der Hufe [&hellip;]<\/p>\n","protected":false},"featured_media":1573,"comment_status":"open","ping_status":"closed","template":"","meta":[],"product_brand":[],"product_cat":[15,40,46],"product_tag":[],"class_list":{"0":"post-1589","1":"product","2":"type-product","3":"status-publish","4":"has-post-thumbnail","6":"product_cat-pferd","7":"product_cat-pflege-aeusserliche-anwendung-pferd","8":"product_cat-haut-fell-pferd","10":"first","11":"instock","12":"taxable","13":"shipping-taxable","14":"purchasable","15":"product-type-simple"},"jetpack_sharing_enabled":true,"_links":{"self":[{"href":"https:\/\/xn--pferdundpftchen-itb.de\/woocommerce\/wp-json\/wp\/v2\/product\/1589","targetHints":{"allow":["GET"]}}],"collection":[{"href":"https:\/\/xn--pferdundpftchen-itb.de\/woocommerce\/wp-json\/wp\/v2\/product"}],"about":[{"href":"https:\/\/xn--pferdundpftchen-itb.de\/woocommerce\/wp-json\/wp\/v2\/types\/product"}],"replies":[{"embeddable":true,"href":"https:\/\/xn--pferdundpftchen-itb.de\/woocommerce\/wp-json\/wp\/v2\/comments?post=1589"}],"wp:featuredmedia":[{"embeddable":true,"href":"https:\/\/xn--pferdundpftchen-itb.de\/woocommerce\/wp-json\/wp\/v2\/media\/1573"}],"wp:attachment":[{"href":"https:\/\/xn--pferdundpftchen-itb.de\/woocommerce\/wp-json\/wp\/v2\/media?parent=1589"}],"wp:term":[{"taxonomy":"product_brand","embeddable":true,"href":"https:\/\/xn--pferdundpftchen-itb.de\/woocommerce\/wp-json\/wp\/v2\/product_brand?post=1589"},{"taxonomy":"product_cat","embeddable":true,"href":"https:\/\/xn--pferdundpftchen-itb.de\/woocommerce\/wp-json\/wp\/v2\/product_cat?post=1589"},{"taxonomy":"product_tag","embeddable":true,"href":"https:\/\/xn--pferdundpftchen-itb.de\/woocommerce\/wp-json\/wp\/v2\/product_tag?post=1589"}],"curies":[{"name":"wp","href":"https:\/\/api.w.org\/{rel}","templated":true}]}}