{"id":1592,"date":"2023-07-08T14:03:41","date_gmt":"2023-07-08T12:03:41","guid":{"rendered":"https:\/\/xn--pferdundpftchen-itb.de\/woocommerce\/?post_type=product&#038;p=1592"},"modified":"2025-01-25T18:04:58","modified_gmt":"2025-01-25T17:04:58","slug":"schweif-und-maehnenspray","status":"publish","type":"product","link":"https:\/\/xn--pferdundpftchen-itb.de\/woocommerce\/produkt\/schweif-und-maehnenspray\/","title":{"rendered":"Schweif- und M\u00e4hnenspray"},"content":{"rendered":"<div class=\"flex-shrink-0 flex flex-col relative items-end\">\n<div>\n<div class=\"pt-0\">\n<div class=\"gizmo-bot-avatar flex h-8 w-8 items-center justify-center overflow-hidden rounded-full\">\n<div class=\"relative p-1 rounded-sm flex items-center justify-center bg-token-main-surface-primary text-token-text-primary h-8 w-8\"><strong>Ewalia Schweif- und M\u00e4hnenspray \u2013 f\u00fcr Pflege, Glanz und perfekte K\u00e4mmbarkeit!<\/strong><\/div>\n<\/div>\n<\/div>\n<\/div>\n<\/div>\n<div class=\"group\/conversation-turn relative flex w-full min-w-0 flex-col agent-turn\">\n<div class=\"flex-col gap-1 md:gap-3\">\n<div class=\"flex max-w-full flex-col flex-grow\">\n<div class=\"min-h-8 text-message flex w-full flex-col items-end gap-2 whitespace-normal break-words text-start [.text-message+&amp;]:mt-5\" dir=\"auto\" data-message-author-role=\"assistant\" data-message-id=\"a0e8d42b-efff-444a-9659-8738d957dbd9\" data-message-model-slug=\"gpt-4o-mini\">\n<div class=\"flex w-full flex-col gap-1 empty:hidden first:pt-[3px]\">\n<div class=\"markdown prose w-full break-words dark:prose-invert light\">\n<p>Verwandle die M\u00e4hne und den Schweif Deines Pferdes in ein wahres Meisterwerk! Mit dem Ewalia Schweif- und M\u00e4hnenspray bekommst Du nicht nur gl\u00e4nzendes, geschmeidiges Haar, sondern auch eine extra Portion Pflege. Das Spray sorgt f\u00fcr leichte K\u00e4mmbarkeit und hilft, Verfilzungen m\u00fchelos zu l\u00f6sen \u2013 ganz ohne Ziepen.<\/p>\n<p>Dank der pflegenden Formel bleibt das Fell seidig weich und gl\u00e4nzend. Staub und Schmutz haben keine Chance, denn das Spray bildet eine sch\u00fctzende Schicht, die die Haare vor Ablagerungen bewahrt. Die M\u00e4hne und der Schweif wirken voller und volumin\u00f6ser, und das Beste: Dein Pferd wird sich \u00fcber die angenehme Geschmeidigkeit freuen!<\/p>\n<p>Perfekt f\u00fcr den t\u00e4glichen Gebrauch, um das Haar Deines Pferdes in Topform zu bringen \u2013 einfach aufspr\u00fchen, durchk\u00e4mmen und den nat\u00fcrlichen Glanz genie\u00dfen.<\/p>\n<\/div>\n<\/div>\n<\/div>\n<\/div>\n<\/div>\n<\/div>\n<p>Frei von chemischen Konservierungsmitteln, Farbstoffen und Tierversuchen.<\/p>\n<p>Inhalt: 500ml<\/p>\n<p>Zusammensetzung: Limone, Pflegekomponente, Versiegler, Wachsemulsion<\/p>\n<p>Anwendung: Vor dem K\u00e4mmen auf Schweif und M\u00e4hne aufspr\u00fchen und trocknen lassen. Danach das Langhaar durchk\u00e4mmen.<\/p>\n","protected":false},"excerpt":{"rendered":"<p>Ewalia Schweif- und M\u00e4hnenspray \u2013 f\u00fcr Pflege, Glanz und perfekte K\u00e4mmbarkeit! Verwandle die M\u00e4hne und den Schweif Deines Pferdes in ein wahres Meisterwerk! Mit dem Ewalia Schweif- und M\u00e4hnenspray bekommst Du nicht nur gl\u00e4nzendes, geschmeidiges Haar, sondern auch eine extra Portion Pflege. Das Spray sorgt f\u00fcr leichte K\u00e4mmbarkeit und hilft, Verfilzungen m\u00fchelos zu l\u00f6sen \u2013 [&hellip;]<\/p>\n","protected":false},"featured_media":1579,"comment_status":"open","ping_status":"closed","template":"","meta":[],"product_brand":[],"product_cat":[15,40,46],"product_tag":[],"class_list":{"0":"post-1592","1":"product","2":"type-product","3":"status-publish","4":"has-post-thumbnail","6":"product_cat-pferd","7":"product_cat-pflege-aeusserliche-anwendung-pferd","8":"product_cat-haut-fell-pferd","10":"first","11":"instock","12":"taxable","13":"shipping-taxable","14":"purchasable","15":"product-type-simple"},"jetpack_sharing_enabled":true,"_links":{"self":[{"href":"https:\/\/xn--pferdundpftchen-itb.de\/woocommerce\/wp-json\/wp\/v2\/product\/1592","targetHints":{"allow":["GET"]}}],"collection":[{"href":"https:\/\/xn--pferdundpftchen-itb.de\/woocommerce\/wp-json\/wp\/v2\/product"}],"about":[{"href":"https:\/\/xn--pferdundpftchen-itb.de\/woocommerce\/wp-json\/wp\/v2\/types\/product"}],"replies":[{"embeddable":true,"href":"https:\/\/xn--pferdundpftchen-itb.de\/woocommerce\/wp-json\/wp\/v2\/comments?post=1592"}],"wp:featuredmedia":[{"embeddable":true,"href":"https:\/\/xn--pferdundpftchen-itb.de\/woocommerce\/wp-json\/wp\/v2\/media\/1579"}],"wp:attachment":[{"href":"https:\/\/xn--pferdundpftchen-itb.de\/woocommerce\/wp-json\/wp\/v2\/media?parent=1592"}],"wp:term":[{"taxonomy":"product_brand","embeddable":true,"href":"https:\/\/xn--pferdundpftchen-itb.de\/woocommerce\/wp-json\/wp\/v2\/product_brand?post=1592"},{"taxonomy":"product_cat","embeddable":true,"href":"https:\/\/xn--pferdundpftchen-itb.de\/woocommerce\/wp-json\/wp\/v2\/product_cat?post=1592"},{"taxonomy":"product_tag","embeddable":true,"href":"https:\/\/xn--pferdundpftchen-itb.de\/woocommerce\/wp-json\/wp\/v2\/product_tag?post=1592"}],"curies":[{"name":"wp","href":"https:\/\/api.w.org\/{rel}","templated":true}]}}