{"id":1593,"date":"2023-07-08T14:05:19","date_gmt":"2023-07-08T12:05:19","guid":{"rendered":"https:\/\/xn--pferdundpftchen-itb.de\/woocommerce\/?post_type=product&#038;p=1593"},"modified":"2025-01-25T18:06:22","modified_gmt":"2025-01-25T17:06:22","slug":"darmvitalsaft","status":"publish","type":"product","link":"https:\/\/xn--pferdundpftchen-itb.de\/woocommerce\/produkt\/darmvitalsaft\/","title":{"rendered":"Darmvitalsaft"},"content":{"rendered":"<p><strong>Darmvitalsaft \u2013 F\u00fcr die nat\u00fcrliche Darmgesundheit Deines Pferdes<\/strong><\/p>\n<p>Der Darmvitalsaft von Ewalia ist die ideale Unterst\u00fctzung f\u00fcr eine stabile und gesunde Darmfunktion. Er hilft, die nat\u00fcrliche Darmflora Deines Pferdes zu erhalten und zu stabilisieren, damit sich Dein Pferd rundum wohl f\u00fchlt \u2013 vom Magen bis zum Darm.<\/p>\n<p>Frei von Farbstoffen, Konservierungsstoffen und Zucker, bietet der Saft eine nat\u00fcrliche und sanfte Pflege f\u00fcr das Verdauungssystem Deines Pferdes. Perfekt f\u00fcr den t\u00e4glichen Gebrauch oder zur Unterst\u00fctzung bei Verdauungsproblemen, sorgt er f\u00fcr ein ausgewogenes Wohlbefinden und eine gesunde Verdauung.<\/p>\n<p>Setze auf die Kraft der Natur \u2013 der Darmvitalsaft unterst\u00fctzt die Verdauung auf sanfte Weise und sorgt daf\u00fcr, dass Dein Pferd fit und vital bleibt.<\/p>\n<p>Inhalt: 1L<\/p>\n<p>Zusammensetzung: Eibischblatt, Eichenrinde, Himbeerblatt, Schafgarbe<\/p>\n<p>F\u00fctterungsempfehlung: Wir empfehlen eine F\u00fctterungsdauer von mindestens drei Wochen.<br \/>\nNormalbedarf: 2x t\u00e4glich 40ml (bei 500kg)<br \/>\nMehrbedarf: 2-3 mal die oben angegebene Menge f\u00fcr mindestens 10 Tage<\/p>\n","protected":false},"excerpt":{"rendered":"<p>Darmvitalsaft \u2013 F\u00fcr die nat\u00fcrliche Darmgesundheit Deines Pferdes Der Darmvitalsaft von Ewalia ist die ideale Unterst\u00fctzung f\u00fcr eine stabile und gesunde Darmfunktion. Er hilft, die nat\u00fcrliche Darmflora Deines Pferdes zu erhalten und zu stabilisieren, damit sich Dein Pferd rundum wohl f\u00fchlt \u2013 vom Magen bis zum Darm. Frei von Farbstoffen, Konservierungsstoffen und Zucker, bietet der [&hellip;]<\/p>\n","protected":false},"featured_media":1553,"comment_status":"open","ping_status":"closed","template":"","meta":[],"product_brand":[],"product_cat":[15],"product_tag":[],"class_list":{"0":"post-1593","1":"product","2":"type-product","3":"status-publish","4":"has-post-thumbnail","6":"product_cat-pferd","8":"first","9":"instock","10":"taxable","11":"shipping-taxable","12":"purchasable","13":"product-type-simple"},"jetpack_sharing_enabled":true,"_links":{"self":[{"href":"https:\/\/xn--pferdundpftchen-itb.de\/woocommerce\/wp-json\/wp\/v2\/product\/1593","targetHints":{"allow":["GET"]}}],"collection":[{"href":"https:\/\/xn--pferdundpftchen-itb.de\/woocommerce\/wp-json\/wp\/v2\/product"}],"about":[{"href":"https:\/\/xn--pferdundpftchen-itb.de\/woocommerce\/wp-json\/wp\/v2\/types\/product"}],"replies":[{"embeddable":true,"href":"https:\/\/xn--pferdundpftchen-itb.de\/woocommerce\/wp-json\/wp\/v2\/comments?post=1593"}],"wp:featuredmedia":[{"embeddable":true,"href":"https:\/\/xn--pferdundpftchen-itb.de\/woocommerce\/wp-json\/wp\/v2\/media\/1553"}],"wp:attachment":[{"href":"https:\/\/xn--pferdundpftchen-itb.de\/woocommerce\/wp-json\/wp\/v2\/media?parent=1593"}],"wp:term":[{"taxonomy":"product_brand","embeddable":true,"href":"https:\/\/xn--pferdundpftchen-itb.de\/woocommerce\/wp-json\/wp\/v2\/product_brand?post=1593"},{"taxonomy":"product_cat","embeddable":true,"href":"https:\/\/xn--pferdundpftchen-itb.de\/woocommerce\/wp-json\/wp\/v2\/product_cat?post=1593"},{"taxonomy":"product_tag","embeddable":true,"href":"https:\/\/xn--pferdundpftchen-itb.de\/woocommerce\/wp-json\/wp\/v2\/product_tag?post=1593"}],"curies":[{"name":"wp","href":"https:\/\/api.w.org\/{rel}","templated":true}]}}