{"id":1594,"date":"2023-07-08T14:06:45","date_gmt":"2023-07-08T12:06:45","guid":{"rendered":"https:\/\/xn--pferdundpftchen-itb.de\/woocommerce\/?post_type=product&#038;p=1594"},"modified":"2025-01-25T18:07:23","modified_gmt":"2025-01-25T17:07:23","slug":"halswohlsaft","status":"publish","type":"product","link":"https:\/\/xn--pferdundpftchen-itb.de\/woocommerce\/produkt\/halswohlsaft\/","title":{"rendered":"Halswohlsaft"},"content":{"rendered":"<p><strong>Halswohlsaft \u2013 Wohltuende Unterst\u00fctzung f\u00fcr die Vitalit\u00e4t Deines Pferdes<\/strong><\/p>\n<p>Der Halswohlsaft von Ewalia ist die ideale L\u00f6sung, um Deinem Pferd bei der F\u00f6rderung seiner allgemeinen Vitalit\u00e4t zu helfen. Mit einer kraftvollen Kombination aus Thymian, Salbei und Fenchel sorgt der Saft f\u00fcr wohltuende Unterst\u00fctzung \u2013 besonders in der kalten Jahreszeit oder bei empfindlichem Halsbereich.<\/p>\n<p>Frei von Farbstoffen, Konservierungsstoffen und Zucker bietet der Halswohlsaft eine nat\u00fcrliche Pflege, die das Wohlbefinden Deines Pferdes auf sanfte Weise f\u00f6rdert. Ideal zur Unterst\u00fctzung des Immunsystems und zur St\u00e4rkung der nat\u00fcrlichen Abwehrkr\u00e4fte, sorgt er f\u00fcr mehr Lebensqualit\u00e4t und Vitalit\u00e4t.<\/p>\n<p>Vertraue auf die heilende Kraft der Natur und sorge daf\u00fcr, dass sich Dein Pferd rundum wohl f\u00fchlt \u2013 mit dem Halswohlsaft von Ewalia.<\/p>\n<p>Inhalt: 1 Liter<\/p>\n<p>Zusammensetzung: Anis, Brennnesselblatt, Eibischblatt, Eukalyptus, Fenchel s\u00fc\u00df, Honig, Kamille, Lakritz, Salbeiblatt, S\u00fc\u00dfholzwurzel, Thymiankraut<\/p>\n<p>F\u00fctterungsempfehlung: Wir empfehlen eine F\u00fctterungsdauer von mindestens drei Wochen.<br \/>\nNormalbedarf: 2x t\u00e4glich 40ml (bei 500kg)<br \/>\nMehrbedarf: 2-3 mal die oben angegebene Menge f\u00fcr mindestens 10 Tage<\/p>\n","protected":false},"excerpt":{"rendered":"<p>Halswohlsaft \u2013 Wohltuende Unterst\u00fctzung f\u00fcr die Vitalit\u00e4t Deines Pferdes Der Halswohlsaft von Ewalia ist die ideale L\u00f6sung, um Deinem Pferd bei der F\u00f6rderung seiner allgemeinen Vitalit\u00e4t zu helfen. Mit einer kraftvollen Kombination aus Thymian, Salbei und Fenchel sorgt der Saft f\u00fcr wohltuende Unterst\u00fctzung \u2013 besonders in der kalten Jahreszeit oder bei empfindlichem Halsbereich. Frei von [&hellip;]<\/p>\n","protected":false},"featured_media":1567,"comment_status":"open","ping_status":"closed","template":"","meta":[],"product_brand":[],"product_cat":[15,35],"product_tag":[],"class_list":{"0":"post-1594","1":"product","2":"type-product","3":"status-publish","4":"has-post-thumbnail","6":"product_cat-pferd","7":"product_cat-atemwege-lunge","9":"first","10":"instock","11":"taxable","12":"shipping-taxable","13":"purchasable","14":"product-type-simple"},"jetpack_sharing_enabled":true,"_links":{"self":[{"href":"https:\/\/xn--pferdundpftchen-itb.de\/woocommerce\/wp-json\/wp\/v2\/product\/1594","targetHints":{"allow":["GET"]}}],"collection":[{"href":"https:\/\/xn--pferdundpftchen-itb.de\/woocommerce\/wp-json\/wp\/v2\/product"}],"about":[{"href":"https:\/\/xn--pferdundpftchen-itb.de\/woocommerce\/wp-json\/wp\/v2\/types\/product"}],"replies":[{"embeddable":true,"href":"https:\/\/xn--pferdundpftchen-itb.de\/woocommerce\/wp-json\/wp\/v2\/comments?post=1594"}],"wp:featuredmedia":[{"embeddable":true,"href":"https:\/\/xn--pferdundpftchen-itb.de\/woocommerce\/wp-json\/wp\/v2\/media\/1567"}],"wp:attachment":[{"href":"https:\/\/xn--pferdundpftchen-itb.de\/woocommerce\/wp-json\/wp\/v2\/media?parent=1594"}],"wp:term":[{"taxonomy":"product_brand","embeddable":true,"href":"https:\/\/xn--pferdundpftchen-itb.de\/woocommerce\/wp-json\/wp\/v2\/product_brand?post=1594"},{"taxonomy":"product_cat","embeddable":true,"href":"https:\/\/xn--pferdundpftchen-itb.de\/woocommerce\/wp-json\/wp\/v2\/product_cat?post=1594"},{"taxonomy":"product_tag","embeddable":true,"href":"https:\/\/xn--pferdundpftchen-itb.de\/woocommerce\/wp-json\/wp\/v2\/product_tag?post=1594"}],"curies":[{"name":"wp","href":"https:\/\/api.w.org\/{rel}","templated":true}]}}