{"id":1595,"date":"2023-07-08T14:08:18","date_gmt":"2023-07-08T12:08:18","guid":{"rendered":"https:\/\/xn--pferdundpftchen-itb.de\/woocommerce\/?post_type=product&#038;p=1595"},"modified":"2025-01-25T18:08:35","modified_gmt":"2025-01-25T17:08:35","slug":"immunvitalsaft","status":"publish","type":"product","link":"https:\/\/xn--pferdundpftchen-itb.de\/woocommerce\/produkt\/immunvitalsaft\/","title":{"rendered":"Immunvitalsaft"},"content":{"rendered":"<p><strong>Immunvitalsaft \u2013 St\u00e4rkung f\u00fcr die Abwehrkr\u00e4fte Deines Pferdes<\/strong><\/p>\n<p>Der Immunvitalsaft von Ewalia ist die perfekte Unterst\u00fctzung f\u00fcr die Abwehrkr\u00e4fte Deines Pferdes. Diese fl\u00fcssige Kr\u00e4utermischung st\u00e4rkt die nat\u00fcrlichen Abwehrmechanismen und hilft, die Belastbarkeit Deines Pferdes von innen heraus zu f\u00f6rdern. Ideal, um das Immunsystem zu unterst\u00fctzen und Dein Pferd fit und vital zu halten.<\/p>\n<p>Frei von Farbstoffen, Konservierungsstoffen und Zucker bietet der Immunvitalsaft eine rein nat\u00fcrliche Kraftquelle, die das Wohlbefinden Deines Pferdes nachhaltig st\u00e4rkt. Besonders in stressigen Zeiten oder bei hoher Belastung sorgt er f\u00fcr eine stabile und widerstandsf\u00e4hige Gesundheit.<\/p>\n<p>Vertraue auf die St\u00e4rke der Natur \u2013 f\u00fcr ein vitales und starkes Pferd.<\/p>\n<p>Inhalt: 1 Liter<\/p>\n<p>Zusammensetzung: Brennnesselblatt, Enzianwurzel, Fenchel s\u00fc\u00df, Hagebutte, Melissenblatt, Sonnenhut, S\u00fc\u00dfholzwurzel, Wei\u00dfdornblatt mit Bl\u00fcte<\/p>\n<p>F\u00fctterungsempfehlung: Wir empfehlen eine F\u00fctterungsdauer von mindestens drei Wochen.<br \/>\nNormalbedarf: 2x t\u00e4glich 40ml (bei 500kg)<br \/>\nMehrbedarf: 2-3 mal die oben angegebene Menge f\u00fcr mindestens 10 Tage<\/p>\n","protected":false},"excerpt":{"rendered":"<p>Immunvitalsaft \u2013 St\u00e4rkung f\u00fcr die Abwehrkr\u00e4fte Deines Pferdes Der Immunvitalsaft von Ewalia ist die perfekte Unterst\u00fctzung f\u00fcr die Abwehrkr\u00e4fte Deines Pferdes. Diese fl\u00fcssige Kr\u00e4utermischung st\u00e4rkt die nat\u00fcrlichen Abwehrmechanismen und hilft, die Belastbarkeit Deines Pferdes von innen heraus zu f\u00f6rdern. Ideal, um das Immunsystem zu unterst\u00fctzen und Dein Pferd fit und vital zu halten. Frei von [&hellip;]<\/p>\n","protected":false},"featured_media":1559,"comment_status":"open","ping_status":"closed","template":"","meta":[],"product_brand":[],"product_cat":[15,36],"product_tag":[],"class_list":{"0":"post-1595","1":"product","2":"type-product","3":"status-publish","4":"has-post-thumbnail","6":"product_cat-pferd","7":"product_cat-immunsystem-pferd","9":"first","10":"instock","11":"taxable","12":"shipping-taxable","13":"purchasable","14":"product-type-simple"},"jetpack_sharing_enabled":true,"_links":{"self":[{"href":"https:\/\/xn--pferdundpftchen-itb.de\/woocommerce\/wp-json\/wp\/v2\/product\/1595","targetHints":{"allow":["GET"]}}],"collection":[{"href":"https:\/\/xn--pferdundpftchen-itb.de\/woocommerce\/wp-json\/wp\/v2\/product"}],"about":[{"href":"https:\/\/xn--pferdundpftchen-itb.de\/woocommerce\/wp-json\/wp\/v2\/types\/product"}],"replies":[{"embeddable":true,"href":"https:\/\/xn--pferdundpftchen-itb.de\/woocommerce\/wp-json\/wp\/v2\/comments?post=1595"}],"wp:featuredmedia":[{"embeddable":true,"href":"https:\/\/xn--pferdundpftchen-itb.de\/woocommerce\/wp-json\/wp\/v2\/media\/1559"}],"wp:attachment":[{"href":"https:\/\/xn--pferdundpftchen-itb.de\/woocommerce\/wp-json\/wp\/v2\/media?parent=1595"}],"wp:term":[{"taxonomy":"product_brand","embeddable":true,"href":"https:\/\/xn--pferdundpftchen-itb.de\/woocommerce\/wp-json\/wp\/v2\/product_brand?post=1595"},{"taxonomy":"product_cat","embeddable":true,"href":"https:\/\/xn--pferdundpftchen-itb.de\/woocommerce\/wp-json\/wp\/v2\/product_cat?post=1595"},{"taxonomy":"product_tag","embeddable":true,"href":"https:\/\/xn--pferdundpftchen-itb.de\/woocommerce\/wp-json\/wp\/v2\/product_tag?post=1595"}],"curies":[{"name":"wp","href":"https:\/\/api.w.org\/{rel}","templated":true}]}}