{"id":1596,"date":"2023-07-08T14:09:43","date_gmt":"2023-07-08T12:09:43","guid":{"rendered":"https:\/\/xn--pferdundpftchen-itb.de\/woocommerce\/?post_type=product&#038;p=1596"},"modified":"2025-01-25T18:10:28","modified_gmt":"2025-01-25T17:10:28","slug":"nervensaft","status":"publish","type":"product","link":"https:\/\/xn--pferdundpftchen-itb.de\/woocommerce\/produkt\/nervensaft\/","title":{"rendered":"Nervensaft I"},"content":{"rendered":"<p><strong>Nervensaft I \u2013 Beruhigung bei Angst und Anspannung<\/strong><\/p>\n<p>Der Nervensaft I von Ewalia ist die ideale Unterst\u00fctzung f\u00fcr Dein Pferd in stressigen Situationen. Ob beim Hufschmied, an Silvester oder beim Ausw\u00e4rtstraining \u2013 dieser beruhigende Saft hilft, die Nerven Deines Pferdes zu entspannen und sorgt f\u00fcr eine bessere Anpassung an Ausnahmesituationen.<\/p>\n<p>Die nat\u00fcrliche Kr\u00e4utermischung wirkt beruhigend bei Angst und Anspannung und f\u00f6rdert die innere Ruhe, ohne Dein Pferd zu d\u00e4mpfen. Frei von Farbstoffen, Konservierungsstoffen und Zucker, bietet der Nervensaft I eine sanfte und nat\u00fcrliche L\u00f6sung, um Dein Pferd in stressigen Momenten zu unterst\u00fctzen.<\/p>\n<p>Vertraue auf die nat\u00fcrliche Kraft der Kr\u00e4uter, damit Dein Pferd in jeder Situation ruhig und gelassen bleibt.<\/p>\n<p>Inhalt: 1 Liter<\/p>\n<p>Zusammensetzung: Brennnesselblatt, Enzianwurzel, Fenchel s\u00fc\u00df, Hagebutte, Melissenblatt, Sonnenhut, S\u00fc\u00dfholzwurzel, Wei\u00dfdornblatt mit Bl\u00fcte<\/p>\n<p>F\u00fctterungsempfehlung: Wir empfehlen eine F\u00fctterungsdauer von mindestens drei Wochen.<br \/>\nNormalbedarf: 2x t\u00e4glich 40ml (bei 500kg)<br \/>\nMehrbedarf: 2-3 mal die oben angegebene Menge f\u00fcr mindestens 10 Tage<\/p>\n","protected":false},"excerpt":{"rendered":"<p>Nervensaft I \u2013 Beruhigung bei Angst und Anspannung Der Nervensaft I von Ewalia ist die ideale Unterst\u00fctzung f\u00fcr Dein Pferd in stressigen Situationen. Ob beim Hufschmied, an Silvester oder beim Ausw\u00e4rtstraining \u2013 dieser beruhigende Saft hilft, die Nerven Deines Pferdes zu entspannen und sorgt f\u00fcr eine bessere Anpassung an Ausnahmesituationen. Die nat\u00fcrliche Kr\u00e4utermischung wirkt beruhigend [&hellip;]<\/p>\n","protected":false},"featured_media":1577,"comment_status":"open","ping_status":"closed","template":"","meta":[],"product_brand":[],"product_cat":[15,56],"product_tag":[],"class_list":{"0":"post-1596","1":"product","2":"type-product","3":"status-publish","4":"has-post-thumbnail","6":"product_cat-pferd","7":"product_cat-nerven-stress-pferd","9":"first","10":"instock","11":"taxable","12":"shipping-taxable","13":"purchasable","14":"product-type-simple"},"jetpack_sharing_enabled":true,"_links":{"self":[{"href":"https:\/\/xn--pferdundpftchen-itb.de\/woocommerce\/wp-json\/wp\/v2\/product\/1596","targetHints":{"allow":["GET"]}}],"collection":[{"href":"https:\/\/xn--pferdundpftchen-itb.de\/woocommerce\/wp-json\/wp\/v2\/product"}],"about":[{"href":"https:\/\/xn--pferdundpftchen-itb.de\/woocommerce\/wp-json\/wp\/v2\/types\/product"}],"replies":[{"embeddable":true,"href":"https:\/\/xn--pferdundpftchen-itb.de\/woocommerce\/wp-json\/wp\/v2\/comments?post=1596"}],"wp:featuredmedia":[{"embeddable":true,"href":"https:\/\/xn--pferdundpftchen-itb.de\/woocommerce\/wp-json\/wp\/v2\/media\/1577"}],"wp:attachment":[{"href":"https:\/\/xn--pferdundpftchen-itb.de\/woocommerce\/wp-json\/wp\/v2\/media?parent=1596"}],"wp:term":[{"taxonomy":"product_brand","embeddable":true,"href":"https:\/\/xn--pferdundpftchen-itb.de\/woocommerce\/wp-json\/wp\/v2\/product_brand?post=1596"},{"taxonomy":"product_cat","embeddable":true,"href":"https:\/\/xn--pferdundpftchen-itb.de\/woocommerce\/wp-json\/wp\/v2\/product_cat?post=1596"},{"taxonomy":"product_tag","embeddable":true,"href":"https:\/\/xn--pferdundpftchen-itb.de\/woocommerce\/wp-json\/wp\/v2\/product_tag?post=1596"}],"curies":[{"name":"wp","href":"https:\/\/api.w.org\/{rel}","templated":true}]}}