{"id":1597,"date":"2023-07-08T14:11:20","date_gmt":"2023-07-08T12:11:20","guid":{"rendered":"https:\/\/xn--pferdundpftchen-itb.de\/woocommerce\/?post_type=product&#038;p=1597"},"modified":"2025-01-25T18:11:59","modified_gmt":"2025-01-25T17:11:59","slug":"senior-fit-saft","status":"publish","type":"product","link":"https:\/\/xn--pferdundpftchen-itb.de\/woocommerce\/produkt\/senior-fit-saft\/","title":{"rendered":"Senior-Fit-Saft"},"content":{"rendered":"<p><strong>Senior-Fit-Saft \u2013 Unterst\u00fctzung f\u00fcr die Vitalit\u00e4t \u00e4lterer Pferde<\/strong><\/p>\n<p>Der Senior-Fit-Saft von Ewalia ist speziell f\u00fcr \u00e4ltere Pferde entwickelt, um ihre Vitalit\u00e4t und Lebensfreude zu f\u00f6rdern. Mit einer nat\u00fcrlichen Kr\u00e4utermischung hilft der Saft, das allgemeine Wohlbefinden zu steigern und das Herz-Kreislaufsystem, die Vitalit\u00e4t sowie den Stoffwechsel zu unterst\u00fctzen. So bleibt Dein Pferd auch im fortgeschrittenen Alter fit, agil und voller Energie.<\/p>\n<p>Der Senior-Fit-Saft f\u00f6rdert die Beweglichkeit und das allgemeine Wohlbefinden und sorgt daf\u00fcr, dass Dein Pferd auch in den goldenen Jahren vital und aktiv bleibt. Frei von Farbstoffen, Konservierungsstoffen und Zucker, bietet der Saft eine sanfte, aber wirkungsvolle Unterst\u00fctzung, um die Lebensqualit\u00e4t zu steigern und Dein Pferd zu st\u00e4rken.<\/p>\n<p>Vertraue auf die nat\u00fcrliche Pflege f\u00fcr Dein Senior-Pferd \u2013 damit es weiterhin voller Energie und Freude durchs Leben geht.<\/p>\n<p>Inhalt: 1 Liter<\/p>\n<p>Zusammensetzung: Enzianwurzel, Ginkgoblatt, Hagebutte, Johanniskraut, Taigawurzel, Wei\u00dfdornblatt mit Bl\u00fcte<\/p>\n<p>F\u00fctterungsempfehlung: Wir empfehlen eine F\u00fctterungsdauer von mindestens drei Wochen.<br \/>\nNormalbedarf: 2x t\u00e4glich 40ml (bei 500kg)<br \/>\nMehrbedarf: 2-3 mal die oben angegebene Menge f\u00fcr mindestens 10 Tage<\/p>\n","protected":false},"excerpt":{"rendered":"<p>Senior-Fit-Saft \u2013 Unterst\u00fctzung f\u00fcr die Vitalit\u00e4t \u00e4lterer Pferde Der Senior-Fit-Saft von Ewalia ist speziell f\u00fcr \u00e4ltere Pferde entwickelt, um ihre Vitalit\u00e4t und Lebensfreude zu f\u00f6rdern. Mit einer nat\u00fcrlichen Kr\u00e4utermischung hilft der Saft, das allgemeine Wohlbefinden zu steigern und das Herz-Kreislaufsystem, die Vitalit\u00e4t sowie den Stoffwechsel zu unterst\u00fctzen. So bleibt Dein Pferd auch im fortgeschrittenen Alter [&hellip;]<\/p>\n","protected":false},"featured_media":1580,"comment_status":"open","ping_status":"closed","template":"","meta":[],"product_brand":[],"product_cat":[15,53,59],"product_tag":[],"class_list":{"0":"post-1597","1":"product","2":"type-product","3":"status-publish","4":"has-post-thumbnail","6":"product_cat-pferd","7":"product_cat-gelenke-bewegungsapparat-pferd","8":"product_cat-herz-kreislauf-pferd","10":"first","11":"instock","12":"taxable","13":"shipping-taxable","14":"purchasable","15":"product-type-simple"},"jetpack_sharing_enabled":true,"_links":{"self":[{"href":"https:\/\/xn--pferdundpftchen-itb.de\/woocommerce\/wp-json\/wp\/v2\/product\/1597","targetHints":{"allow":["GET"]}}],"collection":[{"href":"https:\/\/xn--pferdundpftchen-itb.de\/woocommerce\/wp-json\/wp\/v2\/product"}],"about":[{"href":"https:\/\/xn--pferdundpftchen-itb.de\/woocommerce\/wp-json\/wp\/v2\/types\/product"}],"replies":[{"embeddable":true,"href":"https:\/\/xn--pferdundpftchen-itb.de\/woocommerce\/wp-json\/wp\/v2\/comments?post=1597"}],"wp:featuredmedia":[{"embeddable":true,"href":"https:\/\/xn--pferdundpftchen-itb.de\/woocommerce\/wp-json\/wp\/v2\/media\/1580"}],"wp:attachment":[{"href":"https:\/\/xn--pferdundpftchen-itb.de\/woocommerce\/wp-json\/wp\/v2\/media?parent=1597"}],"wp:term":[{"taxonomy":"product_brand","embeddable":true,"href":"https:\/\/xn--pferdundpftchen-itb.de\/woocommerce\/wp-json\/wp\/v2\/product_brand?post=1597"},{"taxonomy":"product_cat","embeddable":true,"href":"https:\/\/xn--pferdundpftchen-itb.de\/woocommerce\/wp-json\/wp\/v2\/product_cat?post=1597"},{"taxonomy":"product_tag","embeddable":true,"href":"https:\/\/xn--pferdundpftchen-itb.de\/woocommerce\/wp-json\/wp\/v2\/product_tag?post=1597"}],"curies":[{"name":"wp","href":"https:\/\/api.w.org\/{rel}","templated":true}]}}