{"id":1601,"date":"2023-07-08T14:22:51","date_gmt":"2023-07-08T12:22:51","guid":{"rendered":"https:\/\/xn--pferdundpftchen-itb.de\/woocommerce\/?post_type=product&#038;p=1601"},"modified":"2025-01-25T18:16:03","modified_gmt":"2025-01-25T17:16:03","slug":"leinoel","status":"publish","type":"product","link":"https:\/\/xn--pferdundpftchen-itb.de\/woocommerce\/produkt\/leinoel\/","title":{"rendered":"Lein\u00f6l"},"content":{"rendered":"<p><strong>Lein\u00f6l von Ewalia \u2013 F\u00fcr Haut, Haar und das Wohlbefinden Deines Pferdes<\/strong><\/p>\n<p>Das Lein\u00f6l von Ewalia ist ein wahres Multitalent f\u00fcr Dein Pferd. Es unterst\u00fctzt nicht nur die Gesundheit der Haut und des Haars, sondern auch die Muskulatur, den Stoffwechsel und den Magen-Darm-Trakt. Reich an unges\u00e4ttigten Fetts\u00e4uren und Vitamin E tr\u00e4gt es dazu bei, das allgemeine Wohlbefinden zu f\u00f6rdern und sorgt f\u00fcr gl\u00e4nzendes Fell und eine gesunde Haut.<\/p>\n<p>Das hochwertige Lein\u00f6l hilft, Entz\u00fcndungen vorzubeugen, den Stoffwechsel zu unterst\u00fctzen und die Verdauung zu regulieren \u2013 ideal f\u00fcr ein rundum vitales Pferd. Frei von Farbstoffen, chemischen Konservierungsmitteln, Zuckerzus\u00e4tzen und Tierversuchen bietet das \u00d6l eine nat\u00fcrliche und sichere Pflege, die Deinem Pferd guttut.<\/p>\n<p>Vertraue auf die kraftvolle Wirkung der Natur \u2013 f\u00fcr ein gesundes, gl\u00e4nzendes Fell und ein starkes, vitales Pferd.<\/p>\n<p>Inhalt: 1 Liter<\/p>\n<p>Zusammensetzung: 100% Lein\u00f6l<\/p>\n<p>F\u00fctterungsempfehlung:<br \/>\nNormalbedarf: 30 &#8211; 50 ml (bei 500kg)<br \/>\nBei gro\u00dfer Anstrengung das Doppelte.<br \/>\nProdukthinweis: Aufgrund der nat\u00fcrlichen Inhaltsstoffe k\u00f6nnen Abweichungen in der Farbintensit\u00e4t des Produkts auftreten. Dies beeintr\u00e4chtigt jedoch nicht die Produktqualit\u00e4t.<\/p>\n","protected":false},"excerpt":{"rendered":"<p>Lein\u00f6l von Ewalia \u2013 F\u00fcr Haut, Haar und das Wohlbefinden Deines Pferdes Das Lein\u00f6l von Ewalia ist ein wahres Multitalent f\u00fcr Dein Pferd. Es unterst\u00fctzt nicht nur die Gesundheit der Haut und des Haars, sondern auch die Muskulatur, den Stoffwechsel und den Magen-Darm-Trakt. Reich an unges\u00e4ttigten Fetts\u00e4uren und Vitamin E tr\u00e4gt es dazu bei, das [&hellip;]<\/p>\n","protected":false},"featured_media":1575,"comment_status":"open","ping_status":"closed","template":"","meta":[],"product_brand":[],"product_cat":[15,34,46,33],"product_tag":[],"class_list":{"0":"post-1601","1":"product","2":"type-product","3":"status-publish","4":"has-post-thumbnail","6":"product_cat-pferd","7":"product_cat-oele-fette","8":"product_cat-haut-fell-pferd","9":"product_cat-magen-verdauung-pferd","11":"first","12":"instock","13":"taxable","14":"shipping-taxable","15":"purchasable","16":"product-type-simple"},"jetpack_sharing_enabled":true,"_links":{"self":[{"href":"https:\/\/xn--pferdundpftchen-itb.de\/woocommerce\/wp-json\/wp\/v2\/product\/1601","targetHints":{"allow":["GET"]}}],"collection":[{"href":"https:\/\/xn--pferdundpftchen-itb.de\/woocommerce\/wp-json\/wp\/v2\/product"}],"about":[{"href":"https:\/\/xn--pferdundpftchen-itb.de\/woocommerce\/wp-json\/wp\/v2\/types\/product"}],"replies":[{"embeddable":true,"href":"https:\/\/xn--pferdundpftchen-itb.de\/woocommerce\/wp-json\/wp\/v2\/comments?post=1601"}],"wp:featuredmedia":[{"embeddable":true,"href":"https:\/\/xn--pferdundpftchen-itb.de\/woocommerce\/wp-json\/wp\/v2\/media\/1575"}],"wp:attachment":[{"href":"https:\/\/xn--pferdundpftchen-itb.de\/woocommerce\/wp-json\/wp\/v2\/media?parent=1601"}],"wp:term":[{"taxonomy":"product_brand","embeddable":true,"href":"https:\/\/xn--pferdundpftchen-itb.de\/woocommerce\/wp-json\/wp\/v2\/product_brand?post=1601"},{"taxonomy":"product_cat","embeddable":true,"href":"https:\/\/xn--pferdundpftchen-itb.de\/woocommerce\/wp-json\/wp\/v2\/product_cat?post=1601"},{"taxonomy":"product_tag","embeddable":true,"href":"https:\/\/xn--pferdundpftchen-itb.de\/woocommerce\/wp-json\/wp\/v2\/product_tag?post=1601"}],"curies":[{"name":"wp","href":"https:\/\/api.w.org\/{rel}","templated":true}]}}