{"id":1602,"date":"2023-07-08T14:25:31","date_gmt":"2023-07-08T12:25:31","guid":{"rendered":"https:\/\/xn--pferdundpftchen-itb.de\/woocommerce\/?post_type=product&#038;p=1602"},"modified":"2025-01-25T18:17:17","modified_gmt":"2025-01-25T17:17:17","slug":"hanfoel","status":"publish","type":"product","link":"https:\/\/xn--pferdundpftchen-itb.de\/woocommerce\/produkt\/hanfoel\/","title":{"rendered":"Hanf\u00f6l"},"content":{"rendered":"<p><strong>Hanf\u00f6l von Ewalia \u2013 Nat\u00fcrliche Unterst\u00fctzung f\u00fcr Haut, Fell und Immunsystem<\/strong><\/p>\n<p>Das Hanf\u00f6l von Ewalia ist ein hochwertiges Einzelfuttermittel f\u00fcr Dein Pferd, das mit einem hohen Gehalt an unges\u00e4ttigten Fetts\u00e4uren (75%) punktet. Besonders die enthaltene Omega-3-Fetts\u00e4ure Alpha-Linolens\u00e4ure ist f\u00fcr ihre positive Wirkung auf Haut, Fell und das Immunsystem bekannt. Sie sorgt f\u00fcr ein gl\u00e4nzendes, gesundes Fell und unterst\u00fctzt die Hautpflege von innen.<\/p>\n<p>Dar\u00fcber hinaus enth\u00e4lt das Hanf\u00f6l die dreifach unges\u00e4ttigte Omega-6-Fetts\u00e4ure Gamma-Linolens\u00e4ure, die sich g\u00fcnstig auf entz\u00fcndliche Prozesse im K\u00f6rper auswirken kann. Das \u00d6l f\u00f6rdert die allgemeine Gesundheit und das Wohlbefinden Deines Pferdes, indem es Entz\u00fcndungen vorbeugt und das Immunsystem st\u00e4rkt.<\/p>\n<p>Frei von Farbstoffen, chemischen Konservierungsmitteln, Zuckerzus\u00e4tzen und Tierversuchen, bietet das Hanf\u00f6l eine nat\u00fcrliche und effektive Pflege f\u00fcr Dein Pferd \u2013 f\u00fcr Haut, Fell und ein starkes Immunsystem.<\/p>\n<p>Inhalt: 1 Liter<\/p>\n<p>Zusammensetzung: 100% Hanf\u00f6l<\/p>\n<p>F\u00fctterungsempfehlung:<br \/>\n1x t\u00e4glich 30 &#8211; 50 ml (bei 500kg)<br \/>\nBei gro\u00dfer Anstrengung das Doppelte.<br \/>\nProdukthinweis: Aufgrund der nat\u00fcrlichen Inhaltsstoffe k\u00f6nnen Abweichungen in der Farbintensit\u00e4t des Produkts auftreten. Dies beeintr\u00e4chtigt jedoch nicht die Produktqualit\u00e4t.<\/p>\n","protected":false},"excerpt":{"rendered":"<p>Hanf\u00f6l von Ewalia \u2013 Nat\u00fcrliche Unterst\u00fctzung f\u00fcr Haut, Fell und Immunsystem Das Hanf\u00f6l von Ewalia ist ein hochwertiges Einzelfuttermittel f\u00fcr Dein Pferd, das mit einem hohen Gehalt an unges\u00e4ttigten Fetts\u00e4uren (75%) punktet. Besonders die enthaltene Omega-3-Fetts\u00e4ure Alpha-Linolens\u00e4ure ist f\u00fcr ihre positive Wirkung auf Haut, Fell und das Immunsystem bekannt. Sie sorgt f\u00fcr ein gl\u00e4nzendes, gesundes [&hellip;]<\/p>\n","protected":false},"featured_media":1568,"comment_status":"open","ping_status":"closed","template":"","meta":[],"product_brand":[],"product_cat":[15,34,46,56],"product_tag":[],"class_list":{"0":"post-1602","1":"product","2":"type-product","3":"status-publish","4":"has-post-thumbnail","6":"product_cat-pferd","7":"product_cat-oele-fette","8":"product_cat-haut-fell-pferd","9":"product_cat-nerven-stress-pferd","11":"first","12":"instock","13":"taxable","14":"shipping-taxable","15":"purchasable","16":"product-type-simple"},"jetpack_sharing_enabled":true,"_links":{"self":[{"href":"https:\/\/xn--pferdundpftchen-itb.de\/woocommerce\/wp-json\/wp\/v2\/product\/1602","targetHints":{"allow":["GET"]}}],"collection":[{"href":"https:\/\/xn--pferdundpftchen-itb.de\/woocommerce\/wp-json\/wp\/v2\/product"}],"about":[{"href":"https:\/\/xn--pferdundpftchen-itb.de\/woocommerce\/wp-json\/wp\/v2\/types\/product"}],"replies":[{"embeddable":true,"href":"https:\/\/xn--pferdundpftchen-itb.de\/woocommerce\/wp-json\/wp\/v2\/comments?post=1602"}],"wp:featuredmedia":[{"embeddable":true,"href":"https:\/\/xn--pferdundpftchen-itb.de\/woocommerce\/wp-json\/wp\/v2\/media\/1568"}],"wp:attachment":[{"href":"https:\/\/xn--pferdundpftchen-itb.de\/woocommerce\/wp-json\/wp\/v2\/media?parent=1602"}],"wp:term":[{"taxonomy":"product_brand","embeddable":true,"href":"https:\/\/xn--pferdundpftchen-itb.de\/woocommerce\/wp-json\/wp\/v2\/product_brand?post=1602"},{"taxonomy":"product_cat","embeddable":true,"href":"https:\/\/xn--pferdundpftchen-itb.de\/woocommerce\/wp-json\/wp\/v2\/product_cat?post=1602"},{"taxonomy":"product_tag","embeddable":true,"href":"https:\/\/xn--pferdundpftchen-itb.de\/woocommerce\/wp-json\/wp\/v2\/product_tag?post=1602"}],"curies":[{"name":"wp","href":"https:\/\/api.w.org\/{rel}","templated":true}]}}