{"id":1603,"date":"2023-07-08T14:27:29","date_gmt":"2023-07-08T12:27:29","guid":{"rendered":"https:\/\/xn--pferdundpftchen-itb.de\/woocommerce\/?post_type=product&#038;p=1603"},"modified":"2025-01-25T18:18:26","modified_gmt":"2025-01-25T17:18:26","slug":"schwarzkuemmeloel","status":"publish","type":"product","link":"https:\/\/xn--pferdundpftchen-itb.de\/woocommerce\/produkt\/schwarzkuemmeloel\/","title":{"rendered":"Schwarzk\u00fcmmel\u00f6l"},"content":{"rendered":"<p><strong>Schwarzk\u00fcmmel\u00f6l von Ewalia \u2013 Nat\u00fcrliche Unterst\u00fctzung f\u00fcr Lunge, Haut und Darm<\/strong><\/p>\n<p>Das Schwarzk\u00fcmmel\u00f6l von Ewalia ist ein hochwertiges Einzelfuttermittel f\u00fcr Pferde, gewonnen aus kaltgepresstem \u00e4gyptischem Schwarzk\u00fcmmel. Es unterst\u00fctzt die nat\u00fcrlichen physiologischen Abl\u00e4ufe in den Bereichen Lunge, Haut und Darm und sorgt so f\u00fcr das Wohlbefinden Deines Pferdes.<\/p>\n<p>Mit einem hohen Gehalt an einfach und mehrfach unges\u00e4ttigten Fetts\u00e4uren tr\u00e4gt das \u00d6l dazu bei, die nat\u00fcrlichen Abwehrkr\u00e4fte zu st\u00e4rken und das Hautbild zu f\u00f6rdern. Es wirkt ausgleichend auf den gesamten Organismus und unterst\u00fctzt die Atemwege sowie den Verdauungstrakt. Besonders in Zeiten von Stress oder wechselnden Bedingungen kann das Schwarzk\u00fcmmel\u00f6l zu einer stabilen Gesundheit beitragen.<\/p>\n<p>Frei von Farbstoffen, chemischen Konservierungsmitteln, Zuckerzus\u00e4tzen und Tierversuchen bietet das Schwarzk\u00fcmmel\u00f6l eine nat\u00fcrliche und wirksame Pflege f\u00fcr Dein Pferd \u2013 f\u00fcr eine gesunde Lunge, Haut und einen ausgeglichenen Darm.<\/p>\n<p>Inhalt: 1 Liter<\/p>\n<p>Zusammensetzung: 100% Schwarzk\u00fcmmel\u00f6l<\/p>\n<p>F\u00fctterungsempfehlung:<br \/>\nNormalbedarf: 1x t\u00e4glich 15ml &#8211; 30ml (bei 500kg)<br \/>\nBei erh\u00f6htem Bedarf die doppelte Menge.<br \/>\nProdukthinweis: Aufgrund der nat\u00fcrlichen Inhaltsstoffe k\u00f6nnen Abweichungen in der Farbintensit\u00e4t des Produkts auftreten. Dies beeintr\u00e4chtigt jedoch nicht die Produktqualit\u00e4t.<\/p>\n","protected":false},"excerpt":{"rendered":"<p>Schwarzk\u00fcmmel\u00f6l von Ewalia \u2013 Nat\u00fcrliche Unterst\u00fctzung f\u00fcr Lunge, Haut und Darm Das Schwarzk\u00fcmmel\u00f6l von Ewalia ist ein hochwertiges Einzelfuttermittel f\u00fcr Pferde, gewonnen aus kaltgepresstem \u00e4gyptischem Schwarzk\u00fcmmel. Es unterst\u00fctzt die nat\u00fcrlichen physiologischen Abl\u00e4ufe in den Bereichen Lunge, Haut und Darm und sorgt so f\u00fcr das Wohlbefinden Deines Pferdes. Mit einem hohen Gehalt an einfach und mehrfach [&hellip;]<\/p>\n","protected":false},"featured_media":1578,"comment_status":"open","ping_status":"closed","template":"","meta":[],"product_brand":[],"product_cat":[15,34,35,36,33,43],"product_tag":[],"class_list":{"0":"post-1603","1":"product","2":"type-product","3":"status-publish","4":"has-post-thumbnail","6":"product_cat-pferd","7":"product_cat-oele-fette","8":"product_cat-atemwege-lunge","9":"product_cat-immunsystem-pferd","10":"product_cat-magen-verdauung-pferd","11":"product_cat-haut-fell","13":"first","14":"instock","15":"taxable","16":"shipping-taxable","17":"purchasable","18":"product-type-simple"},"jetpack_sharing_enabled":true,"_links":{"self":[{"href":"https:\/\/xn--pferdundpftchen-itb.de\/woocommerce\/wp-json\/wp\/v2\/product\/1603","targetHints":{"allow":["GET"]}}],"collection":[{"href":"https:\/\/xn--pferdundpftchen-itb.de\/woocommerce\/wp-json\/wp\/v2\/product"}],"about":[{"href":"https:\/\/xn--pferdundpftchen-itb.de\/woocommerce\/wp-json\/wp\/v2\/types\/product"}],"replies":[{"embeddable":true,"href":"https:\/\/xn--pferdundpftchen-itb.de\/woocommerce\/wp-json\/wp\/v2\/comments?post=1603"}],"wp:featuredmedia":[{"embeddable":true,"href":"https:\/\/xn--pferdundpftchen-itb.de\/woocommerce\/wp-json\/wp\/v2\/media\/1578"}],"wp:attachment":[{"href":"https:\/\/xn--pferdundpftchen-itb.de\/woocommerce\/wp-json\/wp\/v2\/media?parent=1603"}],"wp:term":[{"taxonomy":"product_brand","embeddable":true,"href":"https:\/\/xn--pferdundpftchen-itb.de\/woocommerce\/wp-json\/wp\/v2\/product_brand?post=1603"},{"taxonomy":"product_cat","embeddable":true,"href":"https:\/\/xn--pferdundpftchen-itb.de\/woocommerce\/wp-json\/wp\/v2\/product_cat?post=1603"},{"taxonomy":"product_tag","embeddable":true,"href":"https:\/\/xn--pferdundpftchen-itb.de\/woocommerce\/wp-json\/wp\/v2\/product_tag?post=1603"}],"curies":[{"name":"wp","href":"https:\/\/api.w.org\/{rel}","templated":true}]}}