{"id":1617,"date":"2023-07-08T14:37:28","date_gmt":"2023-07-08T12:37:28","guid":{"rendered":"https:\/\/xn--pferdundpftchen-itb.de\/woocommerce\/?post_type=product&#038;p=1617"},"modified":"2023-07-08T14:37:29","modified_gmt":"2023-07-08T12:37:29","slug":"supermag-mineralleckstein","status":"publish","type":"product","link":"https:\/\/xn--pferdundpftchen-itb.de\/woocommerce\/produkt\/supermag-mineralleckstein\/","title":{"rendered":"SuperMAG Mineralleckstein"},"content":{"rendered":"<p>Magnesium ist ein sehr wichtiger Mineralstoff und wird nicht nur in den Muskeln gespeichert, sondern zusammen mit Calcium und Phosphor auch in den Knochen (ca. 12% Magnesiumanteil) und Z\u00e4hnen. Magnesium gilt als Schl\u00fcsselelement f\u00fcr die Muskelbildung, den Muskelstoffwechsel und somit f\u00fcr eine lockere und gut arbeitende Muskulatur.<\/p>\n<p>Der Mineralsalzleckstein Super MAG ist mit seiner spezielle Kombination von Magnesium, Calcium, Phospor und weiteren Mineralien eine ideale Ausgleichsquelle bei erh\u00f6htem Magnesiumbedarf. Dieser besteht besonders bei Jungtieren, in Stresssituation, wetterf\u00fchligen Tieren und bei \u00e4lteren Tieren.<\/p>\n<p>Eine gute Magnesiumversorgung ist durch eine nat\u00fcrliche F\u00fctterung (Grundfuttermittel) oft nicht gew\u00e4hrleistet. Der Super MAG ist hier die perfekte Erg\u00e4nzung, um eine ausreichende Magnesiumversorgung zu erm\u00f6glichen, besonders auch bei Weidef\u00fctterung.<\/p>\n<p>Der hohe Magnesiumanteil im Super MAG erm\u00f6glicht einen positiven Effekt auf die Geburt von gesunden K\u00e4lbern, L\u00e4mmern und Fohlen.<\/p>\n<p>Der SuperMAG ist geeignet f\u00fcr eine \u00f6kologische Ern\u00e4hrung gem\u00e4\u00df EG-\u00d6KO 889\/2008 und 848\/2018 VO (EG).<\/p>\n<p>Wirkung + Vorteile:<br \/>\nLockere und gesunde Muskulatur<br \/>\nEntspannte und vitale Tiere<br \/>\nVermeidung von Verspannungskoliken<br \/>\nGes\u00fcndere Neugeborene<br \/>\nVerbesserung der Fruchtbarkeit<br \/>\nVerbesserte Qualit\u00e4t der Kolostralmilch (Kolostrum)<br \/>\nSteigerung der Abwehrkr\u00e4fte, u.a. gegen Drehkrankheit oder Hufrehe \/Laminitis (Pferde)<br \/>\nAusgleich von Magnesiummangel besonders bei nat\u00fcrlicher F\u00fctterung<\/p>\n<p>Gewicht: 3kg<\/p>\n<p>Zusammensetzung: Natriumchlorid, Magnesiumoxid, Calciumcarbonat, Dicalciumphosphat, Melasse (0,3%)<\/p>\n","protected":false},"excerpt":{"rendered":"<p>Magnesium ist ein sehr wichtiger Mineralstoff und wird nicht nur in den Muskeln gespeichert, sondern zusammen mit Calcium und Phosphor auch in den Knochen (ca. 12% Magnesiumanteil) und Z\u00e4hnen. Magnesium gilt als Schl\u00fcsselelement f\u00fcr die Muskelbildung, den Muskelstoffwechsel und somit f\u00fcr eine lockere und gut arbeitende Muskulatur. Der Mineralsalzleckstein Super MAG ist mit seiner spezielle [&hellip;]<\/p>\n","protected":false},"featured_media":1613,"comment_status":"open","ping_status":"closed","template":"","meta":[],"product_brand":[],"product_cat":[15,70,53,49,33,56],"product_tag":[],"class_list":{"0":"post-1617","1":"product","2":"type-product","3":"status-publish","4":"has-post-thumbnail","6":"product_cat-pferd","7":"product_cat-mineralstoffe-pferd","8":"product_cat-gelenke-bewegungsapparat-pferd","9":"product_cat-hormone-fortpflanzung","10":"product_cat-magen-verdauung-pferd","11":"product_cat-nerven-stress-pferd","13":"first","14":"instock","15":"taxable","16":"shipping-taxable","17":"purchasable","18":"product-type-simple"},"jetpack_sharing_enabled":true,"_links":{"self":[{"href":"https:\/\/xn--pferdundpftchen-itb.de\/woocommerce\/wp-json\/wp\/v2\/product\/1617","targetHints":{"allow":["GET"]}}],"collection":[{"href":"https:\/\/xn--pferdundpftchen-itb.de\/woocommerce\/wp-json\/wp\/v2\/product"}],"about":[{"href":"https:\/\/xn--pferdundpftchen-itb.de\/woocommerce\/wp-json\/wp\/v2\/types\/product"}],"replies":[{"embeddable":true,"href":"https:\/\/xn--pferdundpftchen-itb.de\/woocommerce\/wp-json\/wp\/v2\/comments?post=1617"}],"wp:featuredmedia":[{"embeddable":true,"href":"https:\/\/xn--pferdundpftchen-itb.de\/woocommerce\/wp-json\/wp\/v2\/media\/1613"}],"wp:attachment":[{"href":"https:\/\/xn--pferdundpftchen-itb.de\/woocommerce\/wp-json\/wp\/v2\/media?parent=1617"}],"wp:term":[{"taxonomy":"product_brand","embeddable":true,"href":"https:\/\/xn--pferdundpftchen-itb.de\/woocommerce\/wp-json\/wp\/v2\/product_brand?post=1617"},{"taxonomy":"product_cat","embeddable":true,"href":"https:\/\/xn--pferdundpftchen-itb.de\/woocommerce\/wp-json\/wp\/v2\/product_cat?post=1617"},{"taxonomy":"product_tag","embeddable":true,"href":"https:\/\/xn--pferdundpftchen-itb.de\/woocommerce\/wp-json\/wp\/v2\/product_tag?post=1617"}],"curies":[{"name":"wp","href":"https:\/\/api.w.org\/{rel}","templated":true}]}}