{"id":1618,"date":"2023-07-08T14:39:25","date_gmt":"2023-07-08T12:39:25","guid":{"rendered":"https:\/\/xn--pferdundpftchen-itb.de\/woocommerce\/?post_type=product&#038;p=1618"},"modified":"2023-07-08T14:39:26","modified_gmt":"2023-07-08T12:39:26","slug":"kraeuter-block-mineralleckstein","status":"publish","type":"product","link":"https:\/\/xn--pferdundpftchen-itb.de\/woocommerce\/produkt\/kraeuter-block-mineralleckstein\/","title":{"rendered":"Kr\u00e4uter Block Mineralleckstein"},"content":{"rendered":"<p>Kr\u00e4uter-Mineralleckstein f\u00fcr ein wurmfeindliches\u00a0Darmmilieu<\/p>\n<p>Der Kr\u00e4uterBlock ist mit speziellen Bitterkr\u00e4utern\u00a0angereichert und st\u00e4rkt somit auf nat\u00fcrliche Weise das Darmmilieu gegen einen Wurmbesatz. Neben Salz und Spurenelementen werden \u00fcber den Kr\u00e4uterBlock bestimmte Kr\u00e4uter aufgenommen, welche durch ihren hohen Anteil an Bitter- und Gerbstoffen das Darmmilieu wurmunfreundlich gestalten. Bei in Wildnis lebenden Artgenossen tragen diese Stoffe, welche \u00fcber Pflanzen und Kr\u00e4uter aufgenommenen werden, dazu bei, einen \u00fcberm\u00e4\u00dfigen bzw. krankhaften Wurmbesatz durch gesunde Ern\u00e4hrung zu vermeiden. Um seltener einen Grund f\u00fcr chemische Wurmkuren zu haben, sollte der Darm der Tiere daher mit entsprechenden Kr\u00e4utern gest\u00e4rkt und unterst\u00fctzt werden.<\/p>\n<p>Unser Kr\u00e4uterBlock ist nach den Anti-Doping und Medikamentenkontroll-Regeln (ADMR)\u00a0der Deutschen Reiterlichen Vereinigung (FN) dopingfrei.\u00a0<\/p>\n<p>Wirkung und Vorteile:<br \/>\nSt\u00e4rkt den Darm f\u00fcr ein wurmunfreundliches Darmmilieu<br \/>\nUnterst\u00fctzt mithilfe der speziellen Kr\u00e4utermischung eine gesunde Ern\u00e4hrung<br \/>\nKann dazu beitragen chemische Wurmkuren seltener zu ben\u00f6tigen<br \/>\nUnterst\u00fctzt den Stoffwechsel und das allgemeine Wohlbefinden<br \/>\nKann zur Vermeidung von Mangelerkrankungen beitragen<\/p>\n<p>Gewicht: 3kg<\/p>\n<p>Zusammensetzung: Natriumchlorid, Kr\u00e4utermischung 1% (K\u00fcrbiskerne, Walnussbl\u00e4tter, Wurmfarnkraut, Eberrautenkraut, Koriander, B\u00e4rlauchkraut, L\u00f6wenzahnwurzel), Calciumcarbonat, Magnesiumoxid, Melasse 0,2%<\/p>\n","protected":false},"excerpt":{"rendered":"<p>Kr\u00e4uter-Mineralleckstein f\u00fcr ein wurmfeindliches\u00a0Darmmilieu Der Kr\u00e4uterBlock ist mit speziellen Bitterkr\u00e4utern\u00a0angereichert und st\u00e4rkt somit auf nat\u00fcrliche Weise das Darmmilieu gegen einen Wurmbesatz. Neben Salz und Spurenelementen werden \u00fcber den Kr\u00e4uterBlock bestimmte Kr\u00e4uter aufgenommen, welche durch ihren hohen Anteil an Bitter- und Gerbstoffen das Darmmilieu wurmunfreundlich gestalten. Bei in Wildnis lebenden Artgenossen tragen diese Stoffe, welche \u00fcber [&hellip;]<\/p>\n","protected":false},"featured_media":1608,"comment_status":"open","ping_status":"closed","template":"","meta":[],"product_brand":[],"product_cat":[70,39,33],"product_tag":[],"class_list":{"0":"post-1618","1":"product","2":"type-product","3":"status-publish","4":"has-post-thumbnail","6":"product_cat-mineralstoffe-pferd","7":"product_cat-parasiten-pferd","8":"product_cat-magen-verdauung-pferd","10":"first","11":"instock","12":"taxable","13":"shipping-taxable","14":"purchasable","15":"product-type-simple"},"jetpack_sharing_enabled":true,"_links":{"self":[{"href":"https:\/\/xn--pferdundpftchen-itb.de\/woocommerce\/wp-json\/wp\/v2\/product\/1618","targetHints":{"allow":["GET"]}}],"collection":[{"href":"https:\/\/xn--pferdundpftchen-itb.de\/woocommerce\/wp-json\/wp\/v2\/product"}],"about":[{"href":"https:\/\/xn--pferdundpftchen-itb.de\/woocommerce\/wp-json\/wp\/v2\/types\/product"}],"replies":[{"embeddable":true,"href":"https:\/\/xn--pferdundpftchen-itb.de\/woocommerce\/wp-json\/wp\/v2\/comments?post=1618"}],"wp:featuredmedia":[{"embeddable":true,"href":"https:\/\/xn--pferdundpftchen-itb.de\/woocommerce\/wp-json\/wp\/v2\/media\/1608"}],"wp:attachment":[{"href":"https:\/\/xn--pferdundpftchen-itb.de\/woocommerce\/wp-json\/wp\/v2\/media?parent=1618"}],"wp:term":[{"taxonomy":"product_brand","embeddable":true,"href":"https:\/\/xn--pferdundpftchen-itb.de\/woocommerce\/wp-json\/wp\/v2\/product_brand?post=1618"},{"taxonomy":"product_cat","embeddable":true,"href":"https:\/\/xn--pferdundpftchen-itb.de\/woocommerce\/wp-json\/wp\/v2\/product_cat?post=1618"},{"taxonomy":"product_tag","embeddable":true,"href":"https:\/\/xn--pferdundpftchen-itb.de\/woocommerce\/wp-json\/wp\/v2\/product_tag?post=1618"}],"curies":[{"name":"wp","href":"https:\/\/api.w.org\/{rel}","templated":true}]}}