{"id":1620,"date":"2023-07-08T14:41:11","date_gmt":"2023-07-08T12:41:11","guid":{"rendered":"https:\/\/xn--pferdundpftchen-itb.de\/woocommerce\/?post_type=product&#038;p=1620"},"modified":"2023-07-08T14:41:11","modified_gmt":"2023-07-08T12:41:11","slug":"zincoblock-mineralleckstein","status":"publish","type":"product","link":"https:\/\/xn--pferdundpftchen-itb.de\/woocommerce\/produkt\/zincoblock-mineralleckstein\/","title":{"rendered":"Zincoblock Mineralleckstein"},"content":{"rendered":"<p>Zinkmangel ist bei Pferden ein recht h\u00e4ufiges Problem und kann Ursache sein f\u00fcr z.B. stumpfes Fell und br\u00fcchiges Hufhorn. Ist zu wenig Zink im Organismus vorhanden, k\u00f6nnen die Toxine und Giftstoffe nicht gebunden werden und bleiben im K\u00f6rper.<\/p>\n<p>Durch die spezielle Kombination von Zink, Kobalt und Selen ist der Mineralsalzleckstein ZINCOBLOCK ideal zur Vorbeugung von Stoffwechselst\u00f6rungen, Haut- und Fellproblemen, br\u00fcchigem Hufhorn, Muskelkrankheiten und Fruchtbarkeitsproblemen.  <\/p>\n<p>ZINCOBLOCK kann damit aktiv unterst\u00fctzen: den Abtransport von Toxinen und Giftstoffen, Wachstum eines gesundes Fells, Hufhornbildung, Vermeidung von Pilzerkrankungen, Verbesserung der Fruchtbarkeit, des Wachstums und des allgemeinen Gesundheitszustands.<\/p>\n<p>Der ZINCOBLOCK ist geeignet f\u00fcr eine \u00f6kologische Ern\u00e4hrung gem\u00e4\u00df EG-\u00d6KO 889\/2008 und 848\/2018 VO (EG).<\/p>\n<p>Wirkung + Vorteile:<br \/>\nGesundes Horn, Haut und Haar bzw. Fell<br \/>\nSt\u00e4rkung der Abwehrkr\u00e4fte, u.a. gegen Pilzerkrankungen<br \/>\nVerbesserung der Fruchtbarkeit<br \/>\nF\u00f6rdert den Entgiftungsprozess des Pferdes<\/p>\n<p>Gewicht: 3kg <\/p>\n<p>Zusammensetzung: Natriumchlorid, Calciumcarbonat, Melasse\u00a0(0,2%)<\/p>\n","protected":false},"excerpt":{"rendered":"<p>Zinkmangel ist bei Pferden ein recht h\u00e4ufiges Problem und kann Ursache sein f\u00fcr z.B. stumpfes Fell und br\u00fcchiges Hufhorn. Ist zu wenig Zink im Organismus vorhanden, k\u00f6nnen die Toxine und Giftstoffe nicht gebunden werden und bleiben im K\u00f6rper. Durch die spezielle Kombination von Zink, Kobalt und Selen ist der Mineralsalzleckstein ZINCOBLOCK ideal zur Vorbeugung von [&hellip;]<\/p>\n","protected":false},"featured_media":1614,"comment_status":"open","ping_status":"closed","template":"","meta":[],"product_brand":[],"product_cat":[15,70,46,49],"product_tag":[],"class_list":{"0":"post-1620","1":"product","2":"type-product","3":"status-publish","4":"has-post-thumbnail","6":"product_cat-pferd","7":"product_cat-mineralstoffe-pferd","8":"product_cat-haut-fell-pferd","9":"product_cat-hormone-fortpflanzung","11":"first","12":"instock","13":"taxable","14":"shipping-taxable","15":"purchasable","16":"product-type-simple"},"jetpack_sharing_enabled":true,"_links":{"self":[{"href":"https:\/\/xn--pferdundpftchen-itb.de\/woocommerce\/wp-json\/wp\/v2\/product\/1620","targetHints":{"allow":["GET"]}}],"collection":[{"href":"https:\/\/xn--pferdundpftchen-itb.de\/woocommerce\/wp-json\/wp\/v2\/product"}],"about":[{"href":"https:\/\/xn--pferdundpftchen-itb.de\/woocommerce\/wp-json\/wp\/v2\/types\/product"}],"replies":[{"embeddable":true,"href":"https:\/\/xn--pferdundpftchen-itb.de\/woocommerce\/wp-json\/wp\/v2\/comments?post=1620"}],"wp:featuredmedia":[{"embeddable":true,"href":"https:\/\/xn--pferdundpftchen-itb.de\/woocommerce\/wp-json\/wp\/v2\/media\/1614"}],"wp:attachment":[{"href":"https:\/\/xn--pferdundpftchen-itb.de\/woocommerce\/wp-json\/wp\/v2\/media?parent=1620"}],"wp:term":[{"taxonomy":"product_brand","embeddable":true,"href":"https:\/\/xn--pferdundpftchen-itb.de\/woocommerce\/wp-json\/wp\/v2\/product_brand?post=1620"},{"taxonomy":"product_cat","embeddable":true,"href":"https:\/\/xn--pferdundpftchen-itb.de\/woocommerce\/wp-json\/wp\/v2\/product_cat?post=1620"},{"taxonomy":"product_tag","embeddable":true,"href":"https:\/\/xn--pferdundpftchen-itb.de\/woocommerce\/wp-json\/wp\/v2\/product_tag?post=1620"}],"curies":[{"name":"wp","href":"https:\/\/api.w.org\/{rel}","templated":true}]}}