{"id":1622,"date":"2023-07-08T14:42:45","date_gmt":"2023-07-08T12:42:45","guid":{"rendered":"https:\/\/xn--pferdundpftchen-itb.de\/woocommerce\/?post_type=product&#038;p=1622"},"modified":"2023-07-08T14:42:46","modified_gmt":"2023-07-08T12:42:46","slug":"biotin-plus-mineralleckstein","status":"publish","type":"product","link":"https:\/\/xn--pferdundpftchen-itb.de\/woocommerce\/produkt\/biotin-plus-mineralleckstein\/","title":{"rendered":"Biotin Plus Mineralleckstein"},"content":{"rendered":"<p>Der Mineralsalzleckstein BIOTIN+plus erg\u00e4nzt die t\u00e4gliche Nahrung ideal mit Salz, Spurenelementen und BIOTIN.\u00a0<\/p>\n<p>Biotin hat eine positive Wirkung bez\u00fcglich der Struktur und Belastbarkeit von Hufen und Haaren, was wissenschaftlich belegt ist. Biotin f\u00f6rdert\u00a0die Bildung von Keratinzellen und damit die Hornbildung. Der Zusammenhalt des Hufhorns wird so deutlich verbessert.\u00a0<\/p>\n<p>Die Grundbestandteile des Lecksteins BIOTIN+ sind\u00a0sehr hochwertiges Mittelmeersalz mit nat\u00fcrlichem Iod und zus\u00e4tzlich Spurenelemente, Vitamin E und Biotin.<\/p>\n<p>Unser Leckstein BIOTIN+ ist einzigartig mit dieser hochwertigen Kombination.<\/p>\n<p>Wirkung + Vorteile:<br \/>\nBiotin f\u00fcr gesunde Hufe und sch\u00f6nes Fell<br \/>\nSteigerung der Abwehrkr\u00e4fte<br \/>\nGesunde\u00a0und sch\u00f6ne\u00a0Haut<br \/>\nBei K\u00fchen: Vorbeugen von Mastitis (Entz\u00fcndung der Milchdr\u00fcse bzw. Euter)<br \/>\nVerbesserung der Milchqualit\u00e4t<\/p>\n<p>Gewicht: 3kg<\/p>\n<p>Zusammensetzung: Natriumchlorid, Calciumcarbonat, Magnesiumoxid, Melasse\u00a0(0,2%)<\/p>\n","protected":false},"excerpt":{"rendered":"<p>Der Mineralsalzleckstein BIOTIN+plus erg\u00e4nzt die t\u00e4gliche Nahrung ideal mit Salz, Spurenelementen und BIOTIN.\u00a0 Biotin hat eine positive Wirkung bez\u00fcglich der Struktur und Belastbarkeit von Hufen und Haaren, was wissenschaftlich belegt ist. Biotin f\u00f6rdert\u00a0die Bildung von Keratinzellen und damit die Hornbildung. Der Zusammenhalt des Hufhorns wird so deutlich verbessert.\u00a0 Die Grundbestandteile des Lecksteins BIOTIN+ sind\u00a0sehr hochwertiges [&hellip;]<\/p>\n","protected":false},"featured_media":1607,"comment_status":"open","ping_status":"closed","template":"","meta":[],"product_brand":[],"product_cat":[15,70,46],"product_tag":[],"class_list":{"0":"post-1622","1":"product","2":"type-product","3":"status-publish","4":"has-post-thumbnail","6":"product_cat-pferd","7":"product_cat-mineralstoffe-pferd","8":"product_cat-haut-fell-pferd","10":"first","11":"instock","12":"taxable","13":"shipping-taxable","14":"purchasable","15":"product-type-simple"},"jetpack_sharing_enabled":true,"_links":{"self":[{"href":"https:\/\/xn--pferdundpftchen-itb.de\/woocommerce\/wp-json\/wp\/v2\/product\/1622","targetHints":{"allow":["GET"]}}],"collection":[{"href":"https:\/\/xn--pferdundpftchen-itb.de\/woocommerce\/wp-json\/wp\/v2\/product"}],"about":[{"href":"https:\/\/xn--pferdundpftchen-itb.de\/woocommerce\/wp-json\/wp\/v2\/types\/product"}],"replies":[{"embeddable":true,"href":"https:\/\/xn--pferdundpftchen-itb.de\/woocommerce\/wp-json\/wp\/v2\/comments?post=1622"}],"wp:featuredmedia":[{"embeddable":true,"href":"https:\/\/xn--pferdundpftchen-itb.de\/woocommerce\/wp-json\/wp\/v2\/media\/1607"}],"wp:attachment":[{"href":"https:\/\/xn--pferdundpftchen-itb.de\/woocommerce\/wp-json\/wp\/v2\/media?parent=1622"}],"wp:term":[{"taxonomy":"product_brand","embeddable":true,"href":"https:\/\/xn--pferdundpftchen-itb.de\/woocommerce\/wp-json\/wp\/v2\/product_brand?post=1622"},{"taxonomy":"product_cat","embeddable":true,"href":"https:\/\/xn--pferdundpftchen-itb.de\/woocommerce\/wp-json\/wp\/v2\/product_cat?post=1622"},{"taxonomy":"product_tag","embeddable":true,"href":"https:\/\/xn--pferdundpftchen-itb.de\/woocommerce\/wp-json\/wp\/v2\/product_tag?post=1622"}],"curies":[{"name":"wp","href":"https:\/\/api.w.org\/{rel}","templated":true}]}}