{"id":1625,"date":"2023-07-08T14:47:58","date_gmt":"2023-07-08T12:47:58","guid":{"rendered":"https:\/\/xn--pferdundpftchen-itb.de\/woocommerce\/?post_type=product&#038;p=1625"},"modified":"2023-07-08T14:47:59","modified_gmt":"2023-07-08T12:47:59","slug":"pobiotic-mineralleckstein","status":"publish","type":"product","link":"https:\/\/xn--pferdundpftchen-itb.de\/woocommerce\/produkt\/pobiotic-mineralleckstein\/","title":{"rendered":"Pobiotic Mineralleckstein"},"content":{"rendered":"<p>PROBIOTIC hat durch seinen Anteil an Lebendhefe eine verdauungsf\u00f6rdernde und abwehrst\u00e4rkende Wirkung.<\/p>\n<p>Wirkung + Vorteile:<br \/>\nLebendhefen erh\u00f6hen die Verdaulichkeit der Faserstruktur (Rohfaser) von Heu oder Stroh<br \/>\nSteigerung der Abwehrkr\u00e4fte<br \/>\nVerbesserte Qualit\u00e4t der Kolostralmilch (Kolostrum)<br \/>\nErh\u00f6hte Fruchtbarkeit<br \/>\nSt\u00e4rkung der Abwehrkr\u00e4fte gegen Hufrehe (Laminitis)<br \/>\nIdeal zur St\u00e4rkung von Senioren-Pferden<\/p>\n<p>Wirkung + Vorteile speziell bei Pferden:<br \/>\nLebendhefen erh\u00f6hen die Faserverdauung<br \/>\nMit den Lebendhefen in PROBIOTIC wird eine h\u00f6here Verdaulichkeit der Faserstruktur (Rohfaser) von Heu oder Stroh erreicht. Diese Fasern m\u00fcssen im Blind- und Dickdarm verdaut werden. Grobes Heu aber bedarf einer sehr hohen Aktivit\u00e4t der im Dickdarm befindlichen rohfaserverdauenden Bakterien. Die zellulosespaltenden Mikroorganismen im Dickdarm werden durch die zugef\u00fctterte Lebendhefe stabilisiert und somit wird eine verbesserte Verdauungsaktivt\u00e4t erreicht. Gerade bei Pferden mit einer Neigung zu Kotwasser, insbesondere bei der Umstellung von Weide auf Heu und Stroh, k\u00f6nnen mit der F\u00fctterung von Lebendhefen gute Erfolge erzielt werden.<\/p>\n<p>Lebendhefen haben eine immunogene und antimikrobielle Wirkung auf das Pferd<\/p>\n<p>Die lebenden Hefezellen in PROBIOTIC bewirken eine unspezifische Stimulierung des Immunsystems. Aufgrund ihrer besonderen Glykoproteinstruktur der Zelloberfl\u00e4che kommt es zu Abwehrreaktionen, die die aktive Immunabwehr des Pferdes st\u00e4rken. Die Barrierefunktion der Darmschleimhaut wird durch eine Zuf\u00fctterung von Lebendhefe unterst\u00fctzt. Diese Hefen sind auch in der Lage bakterielle Toxine zu binden und das Anheften verschiedener Krankheitserreger an die Darmwand des Pferdes zu unterdr\u00fccken bzw. deren Ausscheidung zu f\u00f6rdern.<\/p>\n<p>SeniorPferde:\u00a0<br \/>\nPROBIOTIC f\u00f6rdert mit seinen Lebendhefen die tr\u00e4ger werdende Verdauung und das Immunsystem bei Pferde-Senioren oder geschw\u00e4chten Pferden. Der oft erh\u00f6hte Bedarf an Mineralien und Vitaminen bei Seniorpferden (z.B. Zink, Vitamin E und A) wird unterst\u00fctzt.<\/p>\n<p>Gewicht: 3kg<\/p>\n<p>Zusammensetzung: Natriumchlorid, Magnesiumoxid, Calciumcarbonat, Dicalciumphosphat, Melasse (0,3%)<\/p>\n","protected":false},"excerpt":{"rendered":"<p>PROBIOTIC hat durch seinen Anteil an Lebendhefe eine verdauungsf\u00f6rdernde und abwehrst\u00e4rkende Wirkung. Wirkung + Vorteile: Lebendhefen erh\u00f6hen die Verdaulichkeit der Faserstruktur (Rohfaser) von Heu oder Stroh Steigerung der Abwehrkr\u00e4fte Verbesserte Qualit\u00e4t der Kolostralmilch (Kolostrum) Erh\u00f6hte Fruchtbarkeit St\u00e4rkung der Abwehrkr\u00e4fte gegen Hufrehe (Laminitis) Ideal zur St\u00e4rkung von Senioren-Pferden Wirkung + Vorteile speziell bei Pferden: Lebendhefen erh\u00f6hen [&hellip;]<\/p>\n","protected":false},"featured_media":1612,"comment_status":"open","ping_status":"closed","template":"","meta":[],"product_brand":[],"product_cat":[15,70,33],"product_tag":[],"class_list":{"0":"post-1625","1":"product","2":"type-product","3":"status-publish","4":"has-post-thumbnail","6":"product_cat-pferd","7":"product_cat-mineralstoffe-pferd","8":"product_cat-magen-verdauung-pferd","10":"first","11":"instock","12":"taxable","13":"shipping-taxable","14":"purchasable","15":"product-type-simple"},"jetpack_sharing_enabled":true,"_links":{"self":[{"href":"https:\/\/xn--pferdundpftchen-itb.de\/woocommerce\/wp-json\/wp\/v2\/product\/1625","targetHints":{"allow":["GET"]}}],"collection":[{"href":"https:\/\/xn--pferdundpftchen-itb.de\/woocommerce\/wp-json\/wp\/v2\/product"}],"about":[{"href":"https:\/\/xn--pferdundpftchen-itb.de\/woocommerce\/wp-json\/wp\/v2\/types\/product"}],"replies":[{"embeddable":true,"href":"https:\/\/xn--pferdundpftchen-itb.de\/woocommerce\/wp-json\/wp\/v2\/comments?post=1625"}],"wp:featuredmedia":[{"embeddable":true,"href":"https:\/\/xn--pferdundpftchen-itb.de\/woocommerce\/wp-json\/wp\/v2\/media\/1612"}],"wp:attachment":[{"href":"https:\/\/xn--pferdundpftchen-itb.de\/woocommerce\/wp-json\/wp\/v2\/media?parent=1625"}],"wp:term":[{"taxonomy":"product_brand","embeddable":true,"href":"https:\/\/xn--pferdundpftchen-itb.de\/woocommerce\/wp-json\/wp\/v2\/product_brand?post=1625"},{"taxonomy":"product_cat","embeddable":true,"href":"https:\/\/xn--pferdundpftchen-itb.de\/woocommerce\/wp-json\/wp\/v2\/product_cat?post=1625"},{"taxonomy":"product_tag","embeddable":true,"href":"https:\/\/xn--pferdundpftchen-itb.de\/woocommerce\/wp-json\/wp\/v2\/product_tag?post=1625"}],"curies":[{"name":"wp","href":"https:\/\/api.w.org\/{rel}","templated":true}]}}