{"id":1630,"date":"2023-07-08T14:54:42","date_gmt":"2023-07-08T12:54:42","guid":{"rendered":"https:\/\/xn--pferdundpftchen-itb.de\/woocommerce\/?post_type=product&#038;p=1630"},"modified":"2023-07-08T14:55:22","modified_gmt":"2023-07-08T12:55:22","slug":"selen-plus-vitamin-mineralleckstein","status":"publish","type":"product","link":"https:\/\/xn--pferdundpftchen-itb.de\/woocommerce\/produkt\/selen-plus-vitamin-mineralleckstein\/","title":{"rendered":"Vitamin Plus Selen Mineralleckstein"},"content":{"rendered":"<p>Die hochwertige Rezeptur des Lecksteins mit Selen in Kombination mit Vitamin A, D3 und E wirkt sich sehr positiv auf das Immunsystem und die Stoffwechselprozesse des Pferdes aus.<\/p>\n<p>Durch eine ausreichende Versorgung mit  Vitaminen und Selen k\u00f6nnen die Zellen des Pferdes vor sch\u00e4dlichen Einfl\u00fcssen gesch\u00fctzt und die Produktion von Antik\u00f6rpern unterst\u00fctzt werden.<\/p>\n<p>Da heute die meisten B\u00f6den sehr selenarm sind, ist folglich auch der Selengehalt im Grundfutter, wie Heu und Gras, zu gering bzw. mangelhaft. Der Leckstein Vitamin Plus Selen kann einer Mangelversorgung vorbeugen und die Gesundheit und Vitalit\u00e4t des Pferdes kann erhalten bzw. gesteigert werden.<\/p>\n<p>Das enthaltene Selen, in anorganischer und organischer Form, weist eine sehr hohe Bioverf\u00fcgbarkeit auf, um effizient einem m\u00f6glichen Selenmangel entgegenzuwirken.<\/p>\n<p>Wirkung + Vorteile:<br \/>\nKann die Zellen des Pferdes vor sch\u00e4dlichen Einfl\u00fcssen sch\u00fctzen<br \/>\nKann die Produktion von Anti-K\u00f6rpern unterst\u00fctzen<br \/>\nWirkt einem Selenmangel beim Pferd entgegen<br \/>\nUnterst\u00fctzt eine gesunde, ausgewogene Ern\u00e4hrung<br \/>\nF\u00fcr mehr Vitalit\u00e4t und Produktivit\u00e4t<\/p>\n<p>Selen bei Pferden:<br \/>\nPferde ben\u00f6tigen Selen f\u00fcr verschiedene wichtige Funktionen in ihrem K\u00f6rper. Selen ist ein essentielles Spurenelement, das an zahlreichen Stoffwechselprozessen beteiligt ist. Hier sind einige wichtige Gr\u00fcnde, warum Pferde Selen ben\u00f6tigen:<br \/>\n&#8211; Antioxidative Funktion: Selen ist ein Bestandteil des Enzyms Glutathionperoxidase, das als Antioxidans wirkt. Es sch\u00fctzt die Zellen vor sch\u00e4dlichen freien Radikalen und oxidativem Stress.<br \/>\n&#8211; Schilddr\u00fcsenfunktion: Selen ist f\u00fcr die normale Funktion der Schilddr\u00fcse erforderlich. Es hilft bei der Produktion von Schilddr\u00fcsenhormonen, die den Stoffwechsel, das Wachstum und die Reproduktion beeinflussen.<br \/>\n&#8211; Immunsystem: Selen spielt eine wichtige Rolle bei der Unterst\u00fctzung des Immunsystems. Es ist an der Regulation von Immunantworten beteiligt und unterst\u00fctzt die Abwehr gegen Krankheitserreger.<br \/>\n&#8211; Muskelfunktion: Selen ist f\u00fcr die normale Muskelfunktion wichtig. Es tr\u00e4gt zur Aufrechterhaltung einer gesunden Muskelaktivit\u00e4t, einschlie\u00dflich des Herzmuskels, bei.<br \/>\n-Fortpflanzung: Selen ist auch f\u00fcr die Fortpflanzung bei Pferden von Bedeutung. Es spielt eine Rolle bei der Spermienproduktion bei Hengsten und der Fruchtbarkeit von Stuten.<\/p>\n<p>Es ist wichtig, dass Pferde ausreichend Selen erhalten, da ein Mangel oder \u00dcberschuss zu gesundheitlichen Problemen f\u00fchren kann. Die genaue Menge an Selen, die ein Pferd ben\u00f6tigt, h\u00e4ngt von verschiedenen Faktoren wie Alter, Gewicht, Aktivit\u00e4tsniveau und Gesundheitszustand ab.<\/p>\n<p>Gewicht: 3kg<\/p>\n<p>Zusammensetzung: Natriumchlorid, Calciumcarbonat, Dicalciumphosphat, Magnesiumoxid, Melasse (0,2%)<\/p>\n","protected":false},"excerpt":{"rendered":"<p>Die hochwertige Rezeptur des Lecksteins mit Selen in Kombination mit Vitamin A, D3 und E wirkt sich sehr positiv auf das Immunsystem und die Stoffwechselprozesse des Pferdes aus. Durch eine ausreichende Versorgung mit Vitaminen und Selen k\u00f6nnen die Zellen des Pferdes vor sch\u00e4dlichen Einfl\u00fcssen gesch\u00fctzt und die Produktion von Antik\u00f6rpern unterst\u00fctzt werden. Da heute die [&hellip;]<\/p>\n","protected":false},"featured_media":877,"comment_status":"open","ping_status":"closed","template":"","meta":[],"product_brand":[],"product_cat":[15,70,53,49,36],"product_tag":[],"class_list":{"0":"post-1630","1":"product","2":"type-product","3":"status-publish","4":"has-post-thumbnail","6":"product_cat-pferd","7":"product_cat-mineralstoffe-pferd","8":"product_cat-gelenke-bewegungsapparat-pferd","9":"product_cat-hormone-fortpflanzung","10":"product_cat-immunsystem-pferd","12":"first","13":"instock","14":"taxable","15":"shipping-taxable","16":"purchasable","17":"product-type-simple"},"jetpack_sharing_enabled":true,"_links":{"self":[{"href":"https:\/\/xn--pferdundpftchen-itb.de\/woocommerce\/wp-json\/wp\/v2\/product\/1630","targetHints":{"allow":["GET"]}}],"collection":[{"href":"https:\/\/xn--pferdundpftchen-itb.de\/woocommerce\/wp-json\/wp\/v2\/product"}],"about":[{"href":"https:\/\/xn--pferdundpftchen-itb.de\/woocommerce\/wp-json\/wp\/v2\/types\/product"}],"replies":[{"embeddable":true,"href":"https:\/\/xn--pferdundpftchen-itb.de\/woocommerce\/wp-json\/wp\/v2\/comments?post=1630"}],"wp:featuredmedia":[{"embeddable":true,"href":"https:\/\/xn--pferdundpftchen-itb.de\/woocommerce\/wp-json\/wp\/v2\/media\/877"}],"wp:attachment":[{"href":"https:\/\/xn--pferdundpftchen-itb.de\/woocommerce\/wp-json\/wp\/v2\/media?parent=1630"}],"wp:term":[{"taxonomy":"product_brand","embeddable":true,"href":"https:\/\/xn--pferdundpftchen-itb.de\/woocommerce\/wp-json\/wp\/v2\/product_brand?post=1630"},{"taxonomy":"product_cat","embeddable":true,"href":"https:\/\/xn--pferdundpftchen-itb.de\/woocommerce\/wp-json\/wp\/v2\/product_cat?post=1630"},{"taxonomy":"product_tag","embeddable":true,"href":"https:\/\/xn--pferdundpftchen-itb.de\/woocommerce\/wp-json\/wp\/v2\/product_tag?post=1630"}],"curies":[{"name":"wp","href":"https:\/\/api.w.org\/{rel}","templated":true}]}}