{"id":1646,"date":"2023-07-09T21:10:57","date_gmt":"2023-07-09T19:10:57","guid":{"rendered":"https:\/\/xn--pferdundpftchen-itb.de\/woocommerce\/?post_type=product&#038;p=1646"},"modified":"2024-11-26T14:05:23","modified_gmt":"2024-11-26T13:05:23","slug":"selen","status":"publish","type":"product","link":"https:\/\/xn--pferdundpftchen-itb.de\/woocommerce\/produkt\/selen\/","title":{"rendered":"Selen"},"content":{"rendered":"<p><strong>Selen \u2013 Der defizit\u00e4re Baustein f\u00fcr Ihr Pferd: Organisches Mikron\u00e4hrstoffprodukt zur gezielten Selenversorgung<\/strong><\/p>\n<p>Ein h\u00e4ufig untersch\u00e4tzter Mangel, der die Gesundheit deines Pferdes ma\u00dfgeblich beeinflussen kann, ist der Selenmangel. Geringe Selengehalte in den B\u00f6den und im Grundfutter sind eine der h\u00e4ufigsten Ursachen f\u00fcr eine unzureichende Selenversorgung. Laut einer aktuellen Studie mit mehr als 380.000 untersuchten Blutproben zeigen \u00fcber 25 % der Pferde in Deutschland einen Selenmangel \u2013 trotz angepasster Referenzwerte.*<\/p>\n<p><strong>Warum ist Selen so wichtig f\u00fcr dein Pferd?<\/strong><\/p>\n<p>Selen spielt eine zentrale Rolle im K\u00f6rper Ihres Pferdes, da es ma\u00dfgeblich an der Funktion des Immunsystems, dem Muskelaufbau und der Schilddr\u00fcsenfunktion beteiligt ist. Es ist zudem eines der wichtigsten Antioxidantien, das zusammen mit Vitamin A, C und E sowie Zink freie Radikale bek\u00e4mpft und Zellsch\u00e4den vorbeugt.<\/p>\n<p><strong>Unser Produkt \u2013 Organisches Selen f\u00fcr eine optimale Verf\u00fcgbarkeit<\/strong><\/p>\n<p>Unser organisches Selen liefert ausschlie\u00dflich spezifische, biologisch hochverf\u00fcgbare Selenkomplexe. Diese Form von Selen gew\u00e4hrleistet eine bestm\u00f6gliche Aufnahme und Verwertung im Organismus deines Pferdes. Durch den gezielten Ausgleich eines Selenmangels unterst\u00fctzt du die Leistungsf\u00e4higkeit, Vitalit\u00e4t und Gesundheit deines Pferdes nachhaltig.<\/p>\n<p><strong>Vorteile auf einen Blick:<\/strong><\/p>\n<ul>\n<li><strong>Gezielte Versorgung<\/strong>: Ausgleich von Selenmangel f\u00fcr eine optimale N\u00e4hrstoffversorgung.<\/li>\n<li><strong>Bessere Verf\u00fcgbarkeit<\/strong>: Organische Selenkomplexe f\u00fcr eine hohe Bioverf\u00fcgbarkeit und schnelle Aufnahme.<\/li>\n<li><strong>F\u00f6rderung der Gesundheit<\/strong>: St\u00e4rkung des Immunsystems, Unterst\u00fctzung des Muskelaufbaus und eine wichtige Rolle bei der Schilddr\u00fcsenfunktion.<\/li>\n<li><strong>Wichtige Antioxidantien<\/strong>: Schutz vor Zellsch\u00e4den durch die antioxidative Wirkung von Selen in Kombination mit Vitamin A, C und E.<\/li>\n<\/ul>\n<p>Gib deinem Pferd die Unterst\u00fctzung, die es braucht \u2013 mit unserem hochwertigen organischen Selen, das speziell entwickelt wurde, um die Selenversorgung deines Pferdes zu optimieren. Verhilf deinem Pferd zu mehr Vitalit\u00e4t, besserer Leistung und langfristiger Gesundheit!<\/p>\n<p>*Quelle: Aktuelle Studie mit \u00fcber 380.000 untersuchten Blutproben, 2023.<\/p>\n<p>&nbsp;<\/p>\n<p>Zusammensetzung: Bierhefe, Karotten, Gelbwurz (Curcuma longa), Sojamehl, Leinsamen, Pflanzen\u00f6l (Leinsamen, kaltgepresst)<\/p>\n<p>Inhaltsstoffe: Rohprotein 19,50 %, Rohfett 11,40 %, Rohfaser 6,30 %, Rohasche 8,10 %, Natrium 0,09 %<\/p>\n<p>F\u00fctterungsempfehlung: T\u00e4glich 1 gestrichener Messl\u00f6ffel (entspricht 15 g) f\u00fcr ein Pferd mit 600 kg K\u00f6rpergewicht. in schwierigen F\u00e4llen kann die F\u00fctterung auf 1,5 oder 2 Messl\u00f6ffel erh\u00f6ht werden. Zwischen Spurenelementen und Mineralstoffen bestehen Wechselwirkungen. So kann u.U. ein Mangel an anderen Elementen induziert werden. Bei gleichzeitiger F\u00fctterung anderer Elemente hoher Dosierung, sollte die F\u00fctterung \u00fcber den Tag verteilt werden (z.B. orthosal\u00ae Zink morgens, orthosal\u00ae Selen abends). 500g orthosal\u00ae Selen Pulver sind ausreichend f\u00fcr 33 Tage.<\/p>\n<p>Empfohlene F\u00fctterungsdauer bei Sportpferden:<br \/>\nbis zu 8 Wochen vor sportlicher Anstrengung<br \/>\nbis zu 4 Wochen nach sportlicher Anstrengung.<\/p>\n","protected":false},"excerpt":{"rendered":"<p>Selen \u2013 Der defizit\u00e4re Baustein f\u00fcr Ihr Pferd: Organisches Mikron\u00e4hrstoffprodukt zur gezielten Selenversorgung Ein h\u00e4ufig untersch\u00e4tzter Mangel, der die Gesundheit deines Pferdes ma\u00dfgeblich beeinflussen kann, ist der Selenmangel. Geringe Selengehalte in den B\u00f6den und im Grundfutter sind eine der h\u00e4ufigsten Ursachen f\u00fcr eine unzureichende Selenversorgung. Laut einer aktuellen Studie mit mehr als 380.000 untersuchten Blutproben [&hellip;]<\/p>\n","protected":false},"featured_media":1642,"comment_status":"open","ping_status":"closed","template":"","meta":[],"product_brand":[],"product_cat":[15,70,53,36],"product_tag":[],"class_list":{"0":"post-1646","1":"product","2":"type-product","3":"status-publish","4":"has-post-thumbnail","6":"product_cat-pferd","7":"product_cat-mineralstoffe-pferd","8":"product_cat-gelenke-bewegungsapparat-pferd","9":"product_cat-immunsystem-pferd","11":"first","12":"instock","13":"taxable","14":"shipping-taxable","15":"purchasable","16":"product-type-simple"},"jetpack_sharing_enabled":true,"_links":{"self":[{"href":"https:\/\/xn--pferdundpftchen-itb.de\/woocommerce\/wp-json\/wp\/v2\/product\/1646","targetHints":{"allow":["GET"]}}],"collection":[{"href":"https:\/\/xn--pferdundpftchen-itb.de\/woocommerce\/wp-json\/wp\/v2\/product"}],"about":[{"href":"https:\/\/xn--pferdundpftchen-itb.de\/woocommerce\/wp-json\/wp\/v2\/types\/product"}],"replies":[{"embeddable":true,"href":"https:\/\/xn--pferdundpftchen-itb.de\/woocommerce\/wp-json\/wp\/v2\/comments?post=1646"}],"wp:featuredmedia":[{"embeddable":true,"href":"https:\/\/xn--pferdundpftchen-itb.de\/woocommerce\/wp-json\/wp\/v2\/media\/1642"}],"wp:attachment":[{"href":"https:\/\/xn--pferdundpftchen-itb.de\/woocommerce\/wp-json\/wp\/v2\/media?parent=1646"}],"wp:term":[{"taxonomy":"product_brand","embeddable":true,"href":"https:\/\/xn--pferdundpftchen-itb.de\/woocommerce\/wp-json\/wp\/v2\/product_brand?post=1646"},{"taxonomy":"product_cat","embeddable":true,"href":"https:\/\/xn--pferdundpftchen-itb.de\/woocommerce\/wp-json\/wp\/v2\/product_cat?post=1646"},{"taxonomy":"product_tag","embeddable":true,"href":"https:\/\/xn--pferdundpftchen-itb.de\/woocommerce\/wp-json\/wp\/v2\/product_tag?post=1646"}],"curies":[{"name":"wp","href":"https:\/\/api.w.org\/{rel}","templated":true}]}}