{"id":1647,"date":"2023-07-09T21:14:03","date_gmt":"2023-07-09T19:14:03","guid":{"rendered":"https:\/\/xn--pferdundpftchen-itb.de\/woocommerce\/?post_type=product&#038;p=1647"},"modified":"2023-07-09T21:14:04","modified_gmt":"2023-07-09T19:14:04","slug":"zink","status":"publish","type":"product","link":"https:\/\/xn--pferdundpftchen-itb.de\/woocommerce\/produkt\/zink\/","title":{"rendered":"Zink"},"content":{"rendered":"<p>Zink f\u00fcr Haut, Immunabwehr und Sinne.<br \/>\nOrganisches Mikron\u00e4hrstoffprodukt zum Ausgleich eines Zinkmangels. Ausschlie\u00dflich spezifische organische Zinkkomplexe f\u00fcr eine bestm\u00f6gliche Verf\u00fcgbarkeit im Organismus.<\/p>\n<p>Die nat\u00fcrliche S\u00fc\u00dfe (Stevioside) der Steviabl\u00e4tter verbessert die Schmackhaftigkeit! Stevioside bewirken keine Erh\u00f6hung des Blutzuckerspiegels, der rein pflanzliche S\u00fc\u00dfstoff ist auch unbedenklich f\u00fcr Pferde mit metabolischen Erkrankungen.<\/p>\n<p>Zink wird in zahlreichen Enzymsystemen als Cofaktor ben\u00f6tigt und ist in weit \u00fcber 200 Proteinen als integraler Bestandteil enthalten. Ca. 50-60% der Zinkvorkommen im K\u00f6rper sind in Muskelgewebe gespeichert. Der Stoffwechsel von Fetten und Kohlenhydraten, die Synthese von Hormonen (Insulin, Wachstums- und Sexualhormone), Zellneubildung, epidermale Hautbarriere und Wundheilung aber auch Sehkraft und eine gesunde Immunabwehr sind abh\u00e4ngig von einer ad\u00e4quaten Zinkversorgung.<\/p>\n<p>Zusammensetzung: Bierhefe, Karotten, Leinsamen, Anis, Spinat, Pflanzen\u00f6l (Leinsamen, kaltgepresst), Steviabl\u00e4tter (gemahlen)<\/p>\n<p>Inhaltsstoffe: Rohprotein 14,80 %, Rohfett 11,80 %, Rohfaser 4,10 %, Rohasche 9,80 %, Natrium 0,06 %, Methionin 0,00 %<\/p>\n<p>F\u00fctterungsempfehlung: T\u00e4glich 1 gestrichener Messl\u00f6ffel (entspricht 15 g) f\u00fcr ein Pferd mit 600 kg K\u00f6rpergewicht. In schwierigen F\u00e4llen kann die F\u00fctterung auf 1,5 oder 2 Messl\u00f6ffel pro Tag erh\u00f6ht werden. Zwischen Spurenelementen und Mineralstoffen bestehen Wechselwirkungen. So kann u.U. ein Mangel an anderen Elementen induziert werden. Bei gleichzeitiger F\u00fctterung anderer Elemente hoher Dosierung, sollte die F\u00fctterung \u00fcber den Tag verteilt werden (z.B. orthosal\u00ae Zink morgens, orthosal\u00ae Selen abends).<\/p>\n<p>Dieses Di\u00e4t-Erg\u00e4nzungsfuttermittel darf aufgrund des, gegen\u00fcber Alleinfuttermitteln erh\u00f6hten, Gehaltes an Spurenelementen nur an Pferde bis zu 0,30 % der Gesamttagesration verf\u00fcttert werden.<\/p>\n","protected":false},"excerpt":{"rendered":"<p>Zink f\u00fcr Haut, Immunabwehr und Sinne. Organisches Mikron\u00e4hrstoffprodukt zum Ausgleich eines Zinkmangels. Ausschlie\u00dflich spezifische organische Zinkkomplexe f\u00fcr eine bestm\u00f6gliche Verf\u00fcgbarkeit im Organismus. Die nat\u00fcrliche S\u00fc\u00dfe (Stevioside) der Steviabl\u00e4tter verbessert die Schmackhaftigkeit! Stevioside bewirken keine Erh\u00f6hung des Blutzuckerspiegels, der rein pflanzliche S\u00fc\u00dfstoff ist auch unbedenklich f\u00fcr Pferde mit metabolischen Erkrankungen. Zink wird in zahlreichen Enzymsystemen als [&hellip;]<\/p>\n","protected":false},"featured_media":1645,"comment_status":"open","ping_status":"closed","template":"","meta":[],"product_brand":[],"product_cat":[15,70,46,36],"product_tag":[],"class_list":{"0":"post-1647","1":"product","2":"type-product","3":"status-publish","4":"has-post-thumbnail","6":"product_cat-pferd","7":"product_cat-mineralstoffe-pferd","8":"product_cat-haut-fell-pferd","9":"product_cat-immunsystem-pferd","11":"first","12":"instock","13":"taxable","14":"shipping-taxable","15":"purchasable","16":"product-type-simple"},"jetpack_sharing_enabled":true,"_links":{"self":[{"href":"https:\/\/xn--pferdundpftchen-itb.de\/woocommerce\/wp-json\/wp\/v2\/product\/1647","targetHints":{"allow":["GET"]}}],"collection":[{"href":"https:\/\/xn--pferdundpftchen-itb.de\/woocommerce\/wp-json\/wp\/v2\/product"}],"about":[{"href":"https:\/\/xn--pferdundpftchen-itb.de\/woocommerce\/wp-json\/wp\/v2\/types\/product"}],"replies":[{"embeddable":true,"href":"https:\/\/xn--pferdundpftchen-itb.de\/woocommerce\/wp-json\/wp\/v2\/comments?post=1647"}],"wp:featuredmedia":[{"embeddable":true,"href":"https:\/\/xn--pferdundpftchen-itb.de\/woocommerce\/wp-json\/wp\/v2\/media\/1645"}],"wp:attachment":[{"href":"https:\/\/xn--pferdundpftchen-itb.de\/woocommerce\/wp-json\/wp\/v2\/media?parent=1647"}],"wp:term":[{"taxonomy":"product_brand","embeddable":true,"href":"https:\/\/xn--pferdundpftchen-itb.de\/woocommerce\/wp-json\/wp\/v2\/product_brand?post=1647"},{"taxonomy":"product_cat","embeddable":true,"href":"https:\/\/xn--pferdundpftchen-itb.de\/woocommerce\/wp-json\/wp\/v2\/product_cat?post=1647"},{"taxonomy":"product_tag","embeddable":true,"href":"https:\/\/xn--pferdundpftchen-itb.de\/woocommerce\/wp-json\/wp\/v2\/product_tag?post=1647"}],"curies":[{"name":"wp","href":"https:\/\/api.w.org\/{rel}","templated":true}]}}