{"id":1650,"date":"2023-07-09T21:16:27","date_gmt":"2023-07-09T19:16:27","guid":{"rendered":"https:\/\/xn--pferdundpftchen-itb.de\/woocommerce\/?post_type=product&#038;p=1650"},"modified":"2025-01-25T18:29:49","modified_gmt":"2025-01-25T17:29:49","slug":"kupfer","status":"publish","type":"product","link":"https:\/\/xn--pferdundpftchen-itb.de\/woocommerce\/produkt\/kupfer\/","title":{"rendered":"Kupfer"},"content":{"rendered":"<p><strong>Kupfer von Navalis \u2013 F\u00fcr gesunde Haut, Fell und Sehnen<\/strong><\/p>\n<p>Kupfer von Navalis ist ein organisches Mikron\u00e4hrstoffprodukt, das speziell entwickelt wurde, um einen m\u00f6glichen Kupfermangel bei Deinem Pferd auszugleichen. Es enth\u00e4lt ausschlie\u00dflich spezifische organische Kupferkomplexe, die eine bestm\u00f6gliche Verf\u00fcgbarkeit und Aufnahme im Organismus gew\u00e4hrleisten, damit Dein Pferd von den positiven Eigenschaften dieses essentiellen Spurenelements optimal profitiert.<\/p>\n<p>Kupfer spielt eine wichtige Rolle f\u00fcr die Gesundheit von Haut und Fell, aber auch f\u00fcr die Stabilit\u00e4t der Sehnen und B\u00e4nder. Ein Mangel an Kupfer tritt besonders h\u00e4ufig in kupferarmen Regionen wie K\u00fcsten- und Flussgebieten, Marschb\u00f6den und Mooren auf. Anzeichen f\u00fcr Kupfermangel k\u00f6nnen farbliche Abweichungen der Fellfarbe (wie Grauwerden oder R\u00f6tung dunkel-pigmentierter Haare) oder Pigmentst\u00f6rungen wie die sogenannte \u201eKupferbrille\u201c sein.<\/p>\n<p>Mit Kupfer von Navalis kannst Du sicherstellen, dass Dein Pferd ausreichend mit diesem wichtigen N\u00e4hrstoff versorgt ist \u2013 f\u00fcr ein gl\u00e4nzendes Fell und starke Sehnen und B\u00e4nder.<\/p>\n<p>Zusammensetzung: Bierhefe, Karotten, Rote Beete, Sojamehl, Leinsamen, Pflanzen\u00f6l (Leinsamen, kaltgepresst)<\/p>\n<p>Inhaltsstoffe: Rohprotein 18,70 %, Rohfett 9,30 %, Rohfaser 6,40 %, Rohasche 4,70 %, Natrium 0,08 %<\/p>\n<p>F\u00fctterungsempfehlung: T\u00e4glich 2 gestrichene Messl\u00f6ffel (entspricht 20 g) f\u00fcr ein Pferd mit 600 kg K\u00f6rpergewicht. Zwischen Spurenelementen und Mineralstoffen bestehen Wechselwirkungen. So kann u. U. ein Mangel an anderen Elementen induziert werden. Bei gleichzeitiger F\u00fctterung anderer Elemente hoher Dosierung, sollte die F\u00fctterung \u00fcber den Tag verteilt werden.<\/p>\n<p>Dieses Erg\u00e4nzungsfuttermittel darf aufgrund des, gegen\u00fcber Alleinfuttermitteln erh\u00f6hten, Gehaltes an Spurenelementen nur an Pferde bis zu 1,25 % der Gesamttagesration verf\u00fcttert werden.<\/p>\n","protected":false},"excerpt":{"rendered":"<p>Kupfer von Navalis \u2013 F\u00fcr gesunde Haut, Fell und Sehnen Kupfer von Navalis ist ein organisches Mikron\u00e4hrstoffprodukt, das speziell entwickelt wurde, um einen m\u00f6glichen Kupfermangel bei Deinem Pferd auszugleichen. Es enth\u00e4lt ausschlie\u00dflich spezifische organische Kupferkomplexe, die eine bestm\u00f6gliche Verf\u00fcgbarkeit und Aufnahme im Organismus gew\u00e4hrleisten, damit Dein Pferd von den positiven Eigenschaften dieses essentiellen Spurenelements optimal [&hellip;]<\/p>\n","protected":false},"featured_media":1637,"comment_status":"open","ping_status":"closed","template":"","meta":[],"product_brand":[],"product_cat":[15,70,53,46],"product_tag":[],"class_list":{"0":"post-1650","1":"product","2":"type-product","3":"status-publish","4":"has-post-thumbnail","6":"product_cat-pferd","7":"product_cat-mineralstoffe-pferd","8":"product_cat-gelenke-bewegungsapparat-pferd","9":"product_cat-haut-fell-pferd","11":"first","12":"instock","13":"taxable","14":"shipping-taxable","15":"purchasable","16":"product-type-simple"},"jetpack_sharing_enabled":true,"_links":{"self":[{"href":"https:\/\/xn--pferdundpftchen-itb.de\/woocommerce\/wp-json\/wp\/v2\/product\/1650","targetHints":{"allow":["GET"]}}],"collection":[{"href":"https:\/\/xn--pferdundpftchen-itb.de\/woocommerce\/wp-json\/wp\/v2\/product"}],"about":[{"href":"https:\/\/xn--pferdundpftchen-itb.de\/woocommerce\/wp-json\/wp\/v2\/types\/product"}],"replies":[{"embeddable":true,"href":"https:\/\/xn--pferdundpftchen-itb.de\/woocommerce\/wp-json\/wp\/v2\/comments?post=1650"}],"wp:featuredmedia":[{"embeddable":true,"href":"https:\/\/xn--pferdundpftchen-itb.de\/woocommerce\/wp-json\/wp\/v2\/media\/1637"}],"wp:attachment":[{"href":"https:\/\/xn--pferdundpftchen-itb.de\/woocommerce\/wp-json\/wp\/v2\/media?parent=1650"}],"wp:term":[{"taxonomy":"product_brand","embeddable":true,"href":"https:\/\/xn--pferdundpftchen-itb.de\/woocommerce\/wp-json\/wp\/v2\/product_brand?post=1650"},{"taxonomy":"product_cat","embeddable":true,"href":"https:\/\/xn--pferdundpftchen-itb.de\/woocommerce\/wp-json\/wp\/v2\/product_cat?post=1650"},{"taxonomy":"product_tag","embeddable":true,"href":"https:\/\/xn--pferdundpftchen-itb.de\/woocommerce\/wp-json\/wp\/v2\/product_tag?post=1650"}],"curies":[{"name":"wp","href":"https:\/\/api.w.org\/{rel}","templated":true}]}}