{"id":1651,"date":"2023-07-09T21:18:26","date_gmt":"2023-07-09T19:18:26","guid":{"rendered":"https:\/\/xn--pferdundpftchen-itb.de\/woocommerce\/?post_type=product&#038;p=1651"},"modified":"2025-01-25T18:31:13","modified_gmt":"2025-01-25T17:31:13","slug":"mangan","status":"publish","type":"product","link":"https:\/\/xn--pferdundpftchen-itb.de\/woocommerce\/produkt\/mangan\/","title":{"rendered":"Mangan"},"content":{"rendered":"<p><strong>Mangan von Navalis \u2013 Das untersch\u00e4tzte Multitalent f\u00fcr die Gesundheit Deines Pferdes<\/strong><\/p>\n<p>Mangan von Navalis ist ein organisches Mikron\u00e4hrstoffprodukt, das speziell entwickelt wurde, um einen m\u00f6glichen Manganmangel bei Deinem Pferd auszugleichen. Es enth\u00e4lt ausschlie\u00dflich spezifische organische Mangankomplexe, die eine bestm\u00f6gliche Verf\u00fcgbarkeit und Aufnahme im Organismus gew\u00e4hrleisten, sodass Dein Pferd von diesem wichtigen Spurenelement optimal profitieren kann.<\/p>\n<p>Ein Manganmangel tritt h\u00e4ufig auf, da nur ca. 1 % des im Futter enthaltenen Mangans vom Pferd resorbiert werden kann. Als Cofaktor vieler Enzymsysteme sch\u00fctzt Mangan vor freien Radikalen und spielt eine zentrale Rolle im Stoffwechsel von Fetten, Kohlenhydraten und Aminos\u00e4uren. So tr\u00e4gt Mangan wesentlich zum gesunden Knochen- und Knorpelwachstum sowie zum Muskel- und Sehnenstoffwechsel bei.<\/p>\n<p>Mit Mangan von Navalis kannst Du sicherstellen, dass Dein Pferd optimal mit diesem wichtigen N\u00e4hrstoff versorgt ist \u2013 f\u00fcr gesunde Knochen, starke Muskeln und eine stabile Gelenkstruktur.<\/p>\n<p>Zusammensetzung: Bierhefe, Leinsamen, Karotten, Sojamehl, Pflanzen\u00f6l (Leinsamen, kaltgepresst)<\/p>\n<p>Inhaltsstoffe: Rohprotein 19,50 %, Rohfett 6,80 %, Rohfaser 6,60 %, Rohasche 7,20 %, Natrium 0,10 %<\/p>\n<p>F\u00fctterungsempfehlung: T\u00e4glich 1-2 Messl\u00f6ffel (entspricht 10-15 g) f\u00fcr ein Pferd mit 600 kg K\u00f6rpergewicht. Zwischen Spurenelementen und Mineralstoffen bestehen Wechselwirkungen. So kann u. U. ein Mangel an anderen Elementen induziert werden. Bei gleichzeitiger F\u00fctterung anderer Elemente hoher Dosierung, sollte die F\u00fctterung \u00fcber den Tag verteilt werden.<\/p>\n<p>Dieses Erg\u00e4nzungsfuttermittel darf aufgrund des, gegen\u00fcber Alleinfuttermitteln erh\u00f6hten, Gehaltes an Spurenelementen nur an Pferde bis zu 1,0 % der Gesamttagesration verf\u00fcttert werden.<\/p>\n","protected":false},"excerpt":{"rendered":"<p>Mangan von Navalis \u2013 Das untersch\u00e4tzte Multitalent f\u00fcr die Gesundheit Deines Pferdes Mangan von Navalis ist ein organisches Mikron\u00e4hrstoffprodukt, das speziell entwickelt wurde, um einen m\u00f6glichen Manganmangel bei Deinem Pferd auszugleichen. Es enth\u00e4lt ausschlie\u00dflich spezifische organische Mangankomplexe, die eine bestm\u00f6gliche Verf\u00fcgbarkeit und Aufnahme im Organismus gew\u00e4hrleisten, sodass Dein Pferd von diesem wichtigen Spurenelement optimal profitieren [&hellip;]<\/p>\n","protected":false},"featured_media":1639,"comment_status":"open","ping_status":"closed","template":"","meta":[],"product_brand":[],"product_cat":[15,70,53],"product_tag":[],"class_list":{"0":"post-1651","1":"product","2":"type-product","3":"status-publish","4":"has-post-thumbnail","6":"product_cat-pferd","7":"product_cat-mineralstoffe-pferd","8":"product_cat-gelenke-bewegungsapparat-pferd","10":"first","11":"instock","12":"taxable","13":"shipping-taxable","14":"purchasable","15":"product-type-simple"},"jetpack_sharing_enabled":true,"_links":{"self":[{"href":"https:\/\/xn--pferdundpftchen-itb.de\/woocommerce\/wp-json\/wp\/v2\/product\/1651","targetHints":{"allow":["GET"]}}],"collection":[{"href":"https:\/\/xn--pferdundpftchen-itb.de\/woocommerce\/wp-json\/wp\/v2\/product"}],"about":[{"href":"https:\/\/xn--pferdundpftchen-itb.de\/woocommerce\/wp-json\/wp\/v2\/types\/product"}],"replies":[{"embeddable":true,"href":"https:\/\/xn--pferdundpftchen-itb.de\/woocommerce\/wp-json\/wp\/v2\/comments?post=1651"}],"wp:featuredmedia":[{"embeddable":true,"href":"https:\/\/xn--pferdundpftchen-itb.de\/woocommerce\/wp-json\/wp\/v2\/media\/1639"}],"wp:attachment":[{"href":"https:\/\/xn--pferdundpftchen-itb.de\/woocommerce\/wp-json\/wp\/v2\/media?parent=1651"}],"wp:term":[{"taxonomy":"product_brand","embeddable":true,"href":"https:\/\/xn--pferdundpftchen-itb.de\/woocommerce\/wp-json\/wp\/v2\/product_brand?post=1651"},{"taxonomy":"product_cat","embeddable":true,"href":"https:\/\/xn--pferdundpftchen-itb.de\/woocommerce\/wp-json\/wp\/v2\/product_cat?post=1651"},{"taxonomy":"product_tag","embeddable":true,"href":"https:\/\/xn--pferdundpftchen-itb.de\/woocommerce\/wp-json\/wp\/v2\/product_tag?post=1651"}],"curies":[{"name":"wp","href":"https:\/\/api.w.org\/{rel}","templated":true}]}}