{"id":1652,"date":"2023-07-09T21:20:25","date_gmt":"2023-07-09T19:20:25","guid":{"rendered":"https:\/\/xn--pferdundpftchen-itb.de\/woocommerce\/?post_type=product&#038;p=1652"},"modified":"2025-01-25T18:32:20","modified_gmt":"2025-01-25T17:32:20","slug":"calcium","status":"publish","type":"product","link":"https:\/\/xn--pferdundpftchen-itb.de\/woocommerce\/produkt\/calcium\/","title":{"rendered":"Calcium"},"content":{"rendered":"<p><strong>Calcium von Navalis \u2013 Botenstoff f\u00fcr gesunde Knochen und Muskeln<\/strong><\/p>\n<p>Calcium von Navalis ist ein organisches Mikron\u00e4hrstoffprodukt, das speziell entwickelt wurde, um einen m\u00f6glichen Calciummangel bei Deinem Pferd auszugleichen. Es enth\u00e4lt ausschlie\u00dflich spezifische organische Calciumkomplexe, die eine bestm\u00f6gliche Verf\u00fcgbarkeit und Aufnahme im Organismus gew\u00e4hrleisten, sodass Dein Pferd optimal von diesem wichtigen Spurenelement profitieren kann.<\/p>\n<p>Die Calcium-Gehalte im Wiesenheu und Stroh sinken seit Jahren, w\u00e4hrend gleichzeitig die Phosphorgehalte steigen. Zudem hemmen Phytate und Oxalate in Getreide, Kleie und Leguminosen die Calciumresorption. Calcium ist jedoch entscheidend f\u00fcr eine gesunde Knochen-, Knorpel- und Muskelbildung, besonders w\u00e4hrend des Wachstums, und findet auch unterst\u00fctzende Anwendung bei Allergien. Als Gegenspieler von Magnesium wirkt es zudem auf die Erregungsleitung der Nerven und die Muskelaktivit\u00e4t, was zu einer stabilen K\u00f6rperfunktion beitr\u00e4gt.<\/p>\n<p>Mit Calcium von Navalis stellst Du sicher, dass Dein Pferd in allen Lebensphasen optimal mit diesem wichtigen N\u00e4hrstoff versorgt wird \u2013 f\u00fcr starke Knochen, gesunde Muskeln und eine stabile Nervenfunktion.<\/p>\n<p>Zusammensetzung: Calciumcarbonat, Sojamehl, Bierhefe, Leinsamen, Pflanzen\u00f6l (Leinsamen, kalt gepresst), Anis<\/p>\n<p>Inhaltsstoffe: Rohprotein 10,80 %, Rohfett 13,20 %, Rohfaser 2,50 %, Rohasche 36,70 %, Natrium 0,01 %<\/p>\n<p>F\u00fctterungsempfehlung: T\u00e4glich 2 Messl\u00f6ffel (entspricht 30 g) f\u00fcr ein Pferd mit 600 kg K\u00f6rpergewicht. Zwischen Spurenelementen und Mineralstoffen bestehen Wechselwirkungen. So kann u.U. ein Mangel an anderen Elementen induziert werden. Bei gleichzeitiger F\u00fctterung anderer Elemente hoher Dosierung, sollte die F\u00fctterung \u00fcber den Tag verteilt werden.<\/p>\n","protected":false},"excerpt":{"rendered":"<p>Calcium von Navalis \u2013 Botenstoff f\u00fcr gesunde Knochen und Muskeln Calcium von Navalis ist ein organisches Mikron\u00e4hrstoffprodukt, das speziell entwickelt wurde, um einen m\u00f6glichen Calciummangel bei Deinem Pferd auszugleichen. Es enth\u00e4lt ausschlie\u00dflich spezifische organische Calciumkomplexe, die eine bestm\u00f6gliche Verf\u00fcgbarkeit und Aufnahme im Organismus gew\u00e4hrleisten, sodass Dein Pferd optimal von diesem wichtigen Spurenelement profitieren kann. Die [&hellip;]<\/p>\n","protected":false},"featured_media":1633,"comment_status":"open","ping_status":"closed","template":"","meta":[],"product_brand":[],"product_cat":[15,70,53],"product_tag":[],"class_list":{"0":"post-1652","1":"product","2":"type-product","3":"status-publish","4":"has-post-thumbnail","6":"product_cat-pferd","7":"product_cat-mineralstoffe-pferd","8":"product_cat-gelenke-bewegungsapparat-pferd","10":"first","11":"instock","12":"taxable","13":"shipping-taxable","14":"purchasable","15":"product-type-simple"},"jetpack_sharing_enabled":true,"_links":{"self":[{"href":"https:\/\/xn--pferdundpftchen-itb.de\/woocommerce\/wp-json\/wp\/v2\/product\/1652","targetHints":{"allow":["GET"]}}],"collection":[{"href":"https:\/\/xn--pferdundpftchen-itb.de\/woocommerce\/wp-json\/wp\/v2\/product"}],"about":[{"href":"https:\/\/xn--pferdundpftchen-itb.de\/woocommerce\/wp-json\/wp\/v2\/types\/product"}],"replies":[{"embeddable":true,"href":"https:\/\/xn--pferdundpftchen-itb.de\/woocommerce\/wp-json\/wp\/v2\/comments?post=1652"}],"wp:featuredmedia":[{"embeddable":true,"href":"https:\/\/xn--pferdundpftchen-itb.de\/woocommerce\/wp-json\/wp\/v2\/media\/1633"}],"wp:attachment":[{"href":"https:\/\/xn--pferdundpftchen-itb.de\/woocommerce\/wp-json\/wp\/v2\/media?parent=1652"}],"wp:term":[{"taxonomy":"product_brand","embeddable":true,"href":"https:\/\/xn--pferdundpftchen-itb.de\/woocommerce\/wp-json\/wp\/v2\/product_brand?post=1652"},{"taxonomy":"product_cat","embeddable":true,"href":"https:\/\/xn--pferdundpftchen-itb.de\/woocommerce\/wp-json\/wp\/v2\/product_cat?post=1652"},{"taxonomy":"product_tag","embeddable":true,"href":"https:\/\/xn--pferdundpftchen-itb.de\/woocommerce\/wp-json\/wp\/v2\/product_tag?post=1652"}],"curies":[{"name":"wp","href":"https:\/\/api.w.org\/{rel}","templated":true}]}}