{"id":1654,"date":"2023-07-09T21:25:04","date_gmt":"2023-07-09T19:25:04","guid":{"rendered":"https:\/\/xn--pferdundpftchen-itb.de\/woocommerce\/?post_type=product&#038;p=1654"},"modified":"2025-01-25T18:34:20","modified_gmt":"2025-01-25T17:34:20","slug":"magnesium","status":"publish","type":"product","link":"https:\/\/xn--pferdundpftchen-itb.de\/woocommerce\/produkt\/magnesium\/","title":{"rendered":"Magnesium"},"content":{"rendered":"<p><strong>Magnesium von Navalis \u2013 F\u00fcr gesunde Knochen, Muskeln und Nerven<\/strong><\/p>\n<p>Magnesium von Navalis ist ein organisches Mikron\u00e4hrstoffprodukt, das speziell entwickelt wurde, um einen m\u00f6glichen Magnesiummangel bei Deinem Pferd auszugleichen. Es enth\u00e4lt ausschlie\u00dflich spezifische organische Magnesiumkomplexe, die eine bestm\u00f6gliche Verf\u00fcgbarkeit und Aufnahme im Organismus gew\u00e4hrleisten, damit Dein Pferd optimal von diesem wichtigen Spurenelement profitieren kann.<\/p>\n<p>Magnesium spielt eine zentrale Rolle im K\u00f6rper Deines Pferdes, da es als Cofaktor in ca. 300 verschiedenen Enzymreaktionen fast alle Stoffwechselprozesse beeinflusst. Es setzt als Gegenspieler von Calcium die Erregbarkeit von Nerven und Muskeln herab, was zur Stressreduktion beitr\u00e4gt. Gleichzeitig bestimmt Magnesium die Elastizit\u00e4t der Knochen, spielt eine wichtige Rolle bei der Regulierung des Blutzuckerspiegels, hilft, den Herzrhythmus zu stabilisieren, und sorgt im Muskelstoffwechsel f\u00fcr die Freisetzung von Energie.<\/p>\n<p>Mit Magnesium von Navalis kannst Du sicherstellen, dass Dein Pferd optimal mit diesem essentiellen Spurenelement versorgt ist \u2013 f\u00fcr starke Knochen, eine entspannte Muskulatur und eine stabile Nervenfunktion.<\/p>\n<p>Zusammensetzung: Magnesiumcitrat, Sojamehl, Bierhefe, Magnesiumoxid, Leinsamen, Pflanzen\u00f6l (Leinsamen, kaltgepresst)<\/p>\n<p>Inhaltsstoffe: Rohprotein 10,50 %, Rohfett 7,10 %, Rohfaser 2,00 %, Rohasche 31,00 %, Natrium 0,01 %, Magnesium 15,00 %<\/p>\n<p>F\u00fctterungsempfehlung: T\u00e4glich 2 Messl\u00f6ffel (entspricht 30 g) f\u00fcr ein Pferd mit 600 kg K\u00f6rpergewicht.<\/p>\n","protected":false},"excerpt":{"rendered":"<p>Magnesium von Navalis \u2013 F\u00fcr gesunde Knochen, Muskeln und Nerven Magnesium von Navalis ist ein organisches Mikron\u00e4hrstoffprodukt, das speziell entwickelt wurde, um einen m\u00f6glichen Magnesiummangel bei Deinem Pferd auszugleichen. Es enth\u00e4lt ausschlie\u00dflich spezifische organische Magnesiumkomplexe, die eine bestm\u00f6gliche Verf\u00fcgbarkeit und Aufnahme im Organismus gew\u00e4hrleisten, damit Dein Pferd optimal von diesem wichtigen Spurenelement profitieren kann. Magnesium [&hellip;]<\/p>\n","protected":false},"featured_media":1638,"comment_status":"open","ping_status":"closed","template":"","meta":[],"product_brand":[],"product_cat":[15,70,53,59,56],"product_tag":[],"class_list":{"0":"post-1654","1":"product","2":"type-product","3":"status-publish","4":"has-post-thumbnail","6":"product_cat-pferd","7":"product_cat-mineralstoffe-pferd","8":"product_cat-gelenke-bewegungsapparat-pferd","9":"product_cat-herz-kreislauf-pferd","10":"product_cat-nerven-stress-pferd","12":"first","13":"instock","14":"taxable","15":"shipping-taxable","16":"purchasable","17":"product-type-simple"},"jetpack_sharing_enabled":true,"_links":{"self":[{"href":"https:\/\/xn--pferdundpftchen-itb.de\/woocommerce\/wp-json\/wp\/v2\/product\/1654","targetHints":{"allow":["GET"]}}],"collection":[{"href":"https:\/\/xn--pferdundpftchen-itb.de\/woocommerce\/wp-json\/wp\/v2\/product"}],"about":[{"href":"https:\/\/xn--pferdundpftchen-itb.de\/woocommerce\/wp-json\/wp\/v2\/types\/product"}],"replies":[{"embeddable":true,"href":"https:\/\/xn--pferdundpftchen-itb.de\/woocommerce\/wp-json\/wp\/v2\/comments?post=1654"}],"wp:featuredmedia":[{"embeddable":true,"href":"https:\/\/xn--pferdundpftchen-itb.de\/woocommerce\/wp-json\/wp\/v2\/media\/1638"}],"wp:attachment":[{"href":"https:\/\/xn--pferdundpftchen-itb.de\/woocommerce\/wp-json\/wp\/v2\/media?parent=1654"}],"wp:term":[{"taxonomy":"product_brand","embeddable":true,"href":"https:\/\/xn--pferdundpftchen-itb.de\/woocommerce\/wp-json\/wp\/v2\/product_brand?post=1654"},{"taxonomy":"product_cat","embeddable":true,"href":"https:\/\/xn--pferdundpftchen-itb.de\/woocommerce\/wp-json\/wp\/v2\/product_cat?post=1654"},{"taxonomy":"product_tag","embeddable":true,"href":"https:\/\/xn--pferdundpftchen-itb.de\/woocommerce\/wp-json\/wp\/v2\/product_tag?post=1654"}],"curies":[{"name":"wp","href":"https:\/\/api.w.org\/{rel}","templated":true}]}}