{"id":1656,"date":"2023-07-09T21:27:02","date_gmt":"2023-07-09T19:27:02","guid":{"rendered":"https:\/\/xn--pferdundpftchen-itb.de\/woocommerce\/?post_type=product&#038;p=1656"},"modified":"2025-01-25T18:35:29","modified_gmt":"2025-01-25T17:35:29","slug":"vitamin-e","status":"publish","type":"product","link":"https:\/\/xn--pferdundpftchen-itb.de\/woocommerce\/produkt\/vitamin-e\/","title":{"rendered":"Vitamin E"},"content":{"rendered":"<p><strong>Vitamin E von Navalis \u2013 Das Zellschutz-Vitamin f\u00fcr Dein Pferd<\/strong><\/p>\n<p>Vitamin E von Navalis ist ein organisches Mikron\u00e4hrstoffprodukt, das speziell entwickelt wurde, um einen m\u00f6glichen Vitamin E-Mangel bei Deinem Pferd auszugleichen. Es enth\u00e4lt ausschlie\u00dflich spezifische organische Vitamin E-Komplexe, die eine bestm\u00f6gliche Verf\u00fcgbarkeit und Aufnahme im Organismus sicherstellen.<\/p>\n<p>Vitamin E ist eines der wichtigsten Vitamine f\u00fcr die Funktion des antioxidativen Schutzsystems. Zusammen mit dem Spurenelement Selen sch\u00fctzt es Zellmembranen vor sch\u00e4dlichen freien Radikalen und sorgt so f\u00fcr den Zellschutz. Besonders bei \u00e4lteren Pferden oder w\u00e4hrend der Wintermonate kann der Bedarf an Vitamin E steigen. Aber auch unabh\u00e4ngig vom Alter tr\u00e4gt die zus\u00e4tzliche Gabe von Vitamin E zur allgemeinen Boosterung des Stoffwechsels und des Immunsystems bei.<\/p>\n<p>Da die Gehalte an Vitamin E im Heu durch Trocknung und Lagerung innerhalb von 6 Monaten rapide abnehmen, kann ein zus\u00e4tzlicher Bedarf entstehen. Mit Vitamin E von Navalis versorgst Du Dein Pferd optimal mit diesem wichtigen Zellschutz-Vitamin \u2013 f\u00fcr ein starkes Immunsystem und gesunde Zellen.<\/p>\n<p>Zusammensetzung: Karotten, Leinsamen, Bierhefe, Sojamehl<\/p>\n<p>Inhaltsstoffe: Rohprotein 13,30 %, Rohfett 11,50 %, Rohfaser 11,50 %, Rohasche 7,30 %, Natrium 0,31 %<\/p>\n<p>F\u00fctterungsempfehlung: T\u00e4glich 2 gestrichene Messl\u00f6ffel (entspricht 25 g) f\u00fcr ein Pferd mit 600 kg K\u00f6rpergewicht. Ein dauerhafter Einsatz ist m\u00f6glich. Je nach Bedarfssituation kann die F\u00fctterung auf 3 bis maximal 4 Messl\u00f6ffel t\u00e4glich, idealerweise auf 2 Mahlzeiten verteilt, erh\u00f6ht werden. Bei dauerhafter F\u00fctterung sollte die t\u00e4gliche F\u00fctterung auf 1-2 Messl\u00f6ffel begrenzt bleiben.<\/p>\n","protected":false},"excerpt":{"rendered":"<p>Vitamin E von Navalis \u2013 Das Zellschutz-Vitamin f\u00fcr Dein Pferd Vitamin E von Navalis ist ein organisches Mikron\u00e4hrstoffprodukt, das speziell entwickelt wurde, um einen m\u00f6glichen Vitamin E-Mangel bei Deinem Pferd auszugleichen. Es enth\u00e4lt ausschlie\u00dflich spezifische organische Vitamin E-Komplexe, die eine bestm\u00f6gliche Verf\u00fcgbarkeit und Aufnahme im Organismus sicherstellen. Vitamin E ist eines der wichtigsten Vitamine f\u00fcr [&hellip;]<\/p>\n","protected":false},"featured_media":1644,"comment_status":"open","ping_status":"closed","template":"","meta":[],"product_brand":[],"product_cat":[15,70,36],"product_tag":[],"class_list":{"0":"post-1656","1":"product","2":"type-product","3":"status-publish","4":"has-post-thumbnail","6":"product_cat-pferd","7":"product_cat-mineralstoffe-pferd","8":"product_cat-immunsystem-pferd","10":"first","11":"instock","12":"taxable","13":"shipping-taxable","14":"purchasable","15":"product-type-simple"},"jetpack_sharing_enabled":true,"_links":{"self":[{"href":"https:\/\/xn--pferdundpftchen-itb.de\/woocommerce\/wp-json\/wp\/v2\/product\/1656","targetHints":{"allow":["GET"]}}],"collection":[{"href":"https:\/\/xn--pferdundpftchen-itb.de\/woocommerce\/wp-json\/wp\/v2\/product"}],"about":[{"href":"https:\/\/xn--pferdundpftchen-itb.de\/woocommerce\/wp-json\/wp\/v2\/types\/product"}],"replies":[{"embeddable":true,"href":"https:\/\/xn--pferdundpftchen-itb.de\/woocommerce\/wp-json\/wp\/v2\/comments?post=1656"}],"wp:featuredmedia":[{"embeddable":true,"href":"https:\/\/xn--pferdundpftchen-itb.de\/woocommerce\/wp-json\/wp\/v2\/media\/1644"}],"wp:attachment":[{"href":"https:\/\/xn--pferdundpftchen-itb.de\/woocommerce\/wp-json\/wp\/v2\/media?parent=1656"}],"wp:term":[{"taxonomy":"product_brand","embeddable":true,"href":"https:\/\/xn--pferdundpftchen-itb.de\/woocommerce\/wp-json\/wp\/v2\/product_brand?post=1656"},{"taxonomy":"product_cat","embeddable":true,"href":"https:\/\/xn--pferdundpftchen-itb.de\/woocommerce\/wp-json\/wp\/v2\/product_cat?post=1656"},{"taxonomy":"product_tag","embeddable":true,"href":"https:\/\/xn--pferdundpftchen-itb.de\/woocommerce\/wp-json\/wp\/v2\/product_tag?post=1656"}],"curies":[{"name":"wp","href":"https:\/\/api.w.org\/{rel}","templated":true}]}}